{"id":26279,"date":"2026-03-12T00:24:58","date_gmt":"2026-03-11T23:24:58","guid":{"rendered":"https:\/\/antiquariat-steinbach.com\/rarebooks\/produkt\/uzanne-octave-dictionnaire-bibliophilosophique-typologiqueiconophilesque-bibliopegique-et-bibliotechnique-a-lusage-des-bibliognostes-des-bibliomanes-et-des-bibliophilistins-2\/"},"modified":"2026-03-12T00:24:58","modified_gmt":"2026-03-11T23:24:58","slug":"uzanne-octave-dictionnaire-bibliophilosophique-typologiqueiconophilesque-bibliopegique-et-bibliotechnique-a-lusage-des-bibliognostes-des-bibliomanes-et-des-bibliophilistins","status":"publish","type":"product","link":"https:\/\/antiquariat-steinbach.com\/rarebooks\/produkt\/uzanne-octave-dictionnaire-bibliophilosophique-typologiqueiconophilesque-bibliopegique-et-bibliotechnique-a-lusage-des-bibliognostes-des-bibliomanes-et-des-bibliophilistins\/","title":{"rendered":"Uzanne, Octave. &#8211;  Dictionnaire Bibliophilosophique, typologique,iconophilesque, bibliop\u00e9gique et bibliotechnique \u00e1 l&#8217;usage des Bibliognostes, des Bibliomanes et des Bibliophilistins."},"content":{"rendered":"<p>Paris, Imprim\u00e9 pour les soci\u00e8teresde l&#8217;Acad\u00e9mie des Beaux Livres,Bibliophiles contemporains,  1896.<\/p>\n<p>23,5 : 15,5 cm VIII, 364 p\u00e1ginas, 2 hojas, 31 grabados fuera de texto, adem\u00e1s de numerosas vi\u00f1etas e iniciales decorativas, todas las p\u00e1ginas con florale dise\u00f1os. Juego doble de diferentes cubiertas impresos con dise\u00f1o Art Nouveau colocados en un cubierto  de pergamino Art Nouveau con estampado dorado y relieve, alojado en una caja de lino con dise\u00f1o montado.<\/p>\n<p>4800,00 EUR<\/p>\n","protected":false},"excerpt":{"rendered":"<p>Primera edici\u00f3n, una de 176 ejemplares numerados. Un espl\u00e9ndido himno al mundo de los libros, que analiza, define e ilustra los innumerables aspectos del libro, los coleccionistas, los impresores y vendedores de libros, y los diversos creadores de libros. Las ilustraciones incluyen retratos de bibli\u00f3filos exc\u00e9ntricos, escenarios bibli\u00f3filos t\u00edpicos franceses y representaciones de los distintos creadores de libros, incluidos encuadernadores, ilustradores, iluminadores, impresores, compositores y coloristas a mano. Cada p\u00e1gina est\u00e1 rodeada por un borde floral negro, los bordes de tres p\u00e1ginas se realzan con varios colores aplicados a mano. Una particularidad de este ejemplar es que est\u00e1 cubierto por tres estados de envoltorios ilustrados: el primero es el envoltorio Art Nouveau con un pavo real encima de una pila de libros, firmado &#8222;G. Belville\/96), el segundo envoltorio est\u00e1 impreso en un papel especial plateado y lavanda con una ilustraci\u00f3n Art Nouveau de tres j\u00f3venes leyendo en la portada y una representaci\u00f3n de Eva en un jard\u00edn bibliogr\u00e1fico del Ed\u00e9n en la contraportada, firmado: &#8222;Paul Berthon&#8220;, el tercer envoltorio en gruesa vitela japonesa tiene un hermoso dise\u00f1o floral en varios tonos de verde, firmado &#8222;Feure&#8220;. Enfrente de la p\u00e1gina 20 aparece un interesante grabado que muestra a un escritor enmascarado con una sonrisa seria trabajando en su novela: &#8222;UnAuteur qui d\u00e9sire garder l'&#8220;. anonyme&#8220;. &#8211; Faltan las corbatas de seda; por lo dem\u00e1s, una buena copia de este raro e interesante libro.<\/p>\n","protected":false},"featured_media":26317,"template":"","meta":[],"product_brand":[],"product_cat":[280,95,143,346,914],"product_tag":[],"class_list":{"0":"post-26279","1":"product","2":"type-product","3":"status-publish","4":"has-post-thumbnail","6":"product_cat-bibliographie","7":"product_cat-einbaende","8":"product_cat-francais","9":"product_cat-illustrated-books","10":"product_cat-zvab","12":"first","13":"instock","14":"purchasable","15":"product-type-simple"},"_links":{"self":[{"href":"https:\/\/antiquariat-steinbach.com\/rarebooks\/wp-json\/wp\/v2\/product\/26279","targetHints":{"allow":["GET"]}}],"collection":[{"href":"https:\/\/antiquariat-steinbach.com\/rarebooks\/wp-json\/wp\/v2\/product"}],"about":[{"href":"https:\/\/antiquariat-steinbach.com\/rarebooks\/wp-json\/wp\/v2\/types\/product"}],"version-history":[{"count":1,"href":"https:\/\/antiquariat-steinbach.com\/rarebooks\/wp-json\/wp\/v2\/product\/26279\/revisions"}],"predecessor-version":[{"id":26280,"href":"https:\/\/antiquariat-steinbach.com\/rarebooks\/wp-json\/wp\/v2\/product\/26279\/revisions\/26280"}],"wp:featuredmedia":[{"embeddable":true,"href":"https:\/\/antiquariat-steinbach.com\/rarebooks\/wp-json\/wp\/v2\/media\/26317"}],"wp:attachment":[{"href":"https:\/\/antiquariat-steinbach.com\/rarebooks\/wp-json\/wp\/v2\/media?parent=26279"}],"wp:term":[{"taxonomy":"product_brand","embeddable":true,"href":"https:\/\/antiquariat-steinbach.com\/rarebooks\/wp-json\/wp\/v2\/product_brand?post=26279"},{"taxonomy":"product_cat","embeddable":true,"href":"https:\/\/antiquariat-steinbach.com\/rarebooks\/wp-json\/wp\/v2\/product_cat?post=26279"},{"taxonomy":"product_tag","embeddable":true,"href":"https:\/\/antiquariat-steinbach.com\/rarebooks\/wp-json\/wp\/v2\/product_tag?post=26279"}],"curies":[{"name":"wp","href":"https:\/\/api.w.org\/{rel}","templated":true}]}}