{"id":26263,"date":"2026-03-12T00:18:35","date_gmt":"2026-03-11T23:18:35","guid":{"rendered":"https:\/\/antiquariat-steinbach.com\/rarebooks\/produkt\/paulsen-hermann-christian-herausgeber-zuverlaessige-nachrichten-vom-ackerbau-der-morgenlaender-zur-erlaeuterung-einiger-schriftstellen-aus-morgenlaendischen-reisebeschreibungen-gesammelt-und\/"},"modified":"2026-03-12T00:18:36","modified_gmt":"2026-03-11T23:18:36","slug":"paulsen-hermann-christian-herausgeber-zuverlaessige-nachrichten-vom-ackerbau-der-morgenlaender-zur-erlaeuterung-einiger-schriftstellen-aus-morgenlaendischen-reisebeschreibungen-gesammelt-und","status":"publish","type":"product","link":"https:\/\/antiquariat-steinbach.com\/rarebooks\/produkt\/paulsen-hermann-christian-herausgeber-zuverlaessige-nachrichten-vom-ackerbau-der-morgenlaender-zur-erlaeuterung-einiger-schriftstellen-aus-morgenlaendischen-reisebeschreibungen-gesammelt-und\/","title":{"rendered":"Paulsen, Hermann Christian (Herausgeber). &#8211;  Zuverl\u00e4ssige Nachrichten vom Ackerbau der Morgenl\u00e4nder, zur Erl\u00e4uterung einiger Schriftstellen, aus Morgenl\u00e4ndischen Reisebeschreibungen gesammelt und mit einer Vorrede Sr. Hochw. Mag. Hernn Kanzlers von Mosheim."},"content":{"rendered":"<p>Helmstedt, Weygand, 1748.<\/p>\n<p>21 : 17 cm. 1 Blatt, 153 Seiten, 1 Blatt, mit gestochenem Frontispiz und 1 Kupfertafel. Lederband der Zeit.<\/p>\n<p>350,00 EUR<\/p>\n","protected":false},"excerpt":{"rendered":"<p>Einzige Ausgabe. &#8211; H\u00f6chst interessanter historischer Einblick in den Landbau des Orients. Der Verfaser, Pastor im Holsteinischen, berichtet in sechs Kapiteln &#8222;Von der Fruchtbarkeit des Landes&#8220;, &#8222;Von der ordentlichen Zeit des Ackerbaus&#8220;, &#8222;Vom Pfl\u00fcgen&#8220;, &#8222;Vom S\u00e4en und Egen&#8220; und &#8222;Von der Erndte&#8220;. Das sch\u00f6ne Frontispiz gestochen von Bernigroth, mit drei Darstellungen desAckerbaus in Rokoko-Rahmen. Die Tafel mit der Darstellung des &#8222;Pflug der Indianer&#8220;. &#8211; Vereinzelt gering fleckig; Einband berieben und am R\u00fccken mit kleinen Fehlstellen, sonst gutes Exemplar.<\/p>\n","protected":false},"featured_media":26265,"template":"","meta":[],"product_brand":[],"product_cat":[127,586,914],"product_tag":[],"class_list":{"0":"post-26263","1":"product","2":"type-product","3":"status-publish","4":"has-post-thumbnail","6":"product_cat-landwirtschaft","7":"product_cat-orient","8":"product_cat-zvab","10":"first","11":"instock","12":"purchasable","13":"product-type-simple"},"_links":{"self":[{"href":"https:\/\/antiquariat-steinbach.com\/rarebooks\/wp-json\/wp\/v2\/product\/26263","targetHints":{"allow":["GET"]}}],"collection":[{"href":"https:\/\/antiquariat-steinbach.com\/rarebooks\/wp-json\/wp\/v2\/product"}],"about":[{"href":"https:\/\/antiquariat-steinbach.com\/rarebooks\/wp-json\/wp\/v2\/types\/product"}],"version-history":[{"count":1,"href":"https:\/\/antiquariat-steinbach.com\/rarebooks\/wp-json\/wp\/v2\/product\/26263\/revisions"}],"predecessor-version":[{"id":26264,"href":"https:\/\/antiquariat-steinbach.com\/rarebooks\/wp-json\/wp\/v2\/product\/26263\/revisions\/26264"}],"wp:featuredmedia":[{"embeddable":true,"href":"https:\/\/antiquariat-steinbach.com\/rarebooks\/wp-json\/wp\/v2\/media\/26265"}],"wp:attachment":[{"href":"https:\/\/antiquariat-steinbach.com\/rarebooks\/wp-json\/wp\/v2\/media?parent=26263"}],"wp:term":[{"taxonomy":"product_brand","embeddable":true,"href":"https:\/\/antiquariat-steinbach.com\/rarebooks\/wp-json\/wp\/v2\/product_brand?post=26263"},{"taxonomy":"product_cat","embeddable":true,"href":"https:\/\/antiquariat-steinbach.com\/rarebooks\/wp-json\/wp\/v2\/product_cat?post=26263"},{"taxonomy":"product_tag","embeddable":true,"href":"https:\/\/antiquariat-steinbach.com\/rarebooks\/wp-json\/wp\/v2\/product_tag?post=26263"}],"curies":[{"name":"wp","href":"https:\/\/api.w.org\/{rel}","templated":true}]}}