{"id":26254,"date":"2026-03-12T00:14:04","date_gmt":"2026-03-11T23:14:04","guid":{"rendered":"https:\/\/antiquariat-steinbach.com\/rarebooks\/produkt\/kristan-markus-carl-koenig-1841-1915-ein-neubarocker-grossstadtarchitekt-ikn-wien\/"},"modified":"2026-03-12T00:14:05","modified_gmt":"2026-03-11T23:14:05","slug":"kristan-markus-carl-koenig-1841-1915-ein-neubarocker-grossstadtarchitekt-ikn-wien","status":"publish","type":"product","link":"https:\/\/antiquariat-steinbach.com\/rarebooks\/produkt\/kristan-markus-carl-koenig-1841-1915-ein-neubarocker-grossstadtarchitekt-ikn-wien\/","title":{"rendered":"Kristan, Markus. &#8211;  Carl K\u00f6nig 1841 &#8211; 1915. Ein neubarocker Gro\u00dfstadtarchitekt ikn Wien."},"content":{"rendered":"<p>Wien, Holzhausen, 1999.<\/p>\n<p>30 : 23,5 cm. 176 Seiten mit \u00fcber 130, teils farbigen Abbildungen. Original Leinenband mit farbigem Schutzumschlag.<\/p>\n<p>90,00 EUR<\/p>\n","protected":false},"excerpt":{"rendered":"<p>Ein neubarocker Gro\u00dfstadtarchitekt in Wien zur Zeit Otto Wagners. &#8211; Wiener Pers\u00f6nlichkeiten Band 1. Herausgegeben vom J\u00fcdischen Museum der Stadt Wien. &#8211;  Der renommierte Architekturhistoriker Markus Kristan beschreibt Leben und Werk des Wiener Architekten, inkl. Werkverzeichnis (u.a. Philipp-Hof, Palais Herberstein, Erweiterung Technische Hochschule, Haus der Industrie, B\u00f6rse f\u00fcr landwirtschaftliche Produkte in der Taborstra\u00dfe), neuwertig.<\/p>\n","protected":false},"featured_media":26307,"template":"","meta":[],"product_brand":[],"product_cat":[48,68,90,914],"product_tag":[],"class_list":{"0":"post-26254","1":"product","2":"type-product","3":"status-publish","4":"has-post-thumbnail","6":"product_cat-architektur","7":"product_cat-judaica","8":"product_cat-viennensia","9":"product_cat-zvab","11":"first","12":"instock","13":"purchasable","14":"product-type-simple"},"_links":{"self":[{"href":"https:\/\/antiquariat-steinbach.com\/rarebooks\/wp-json\/wp\/v2\/product\/26254","targetHints":{"allow":["GET"]}}],"collection":[{"href":"https:\/\/antiquariat-steinbach.com\/rarebooks\/wp-json\/wp\/v2\/product"}],"about":[{"href":"https:\/\/antiquariat-steinbach.com\/rarebooks\/wp-json\/wp\/v2\/types\/product"}],"version-history":[{"count":2,"href":"https:\/\/antiquariat-steinbach.com\/rarebooks\/wp-json\/wp\/v2\/product\/26254\/revisions"}],"predecessor-version":[{"id":27819,"href":"https:\/\/antiquariat-steinbach.com\/rarebooks\/wp-json\/wp\/v2\/product\/26254\/revisions\/27819"}],"wp:featuredmedia":[{"embeddable":true,"href":"https:\/\/antiquariat-steinbach.com\/rarebooks\/wp-json\/wp\/v2\/media\/26307"}],"wp:attachment":[{"href":"https:\/\/antiquariat-steinbach.com\/rarebooks\/wp-json\/wp\/v2\/media?parent=26254"}],"wp:term":[{"taxonomy":"product_brand","embeddable":true,"href":"https:\/\/antiquariat-steinbach.com\/rarebooks\/wp-json\/wp\/v2\/product_brand?post=26254"},{"taxonomy":"product_cat","embeddable":true,"href":"https:\/\/antiquariat-steinbach.com\/rarebooks\/wp-json\/wp\/v2\/product_cat?post=26254"},{"taxonomy":"product_tag","embeddable":true,"href":"https:\/\/antiquariat-steinbach.com\/rarebooks\/wp-json\/wp\/v2\/product_tag?post=26254"}],"curies":[{"name":"wp","href":"https:\/\/api.w.org\/{rel}","templated":true}]}}