{"id":26232,"date":"2026-03-12T00:00:19","date_gmt":"2026-03-11T23:00:19","guid":{"rendered":"https:\/\/antiquariat-steinbach.com\/rarebooks\/produkt\/alpen-zeitschrift-des-deutschen-und-oesterreichischen-alpenvereins-2\/"},"modified":"2026-03-12T00:00:20","modified_gmt":"2026-03-11T23:00:20","slug":"alpen-zeitschrift-des-deutschen-und-oesterreichischen-alpenvereins-2","status":"publish","type":"product","link":"https:\/\/antiquariat-steinbach.com\/rarebooks\/produkt\/alpen-zeitschrift-des-deutschen-und-oesterreichischen-alpenvereins-2\/","title":{"rendered":"Alpen &#8211;   Zeitschrift: &#8211;  des Deutschen und \u00d6sterreichischen Alpenvereins."},"content":{"rendered":"<p>M\u00fcnchen, 1925.<\/p>\n<p>Band 56. 26,5 : 19 cm. VII, 232 Seiten mit vielen Tafeln und Abbildungen und 2 lose beiliegenden farbigen Karten. Original-Leinenband.<\/p>\n<p>35,00 EUR<\/p>\n","protected":false},"excerpt":{"rendered":"<p>Diesch 2510. &#8211; Mit Abbildungen der Gletscher und Gebirgsmassive, Burgen und anliegende D\u00f6rfer. Au\u00dferdem Beitr\u00e4ge \u00fcber geologische Probleme, die touristische Erschlie\u00dfung der Alpen, volkskundliche Erforschungen u.a.<\/p>\n","protected":false},"featured_media":0,"template":"","meta":[],"product_brand":[],"product_cat":[36,111,914],"product_tag":[],"class_list":{"0":"post-26232","1":"product","2":"type-product","3":"status-publish","5":"product_cat-alpen","6":"product_cat-varia","7":"product_cat-zvab","9":"first","10":"instock","11":"purchasable","12":"product-type-simple"},"_links":{"self":[{"href":"https:\/\/antiquariat-steinbach.com\/rarebooks\/wp-json\/wp\/v2\/product\/26232","targetHints":{"allow":["GET"]}}],"collection":[{"href":"https:\/\/antiquariat-steinbach.com\/rarebooks\/wp-json\/wp\/v2\/product"}],"about":[{"href":"https:\/\/antiquariat-steinbach.com\/rarebooks\/wp-json\/wp\/v2\/types\/product"}],"version-history":[{"count":0,"href":"https:\/\/antiquariat-steinbach.com\/rarebooks\/wp-json\/wp\/v2\/product\/26232\/revisions"}],"wp:attachment":[{"href":"https:\/\/antiquariat-steinbach.com\/rarebooks\/wp-json\/wp\/v2\/media?parent=26232"}],"wp:term":[{"taxonomy":"product_brand","embeddable":true,"href":"https:\/\/antiquariat-steinbach.com\/rarebooks\/wp-json\/wp\/v2\/product_brand?post=26232"},{"taxonomy":"product_cat","embeddable":true,"href":"https:\/\/antiquariat-steinbach.com\/rarebooks\/wp-json\/wp\/v2\/product_cat?post=26232"},{"taxonomy":"product_tag","embeddable":true,"href":"https:\/\/antiquariat-steinbach.com\/rarebooks\/wp-json\/wp\/v2\/product_tag?post=26232"}],"curies":[{"name":"wp","href":"https:\/\/api.w.org\/{rel}","templated":true}]}}