{"id":26207,"date":"2026-03-12T00:28:28","date_gmt":"2026-03-11T23:28:28","guid":{"rendered":"https:\/\/antiquariat-steinbach.com\/rarebooks\/produkt\/ww-postcard-loew-fritzi-rococo-couple-postcard\/"},"modified":"2026-03-12T00:28:32","modified_gmt":"2026-03-11T23:28:32","slug":"ww-postcard-loew-fritzi-rococo-couple-postcard","status":"publish","type":"product","link":"https:\/\/antiquariat-steinbach.com\/rarebooks\/produkt\/ww-postcard-loew-fritzi-rococo-couple-postcard\/","title":{"rendered":"WW &#8211; Postcard &#8211;   L\u00f6w, Fritzi: &#8211;  Rococo couple. Postcard."},"content":{"rendered":"<p>(Vienna, Wiener Werkst\u00e4tte 1910.<\/p>\n<p>14,2 : 9,2 cm. Coloured postcard.<\/p>\n<p>160,00 EUR<\/p>\n","protected":false},"excerpt":{"rendered":"<p>Postcard of the Wiener Werkst\u00e4tte, No. 1001. &#8211; Shows a couple in beautiful rococo-dresses, at the bottom with the name Fritzi L\u00f6w and dated 1910. &#8211; L\u00f6w (-Lazar), Fritzi (Friederike) 1891 &#8211; 1975, illustrator, designer and book-illustrator at the Wiener Werkst\u00e4tte.<\/p>\n","protected":false},"featured_media":26209,"template":"","meta":[],"product_brand":[],"product_cat":[29,129,257,424,914],"product_tag":[],"class_list":{"0":"post-26207","1":"product","2":"type-product","3":"status-publish","4":"has-post-thumbnail","6":"product_cat-20-jahrhundert","7":"product_cat-postkarten","8":"product_cat-wiener-werkstaette","9":"product_cat-wienersecession","10":"product_cat-zvab","12":"first","13":"instock","14":"purchasable","15":"product-type-simple"},"_links":{"self":[{"href":"https:\/\/antiquariat-steinbach.com\/rarebooks\/wp-json\/wp\/v2\/product\/26207","targetHints":{"allow":["GET"]}}],"collection":[{"href":"https:\/\/antiquariat-steinbach.com\/rarebooks\/wp-json\/wp\/v2\/product"}],"about":[{"href":"https:\/\/antiquariat-steinbach.com\/rarebooks\/wp-json\/wp\/v2\/types\/product"}],"version-history":[{"count":1,"href":"https:\/\/antiquariat-steinbach.com\/rarebooks\/wp-json\/wp\/v2\/product\/26207\/revisions"}],"predecessor-version":[{"id":26208,"href":"https:\/\/antiquariat-steinbach.com\/rarebooks\/wp-json\/wp\/v2\/product\/26207\/revisions\/26208"}],"wp:featuredmedia":[{"embeddable":true,"href":"https:\/\/antiquariat-steinbach.com\/rarebooks\/wp-json\/wp\/v2\/media\/26209"}],"wp:attachment":[{"href":"https:\/\/antiquariat-steinbach.com\/rarebooks\/wp-json\/wp\/v2\/media?parent=26207"}],"wp:term":[{"taxonomy":"product_brand","embeddable":true,"href":"https:\/\/antiquariat-steinbach.com\/rarebooks\/wp-json\/wp\/v2\/product_brand?post=26207"},{"taxonomy":"product_cat","embeddable":true,"href":"https:\/\/antiquariat-steinbach.com\/rarebooks\/wp-json\/wp\/v2\/product_cat?post=26207"},{"taxonomy":"product_tag","embeddable":true,"href":"https:\/\/antiquariat-steinbach.com\/rarebooks\/wp-json\/wp\/v2\/product_tag?post=26207"}],"curies":[{"name":"wp","href":"https:\/\/api.w.org\/{rel}","templated":true}]}}