{"id":26081,"date":"2026-03-12T00:06:24","date_gmt":"2026-03-11T23:06:24","guid":{"rendered":"https:\/\/antiquariat-steinbach.com\/rarebooks\/produkt\/farming-paulsen-hermann-christian-herausgeber-zuverlaessige-nachrichten-vom-ackerbau-der-morgenlaender-zur-erlaeuterung-einiger-schriftstellen-aus-morgenlaendischen-reisebeschreibungen-ge\/"},"modified":"2026-03-12T00:06:24","modified_gmt":"2026-03-11T23:06:24","slug":"farming-paulsen-hermann-christian-herausgeber-zuverlaessige-nachrichten-vom-ackerbau-der-morgenlaender-zur-erlaeuterung-einiger-schriftstellen-aus-morgenlaendischen-reisebeschreibungen-ge","status":"publish","type":"product","link":"https:\/\/antiquariat-steinbach.com\/rarebooks\/produkt\/farming-paulsen-hermann-christian-herausgeber-zuverlaessige-nachrichten-vom-ackerbau-der-morgenlaender-zur-erlaeuterung-einiger-schriftstellen-aus-morgenlaendischen-reisebeschreibungen-ge\/","title":{"rendered":"Farming &#8211;   Paulsen, Hermann Christian (Herausgeber). &#8211;  Zuverl\u00e4ssige Nachrichten vom Ackerbau der Morgenl\u00e4nder, zur Erl\u00e4uterung einiger Schriftstellen, aus Morgenl\u00e4ndischen Reisebeschreibungen gesammelt und mit einer Vorrede Sr. Hochw. Mag. Hernn Kanzlers von Mosheim."},"content":{"rendered":"<p>Helmstedt, Weygand, 1748.<\/p>\n<p>21 : 17 cm. 1 leaf, 153 pages, 1 leaf, with engraved frontispiece and one engraved plate. Contemporary calf.<\/p>\n<p>350,00 EUR<\/p>\n","protected":false},"excerpt":{"rendered":"<p>First and only edition. &#8211; Interesting insight of the farming in the Orient.  The author desribes in six chapters &#8218;Der Verfaser, Pastor im Holsteinischen, berichtet in sechs Kapiteln &#8222;Von der Fruchtbarkeit des Landes&#8220; (From the fertility of the coountry), &#8222;Von der ordentlichen Zeit des Ackerbaus&#8220; (From the right time of farming), &#8222;Vom Pfl\u00fcgen&#8220;(From Plowing), &#8222;Vom S\u00e4en und Egen&#8220; (From seeding) and &#8222;Von der Erndte&#8220; (From harvwesting). The beautiful frontispies engraved by Bernigroth, shows three sites of farming. The plates shows &#8222;Pflug der Indianer&#8220; (The plow of the Indians). &#8211; Occasionally a bit stained, binding rubbed, spine with small missing parts, in genral a good copy.<\/p>\n","protected":false},"featured_media":26083,"template":"","meta":[],"product_brand":[],"product_cat":[127,586,914],"product_tag":[],"class_list":{"0":"post-26081","1":"product","2":"type-product","3":"status-publish","4":"has-post-thumbnail","6":"product_cat-landwirtschaft","7":"product_cat-orient","8":"product_cat-zvab","10":"first","11":"instock","12":"purchasable","13":"product-type-simple"},"_links":{"self":[{"href":"https:\/\/antiquariat-steinbach.com\/rarebooks\/wp-json\/wp\/v2\/product\/26081","targetHints":{"allow":["GET"]}}],"collection":[{"href":"https:\/\/antiquariat-steinbach.com\/rarebooks\/wp-json\/wp\/v2\/product"}],"about":[{"href":"https:\/\/antiquariat-steinbach.com\/rarebooks\/wp-json\/wp\/v2\/types\/product"}],"version-history":[{"count":1,"href":"https:\/\/antiquariat-steinbach.com\/rarebooks\/wp-json\/wp\/v2\/product\/26081\/revisions"}],"predecessor-version":[{"id":26082,"href":"https:\/\/antiquariat-steinbach.com\/rarebooks\/wp-json\/wp\/v2\/product\/26081\/revisions\/26082"}],"wp:featuredmedia":[{"embeddable":true,"href":"https:\/\/antiquariat-steinbach.com\/rarebooks\/wp-json\/wp\/v2\/media\/26083"}],"wp:attachment":[{"href":"https:\/\/antiquariat-steinbach.com\/rarebooks\/wp-json\/wp\/v2\/media?parent=26081"}],"wp:term":[{"taxonomy":"product_brand","embeddable":true,"href":"https:\/\/antiquariat-steinbach.com\/rarebooks\/wp-json\/wp\/v2\/product_brand?post=26081"},{"taxonomy":"product_cat","embeddable":true,"href":"https:\/\/antiquariat-steinbach.com\/rarebooks\/wp-json\/wp\/v2\/product_cat?post=26081"},{"taxonomy":"product_tag","embeddable":true,"href":"https:\/\/antiquariat-steinbach.com\/rarebooks\/wp-json\/wp\/v2\/product_tag?post=26081"}],"curies":[{"name":"wp","href":"https:\/\/api.w.org\/{rel}","templated":true}]}}