{"id":2599,"date":"2026-03-12T00:06:28","date_gmt":"2026-03-11T23:06:28","guid":{"rendered":"http:\/\/antiquariat-steinbach.com\/rarebooks\/produkt\/die-rede\/"},"modified":"2026-03-12T00:06:29","modified_gmt":"2026-03-11T23:06:29","slug":"februarrevolution-rjetsch-nr-55-die-rede","status":"publish","type":"product","link":"https:\/\/antiquariat-steinbach.com\/rarebooks\/produkt\/februarrevolution-rjetsch-nr-55-die-rede\/","title":{"rendered":"Februarrevolution &#8211;   Rjetsch Nr. 55: &#8211;  Die Rede."},"content":{"rendered":"<p>St. Petersburg (Petrograd), 1917.<\/p>\n<p>Imperial Folio. gefaltetes Doppelblatt<\/p>\n<p>300,00 EUR<\/p>\n","protected":false},"excerpt":{"rendered":"<p>Die erste Ausgabe der russischen Zeitung Rjietsch (Die Rede), die nach der Februarrevolution von 1917 herausgekommen ist. Die \u00dcberschirft lautet \u00fcbersetzt: &#8222;Die alte Macht ist gefallen, es lebe die Volksfreiheit&#8220;. An der Stelle des gest\u00fcrzten Zaren \u00fcbernahmen die Duma sowie Arbeiter- und Soldatenr\u00e4te die Herrschaft. &#8211; Vorne in d\u00fcnnem Papier aufgelegte (am Rand montierte) zeitgen\u00f6ssische maschinengeschriebene Notizen \u00fcber die Ausgabe. &#8211; Beiliegen: Sammlung von 7 kleineren russischen Exilschriften, erschienen in Gro\u00dfbrittanien und der Schweiz, ca. 1900-10 mit Texten u.a. von Tolstoi.<\/p>\n","protected":false},"featured_media":24151,"template":"","meta":[],"product_brand":[],"product_cat":[97,914],"product_tag":[],"class_list":{"0":"post-2599","1":"product","2":"type-product","3":"status-publish","4":"has-post-thumbnail","6":"product_cat-geschichte","7":"product_cat-zvab","9":"first","10":"instock","11":"purchasable","12":"product-type-simple"},"_links":{"self":[{"href":"https:\/\/antiquariat-steinbach.com\/rarebooks\/wp-json\/wp\/v2\/product\/2599","targetHints":{"allow":["GET"]}}],"collection":[{"href":"https:\/\/antiquariat-steinbach.com\/rarebooks\/wp-json\/wp\/v2\/product"}],"about":[{"href":"https:\/\/antiquariat-steinbach.com\/rarebooks\/wp-json\/wp\/v2\/types\/product"}],"version-history":[{"count":3,"href":"https:\/\/antiquariat-steinbach.com\/rarebooks\/wp-json\/wp\/v2\/product\/2599\/revisions"}],"predecessor-version":[{"id":19336,"href":"https:\/\/antiquariat-steinbach.com\/rarebooks\/wp-json\/wp\/v2\/product\/2599\/revisions\/19336"}],"wp:featuredmedia":[{"embeddable":true,"href":"https:\/\/antiquariat-steinbach.com\/rarebooks\/wp-json\/wp\/v2\/media\/24151"}],"wp:attachment":[{"href":"https:\/\/antiquariat-steinbach.com\/rarebooks\/wp-json\/wp\/v2\/media?parent=2599"}],"wp:term":[{"taxonomy":"product_brand","embeddable":true,"href":"https:\/\/antiquariat-steinbach.com\/rarebooks\/wp-json\/wp\/v2\/product_brand?post=2599"},{"taxonomy":"product_cat","embeddable":true,"href":"https:\/\/antiquariat-steinbach.com\/rarebooks\/wp-json\/wp\/v2\/product_cat?post=2599"},{"taxonomy":"product_tag","embeddable":true,"href":"https:\/\/antiquariat-steinbach.com\/rarebooks\/wp-json\/wp\/v2\/product_tag?post=2599"}],"curies":[{"name":"wp","href":"https:\/\/api.w.org\/{rel}","templated":true}]}}