{"id":25962,"date":"2026-03-12T00:08:43","date_gmt":"2026-03-11T23:08:43","guid":{"rendered":"https:\/\/antiquariat-steinbach.com\/rarebooks\/produkt\/haeckel-sammlung-von-10-tafeln-mit-ca-60-montierten-haekel-mustern\/"},"modified":"2026-03-12T00:08:44","modified_gmt":"2026-03-11T23:08:44","slug":"haeckel-sammlung-von-10-tafeln-mit-ca-60-montierten-haekel-mustern","status":"publish","type":"product","link":"https:\/\/antiquariat-steinbach.com\/rarebooks\/produkt\/haeckel-sammlung-von-10-tafeln-mit-ca-60-montierten-haekel-mustern\/","title":{"rendered":"H\u00e4ckel &#8211;   Sammlung von 10 Tafeln mit ca. 60 montierten H\u00e4kel-Mustern"},"content":{"rendered":"<p>\u00d6sterreich, ca. 1890<\/p>\n<p>14 : 20 cm. In Papp-schachtel.<\/p>\n<p>120,00 EUR<\/p>\n","protected":false},"excerpt":{"rendered":"<p>\u00d6sterreich, ca. 1890 14 : 20 cm. In Papp-schachtel. 120,00 EUR<\/p>\n","protected":false},"featured_media":25964,"template":"","meta":[],"product_brand":[],"product_cat":[157,265,121,51,914],"product_tag":[],"class_list":{"0":"post-25962","1":"product","2":"type-product","3":"status-publish","4":"has-post-thumbnail","6":"product_cat-handarbeit","7":"product_cat-handarbeiten","8":"product_cat-mode","9":"product_cat-textil","10":"product_cat-zvab","12":"first","13":"instock","14":"purchasable","15":"product-type-simple"},"_links":{"self":[{"href":"https:\/\/antiquariat-steinbach.com\/rarebooks\/wp-json\/wp\/v2\/product\/25962","targetHints":{"allow":["GET"]}}],"collection":[{"href":"https:\/\/antiquariat-steinbach.com\/rarebooks\/wp-json\/wp\/v2\/product"}],"about":[{"href":"https:\/\/antiquariat-steinbach.com\/rarebooks\/wp-json\/wp\/v2\/types\/product"}],"version-history":[{"count":1,"href":"https:\/\/antiquariat-steinbach.com\/rarebooks\/wp-json\/wp\/v2\/product\/25962\/revisions"}],"predecessor-version":[{"id":25963,"href":"https:\/\/antiquariat-steinbach.com\/rarebooks\/wp-json\/wp\/v2\/product\/25962\/revisions\/25963"}],"wp:featuredmedia":[{"embeddable":true,"href":"https:\/\/antiquariat-steinbach.com\/rarebooks\/wp-json\/wp\/v2\/media\/25964"}],"wp:attachment":[{"href":"https:\/\/antiquariat-steinbach.com\/rarebooks\/wp-json\/wp\/v2\/media?parent=25962"}],"wp:term":[{"taxonomy":"product_brand","embeddable":true,"href":"https:\/\/antiquariat-steinbach.com\/rarebooks\/wp-json\/wp\/v2\/product_brand?post=25962"},{"taxonomy":"product_cat","embeddable":true,"href":"https:\/\/antiquariat-steinbach.com\/rarebooks\/wp-json\/wp\/v2\/product_cat?post=25962"},{"taxonomy":"product_tag","embeddable":true,"href":"https:\/\/antiquariat-steinbach.com\/rarebooks\/wp-json\/wp\/v2\/product_tag?post=25962"}],"curies":[{"name":"wp","href":"https:\/\/api.w.org\/{rel}","templated":true}]}}