{"id":25844,"date":"2026-03-12T00:07:00","date_gmt":"2026-03-11T23:07:00","guid":{"rendered":"https:\/\/antiquariat-steinbach.com\/rarebooks\/produkt\/games-jeu-de-larmee-francaise\/"},"modified":"2026-03-12T00:07:00","modified_gmt":"2026-03-11T23:07:00","slug":"games-jeu-de-larmee-francaise","status":"publish","type":"product","link":"https:\/\/antiquariat-steinbach.com\/rarebooks\/produkt\/games-jeu-de-larmee-francaise\/","title":{"rendered":"Games &#8211;   Jeu de L&#8217;Arm\u00e9e Francaise."},"content":{"rendered":"<p>Jarville-Nancy, Imageries R\u00e9unies, ca. 1914<\/p>\n<p>44 : 53 cm. Coloured lithograph<\/p>\n<p>25,00 EUR<\/p>\n","protected":false},"excerpt":{"rendered":"<p>Ce jeu diff\u00e8re des autres jeux connus jusqu&#8217;\u00e0 ce jour, en ce qu&#8217;il faut Trois D\u00e9s pour le jouer. Chaque nombre amen\u00e9 par ces trois d\u00e9s est marqu\u00e9 au-dessous de l&#8217;image \u00e0 laquelle il correspond et le joueur voit de suite s&#8217;il a gagn\u00e9 ou perdu. Les mises se font avec des cerises, drag\u00e9es, noisettes, billes, etc. et doivent etre assez consid\u00e9rables pour parer aux \u00e9ventualit\u00e9s des premiers coups de d\u00e9s. Chaque joueur jette \u00e0 son tour, et le jeu continue jusqu&#8217;\u00e0 ce que l&#8217;un d&#8217;eux am\u00e8ne le triple six, qui gagne tout.&#8220; &#8211; &#8222;Imag\u00e9ries R\u00e9unies de Jarville-Nancy&#8220;.<\/p>\n","protected":false},"featured_media":25957,"template":"","meta":[],"product_brand":[],"product_cat":[96,264,381,914],"product_tag":[],"class_list":{"0":"post-25844","1":"product","2":"type-product","3":"status-publish","4":"has-post-thumbnail","6":"product_cat-frankreich","7":"product_cat-militaria","8":"product_cat-spiele","9":"product_cat-zvab","11":"first","12":"instock","13":"purchasable","14":"product-type-simple"},"_links":{"self":[{"href":"https:\/\/antiquariat-steinbach.com\/rarebooks\/wp-json\/wp\/v2\/product\/25844","targetHints":{"allow":["GET"]}}],"collection":[{"href":"https:\/\/antiquariat-steinbach.com\/rarebooks\/wp-json\/wp\/v2\/product"}],"about":[{"href":"https:\/\/antiquariat-steinbach.com\/rarebooks\/wp-json\/wp\/v2\/types\/product"}],"version-history":[{"count":1,"href":"https:\/\/antiquariat-steinbach.com\/rarebooks\/wp-json\/wp\/v2\/product\/25844\/revisions"}],"predecessor-version":[{"id":25956,"href":"https:\/\/antiquariat-steinbach.com\/rarebooks\/wp-json\/wp\/v2\/product\/25844\/revisions\/25956"}],"wp:featuredmedia":[{"embeddable":true,"href":"https:\/\/antiquariat-steinbach.com\/rarebooks\/wp-json\/wp\/v2\/media\/25957"}],"wp:attachment":[{"href":"https:\/\/antiquariat-steinbach.com\/rarebooks\/wp-json\/wp\/v2\/media?parent=25844"}],"wp:term":[{"taxonomy":"product_brand","embeddable":true,"href":"https:\/\/antiquariat-steinbach.com\/rarebooks\/wp-json\/wp\/v2\/product_brand?post=25844"},{"taxonomy":"product_cat","embeddable":true,"href":"https:\/\/antiquariat-steinbach.com\/rarebooks\/wp-json\/wp\/v2\/product_cat?post=25844"},{"taxonomy":"product_tag","embeddable":true,"href":"https:\/\/antiquariat-steinbach.com\/rarebooks\/wp-json\/wp\/v2\/product_tag?post=25844"}],"curies":[{"name":"wp","href":"https:\/\/api.w.org\/{rel}","templated":true}]}}