{"id":25829,"date":"2026-03-12T00:24:10","date_gmt":"2026-03-11T23:24:10","guid":{"rendered":"https:\/\/antiquariat-steinbach.com\/rarebooks\/produkt\/sterrer-karl-stehender-weiblicher-halbakt\/"},"modified":"2026-03-12T00:24:10","modified_gmt":"2026-03-11T23:24:10","slug":"sterrer-karl-stehender-weiblicher-halbakt","status":"publish","type":"product","link":"https:\/\/antiquariat-steinbach.com\/rarebooks\/produkt\/sterrer-karl-stehender-weiblicher-halbakt\/","title":{"rendered":"Sterrer, Karl. &#8211;  Stehender weiblicher Halbakt."},"content":{"rendered":"<p>Wien, Gesellschaft f\u00fcr vervielf\u00e4ltigende Kunst, 1925.<\/p>\n<p>26 : 21,5 cm &#8211; (36 : 27 cm Papiergr\u00f6\u00dfe) Original Radierung auf festem B\u00fctten, rechts unten signiert.<\/p>\n<p>30,00 EUR<\/p>\n","protected":false},"excerpt":{"rendered":"<p>Karl Sterrer (1885 &#8211; Wien  &#8211; 1972) studierte an der Akademie der bildenenden K\u00fcnste in Wien unter Christian Gripenkerl. Er unternahm Studienreisen in ganz Europa, ab 1911 war er Mitglied des Wiener K\u00fcnstlerhauses. Er lehrte an der Wiener Akademie, ab 1922 als Professor. Zu seinen Sch\u00fclern z\u00e4hlten Leopold Hauer, Hans Fronius, Rudolf Hausner, Karl Glatt und Max Weiler. &#8211; Sch\u00f6ner, gratiger Druck.<\/p>\n","protected":false},"featured_media":25831,"template":"","meta":[],"product_brand":[],"product_cat":[29,71,317,914],"product_tag":[],"class_list":{"0":"post-25829","1":"product","2":"type-product","3":"status-publish","4":"has-post-thumbnail","6":"product_cat-20-jahrhundert","7":"product_cat-austriaca","8":"product_cat-kuenstlergraphik","9":"product_cat-zvab","11":"first","12":"instock","13":"purchasable","14":"product-type-simple"},"_links":{"self":[{"href":"https:\/\/antiquariat-steinbach.com\/rarebooks\/wp-json\/wp\/v2\/product\/25829","targetHints":{"allow":["GET"]}}],"collection":[{"href":"https:\/\/antiquariat-steinbach.com\/rarebooks\/wp-json\/wp\/v2\/product"}],"about":[{"href":"https:\/\/antiquariat-steinbach.com\/rarebooks\/wp-json\/wp\/v2\/types\/product"}],"version-history":[{"count":1,"href":"https:\/\/antiquariat-steinbach.com\/rarebooks\/wp-json\/wp\/v2\/product\/25829\/revisions"}],"predecessor-version":[{"id":25830,"href":"https:\/\/antiquariat-steinbach.com\/rarebooks\/wp-json\/wp\/v2\/product\/25829\/revisions\/25830"}],"wp:featuredmedia":[{"embeddable":true,"href":"https:\/\/antiquariat-steinbach.com\/rarebooks\/wp-json\/wp\/v2\/media\/25831"}],"wp:attachment":[{"href":"https:\/\/antiquariat-steinbach.com\/rarebooks\/wp-json\/wp\/v2\/media?parent=25829"}],"wp:term":[{"taxonomy":"product_brand","embeddable":true,"href":"https:\/\/antiquariat-steinbach.com\/rarebooks\/wp-json\/wp\/v2\/product_brand?post=25829"},{"taxonomy":"product_cat","embeddable":true,"href":"https:\/\/antiquariat-steinbach.com\/rarebooks\/wp-json\/wp\/v2\/product_cat?post=25829"},{"taxonomy":"product_tag","embeddable":true,"href":"https:\/\/antiquariat-steinbach.com\/rarebooks\/wp-json\/wp\/v2\/product_tag?post=25829"}],"curies":[{"name":"wp","href":"https:\/\/api.w.org\/{rel}","templated":true}]}}