{"id":25785,"date":"2026-03-12T00:26:35","date_gmt":"2026-03-11T23:26:35","guid":{"rendered":"https:\/\/antiquariat-steinbach.com\/rarebooks\/produkt\/werbeplakat-chiozza-l-l-chiozza-co-cervignano-del-friuli-amido-di-riso-sopraffino-in-tavolette-feiste-tafe-lreisstaerke\/"},"modified":"2026-03-12T00:26:35","modified_gmt":"2026-03-11T23:26:35","slug":"werbeplakat-chiozza-l-l-chiozza-co-cervignano-del-friuli-amido-di-riso-sopraffino-in-tavolette-feiste-tafe-lreisstaerke","status":"publish","type":"product","link":"https:\/\/antiquariat-steinbach.com\/rarebooks\/produkt\/werbeplakat-chiozza-l-l-chiozza-co-cervignano-del-friuli-amido-di-riso-sopraffino-in-tavolette-feiste-tafe-lreisstaerke\/","title":{"rendered":"Werbeplakat &#8211;   Chiozza, L. &#8211;  L. Chiozza  Co., Cervignano del Friuli. Amido di Riso sopraffino in tavolette &#8211; Feiste Tafe lReisst\u00e4rke."},"content":{"rendered":"<p>Carvignano, Chiozza, o.J. (ca. 1920)<\/p>\n<p>32 : 18 cm. Farbige Lithographie auf Papier.<\/p>\n<p>25,00 EUR<\/p>\n","protected":false},"excerpt":{"rendered":"<p>Nacque a Trieste il 20 dicembre 1828 da una famiglia di origini genovesi: il nonno Carlo Luigi si era trasferito nella citt\u00e0 giuliana per fondare con successo una fabbrica di saponi. C. ebbe il primo approccio con la chimica all\u2019Istituto Math\u00e9s di Ginevra, dove ebbe come maestro J. C. G. de Marignac. Nel 1845 si iscrisse alla scuola di chimica industriale della Societ\u00e0 d\u2019incoraggiamento d\u2019arti e mestieri di Milano e, dopo un paio d\u2019anni, si rec\u00f2 a Parigi per proseguire studi avanzati. Nel 1949 era nuovamente a Milano. Dopo aver rinunciato ad una cospicua eredit\u00e0 che lo avrebbe vincolato al commercio, C. comp\u00ec un lungo viaggio di studio in Austria, Germania ed Inghilterra che si concluse a Parigi, dove per tre anni collabor\u00f2 a ricerche nel settore della sintesi organica. Qui conobbe Louis Pasteur, con il quale strinse amicizia. Rientrato a Milano, succedette al G. A. Kramer nella direzione della Scuola d\u2019arti e mestieri e nella cattedra di chimica. Sia come docente sia come direttore dell\u2019istituto fu assai apprezzato. Nel 1858 C. perse la moglie, Pisana di Prampero, di una nobile famiglia friulana, che mor\u00ec a ventun anni, dopo un solo anno di matrimonio, e dalla quale aveva avuto il figlio Giuseppe. Abbandon\u00f2 la scuola e si ritir\u00f2 con il bambino nella villa di famiglia a Scodovacca, nei pressi di Cervignano del Friuli. Mise a frutto i suoi studi e la passione per la ricerca modernizzando l\u2019azienda agraria di famiglia, alla quale affianc\u00f2 un laboratorio di analisi. Nel 1870 il Pasteur fu ospite della villa e nei laboratori contribu\u00ec con C. a debellare la pebrina, una malattia che aveva seriamente compromesso in tutta Europa l\u2019allevamento del baco da seta, una risorsa non indifferente per l\u2019economia di vaste aree anche in Friuli. &#8230; leggi.  Er wurde am 20. Dezember 1828 in Triest als Sohn einer Familie genuesischer Herkunft geboren: Sein Gro\u00dfvater Carlo Luigi war in die julianische Stadt gezogen, um erfolgreich eine Seifenfabrik zu gr\u00fcnden. C. hatte seinen ersten Zugang zur Chemie am Math\u00e9s-Institut in Genf, wo er J. C. G. de Marignac als Lehrer hatte. 1845 schrieb er sich an der Schule f\u00fcr industrielle Chemie der Gesellschaft zur F\u00f6rderung des Kunstgewerbes in Mailand ein und ging nach ein paar Jahren nach Paris, um weiterf\u00fchrende Studien zu absolvieren. 1949 war er erneut in Mailand. Nachdem C. auf ein bedeutendes Erbe verzichtet hatte, das ihn an den Handel gebunden h\u00e4tte, unternahm er eine lange Studienreise nach \u00d6sterreich, Deutschland und England, die in Paris endete, wo er drei Jahre lang an der Forschung auf dem Gebiet der organischen Synthese mitarbeitete. Hier lernte er Louis Pasteur kennen, mit dem er sich anfreundete. Nach Mailand zur\u00fcckgekehrt, \u00fcbernahm er die Leitung von G. A. Kramer in der Leitung der Kunstgewerbeschule und im Lehrstuhl f\u00fcr Chemie. Sowohl als Lehrer als auch als Institutsleiter genoss er hohe Wertsch\u00e4tzung. Im Jahr 1858 verlor C. seine Frau Pisana di Prampero aus einer friaulischen Adelsfamilie, die im Alter von einundzwanzig Jahren nach nur einem Jahr Ehe starb und mit der er seinen Sohn Giuseppe hatte. Er brach die Schule ab und zog sich mit dem Kind in die Familienvilla in Scodovacca, in der N\u00e4he von Cervignano del Friuli, zur\u00fcck. Er nutzte sein Studium und seine Leidenschaft f\u00fcr die Forschung, indem er den Familienbetrieb modernisierte und ein Analyselabor hinzuf\u00fcgte. Im Jahr 1870 war Pasteur Gast der Villa und in den Laboratorien trug er zusammen mit C. dazu bei, Pebrine auszurotten, eine Krankheit, die schwere Folgen hatte<\/p>\n","protected":false},"featured_media":25787,"template":"","meta":[],"product_brand":[],"product_cat":[104,923,87,914],"product_tag":[],"class_list":{"0":"post-25785","1":"product","2":"type-product","3":"status-publish","4":"has-post-thumbnail","6":"product_cat-italien","7":"product_cat-lebensmittel","8":"product_cat-werbung","9":"product_cat-zvab","11":"first","12":"instock","13":"purchasable","14":"product-type-simple"},"_links":{"self":[{"href":"https:\/\/antiquariat-steinbach.com\/rarebooks\/wp-json\/wp\/v2\/product\/25785","targetHints":{"allow":["GET"]}}],"collection":[{"href":"https:\/\/antiquariat-steinbach.com\/rarebooks\/wp-json\/wp\/v2\/product"}],"about":[{"href":"https:\/\/antiquariat-steinbach.com\/rarebooks\/wp-json\/wp\/v2\/types\/product"}],"version-history":[{"count":1,"href":"https:\/\/antiquariat-steinbach.com\/rarebooks\/wp-json\/wp\/v2\/product\/25785\/revisions"}],"predecessor-version":[{"id":25786,"href":"https:\/\/antiquariat-steinbach.com\/rarebooks\/wp-json\/wp\/v2\/product\/25785\/revisions\/25786"}],"wp:featuredmedia":[{"embeddable":true,"href":"https:\/\/antiquariat-steinbach.com\/rarebooks\/wp-json\/wp\/v2\/media\/25787"}],"wp:attachment":[{"href":"https:\/\/antiquariat-steinbach.com\/rarebooks\/wp-json\/wp\/v2\/media?parent=25785"}],"wp:term":[{"taxonomy":"product_brand","embeddable":true,"href":"https:\/\/antiquariat-steinbach.com\/rarebooks\/wp-json\/wp\/v2\/product_brand?post=25785"},{"taxonomy":"product_cat","embeddable":true,"href":"https:\/\/antiquariat-steinbach.com\/rarebooks\/wp-json\/wp\/v2\/product_cat?post=25785"},{"taxonomy":"product_tag","embeddable":true,"href":"https:\/\/antiquariat-steinbach.com\/rarebooks\/wp-json\/wp\/v2\/product_tag?post=25785"}],"curies":[{"name":"wp","href":"https:\/\/api.w.org\/{rel}","templated":true}]}}