{"id":25704,"date":"2026-03-12T00:12:47","date_gmt":"2026-03-11T23:12:47","guid":{"rendered":"https:\/\/antiquariat-steinbach.com\/rarebooks\/produkt\/knoetel-3-blatt-bayern-aus-uniformenkunde\/"},"modified":"2026-03-12T00:12:47","modified_gmt":"2026-03-11T23:12:47","slug":"knoetel-3-blatt-bayern-aus-uniformenkunde","status":"publish","type":"product","link":"https:\/\/antiquariat-steinbach.com\/rarebooks\/produkt\/knoetel-3-blatt-bayern-aus-uniformenkunde\/","title":{"rendered":"Kn\u00f6tel. &#8211;  3 Blatt Bayern aus Uniformenkunde."},"content":{"rendered":"<p>Rathenow, Babenzien, 1814 &#8211; 1870.<\/p>\n<p>25,5 : 17,5 cm. 3 farbige Lithographie3n<\/p>\n<p>30,00 EUR<\/p>\n","protected":false},"excerpt":{"rendered":"<p>Vorhanden sind: K\u00f6niglich Bayrische allgemeine Landesbewaffnung &#8211; Sch\u00fctze &#8211; Reiter -F\u00fcsilier. &#8211; 1. Ulanen-Regiment. &#8211; Bayrische J\u00e4ger &#8211; J\u00e4ger &#8211; J\u00e4ger-Offizier. &#8211; Unter Passepartout.<\/p>\n","protected":false},"featured_media":25706,"template":"","meta":[],"product_brand":[],"product_cat":[73,264,914],"product_tag":[],"class_list":{"0":"post-25704","1":"product","2":"type-product","3":"status-publish","4":"has-post-thumbnail","6":"product_cat-bayern","7":"product_cat-militaria","8":"product_cat-zvab","10":"first","11":"instock","12":"purchasable","13":"product-type-simple"},"_links":{"self":[{"href":"https:\/\/antiquariat-steinbach.com\/rarebooks\/wp-json\/wp\/v2\/product\/25704","targetHints":{"allow":["GET"]}}],"collection":[{"href":"https:\/\/antiquariat-steinbach.com\/rarebooks\/wp-json\/wp\/v2\/product"}],"about":[{"href":"https:\/\/antiquariat-steinbach.com\/rarebooks\/wp-json\/wp\/v2\/types\/product"}],"version-history":[{"count":1,"href":"https:\/\/antiquariat-steinbach.com\/rarebooks\/wp-json\/wp\/v2\/product\/25704\/revisions"}],"predecessor-version":[{"id":25705,"href":"https:\/\/antiquariat-steinbach.com\/rarebooks\/wp-json\/wp\/v2\/product\/25704\/revisions\/25705"}],"wp:featuredmedia":[{"embeddable":true,"href":"https:\/\/antiquariat-steinbach.com\/rarebooks\/wp-json\/wp\/v2\/media\/25706"}],"wp:attachment":[{"href":"https:\/\/antiquariat-steinbach.com\/rarebooks\/wp-json\/wp\/v2\/media?parent=25704"}],"wp:term":[{"taxonomy":"product_brand","embeddable":true,"href":"https:\/\/antiquariat-steinbach.com\/rarebooks\/wp-json\/wp\/v2\/product_brand?post=25704"},{"taxonomy":"product_cat","embeddable":true,"href":"https:\/\/antiquariat-steinbach.com\/rarebooks\/wp-json\/wp\/v2\/product_cat?post=25704"},{"taxonomy":"product_tag","embeddable":true,"href":"https:\/\/antiquariat-steinbach.com\/rarebooks\/wp-json\/wp\/v2\/product_tag?post=25704"}],"curies":[{"name":"wp","href":"https:\/\/api.w.org\/{rel}","templated":true}]}}