{"id":25678,"date":"2026-03-12T00:06:47","date_gmt":"2026-03-11T23:06:47","guid":{"rendered":"https:\/\/antiquariat-steinbach.com\/rarebooks\/produkt\/frembgen-juergen-w-zoomorphe-salzgefaesse-aus-khuzistan-suedwest-iran-in-der-sammlung-des-staatlichen-museums-fuer-voelkerkunde-in-muenchen\/"},"modified":"2026-03-12T00:06:48","modified_gmt":"2026-03-11T23:06:48","slug":"frembgen-juergen-w-zoomorphe-salzgefaesse-aus-khuzistan-suedwest-iran-in-der-sammlung-des-staatlichen-museums-fuer-voelkerkunde-in-muenchen","status":"publish","type":"product","link":"https:\/\/antiquariat-steinbach.com\/rarebooks\/produkt\/frembgen-juergen-w-zoomorphe-salzgefaesse-aus-khuzistan-suedwest-iran-in-der-sammlung-des-staatlichen-museums-fuer-voelkerkunde-in-muenchen\/","title":{"rendered":"Frembgen, J\u00fcrgen W. &#8211;  Zoomorphe Salzgef\u00e4sse aus Khuzistan (S\u00fcdwest-Iran) in der Sammlung des staatlichen Museums f\u00fcr V\u00f6lkerkunde in M\u00fcnchen."},"content":{"rendered":"<p>M\u00fcnchen, 1988.<\/p>\n<p>30 : 21 cm. 6 Seiten, 3 Tafeln, hektographiert.<\/p>\n<p>15,00 EUR<\/p>\n","protected":false},"excerpt":{"rendered":"<p>M\u00fcnchen, 1988. 30 : 21 cm. 6 Seiten, 3 Tafeln, hektographiert. 15,00 EUR<\/p>\n","protected":false},"featured_media":25679,"template":"","meta":[],"product_brand":[],"product_cat":[151,63,643,178,914],"product_tag":[],"class_list":{"0":"post-25678","1":"product","2":"type-product","3":"status-publish","4":"has-post-thumbnail","6":"product_cat-antike","7":"product_cat-asien","8":"product_cat-islam","9":"product_cat-kunstgewerbe","10":"product_cat-zvab","12":"first","13":"instock","14":"purchasable","15":"product-type-simple"},"_links":{"self":[{"href":"https:\/\/antiquariat-steinbach.com\/rarebooks\/wp-json\/wp\/v2\/product\/25678","targetHints":{"allow":["GET"]}}],"collection":[{"href":"https:\/\/antiquariat-steinbach.com\/rarebooks\/wp-json\/wp\/v2\/product"}],"about":[{"href":"https:\/\/antiquariat-steinbach.com\/rarebooks\/wp-json\/wp\/v2\/types\/product"}],"version-history":[{"count":1,"href":"https:\/\/antiquariat-steinbach.com\/rarebooks\/wp-json\/wp\/v2\/product\/25678\/revisions"}],"predecessor-version":[{"id":27721,"href":"https:\/\/antiquariat-steinbach.com\/rarebooks\/wp-json\/wp\/v2\/product\/25678\/revisions\/27721"}],"wp:featuredmedia":[{"embeddable":true,"href":"https:\/\/antiquariat-steinbach.com\/rarebooks\/wp-json\/wp\/v2\/media\/25679"}],"wp:attachment":[{"href":"https:\/\/antiquariat-steinbach.com\/rarebooks\/wp-json\/wp\/v2\/media?parent=25678"}],"wp:term":[{"taxonomy":"product_brand","embeddable":true,"href":"https:\/\/antiquariat-steinbach.com\/rarebooks\/wp-json\/wp\/v2\/product_brand?post=25678"},{"taxonomy":"product_cat","embeddable":true,"href":"https:\/\/antiquariat-steinbach.com\/rarebooks\/wp-json\/wp\/v2\/product_cat?post=25678"},{"taxonomy":"product_tag","embeddable":true,"href":"https:\/\/antiquariat-steinbach.com\/rarebooks\/wp-json\/wp\/v2\/product_tag?post=25678"}],"curies":[{"name":"wp","href":"https:\/\/api.w.org\/{rel}","templated":true}]}}