{"id":25647,"date":"2026-03-12T00:24:22","date_gmt":"2026-03-11T23:24:22","guid":{"rendered":"https:\/\/antiquariat-steinbach.com\/rarebooks\/produkt\/tapies-daive-jean-tapies-reliquer\/"},"modified":"2026-03-12T00:24:24","modified_gmt":"2026-03-11T23:24:24","slug":"tapies-daive-jean-tapies-reliquer","status":"publish","type":"product","link":"https:\/\/antiquariat-steinbach.com\/rarebooks\/produkt\/tapies-daive-jean-tapies-reliquer\/","title":{"rendered":"Tapies &#8211;   Daive, Jean. &#8211;  t\u00e0p\u00edes, r\u00e9liquer."},"content":{"rendered":"<p>Paris, Maeght, 1981.<\/p>\n<p>30 : 21,5 cm. 31 (off 53) pages with many coloured illustrations. Illustrated original boards in black original cloth covers.<\/p>\n<p>40,00 EUR<\/p>\n","protected":false},"excerpt":{"rendered":"<p>Fragment of this illustrated book by Antoni Tapies. Present are pages 7-18, 23-34,39-42, 51-53. &#8211; Illustrated book from Tapi\u00e8s, text from Jean Daive. This artist book is the first of Maeght Gallery&#8217;s Collection M\u00e9diane. With reproductions of T\u00e0pies brush drawings printed in brown throughout the text.<\/p>\n","protected":false},"featured_media":25764,"template":"","meta":[],"product_brand":[],"product_cat":[29,43,317,148,914],"product_tag":[],"class_list":{"0":"post-25647","1":"product","2":"type-product","3":"status-publish","4":"has-post-thumbnail","6":"product_cat-20-jahrhundert","7":"product_cat-illustrierte-buecher","8":"product_cat-kuenstlergraphik","9":"product_cat-spanien","10":"product_cat-zvab","12":"first","13":"instock","14":"purchasable","15":"product-type-simple"},"_links":{"self":[{"href":"https:\/\/antiquariat-steinbach.com\/rarebooks\/wp-json\/wp\/v2\/product\/25647","targetHints":{"allow":["GET"]}}],"collection":[{"href":"https:\/\/antiquariat-steinbach.com\/rarebooks\/wp-json\/wp\/v2\/product"}],"about":[{"href":"https:\/\/antiquariat-steinbach.com\/rarebooks\/wp-json\/wp\/v2\/types\/product"}],"version-history":[{"count":1,"href":"https:\/\/antiquariat-steinbach.com\/rarebooks\/wp-json\/wp\/v2\/product\/25647\/revisions"}],"predecessor-version":[{"id":25763,"href":"https:\/\/antiquariat-steinbach.com\/rarebooks\/wp-json\/wp\/v2\/product\/25647\/revisions\/25763"}],"wp:featuredmedia":[{"embeddable":true,"href":"https:\/\/antiquariat-steinbach.com\/rarebooks\/wp-json\/wp\/v2\/media\/25764"}],"wp:attachment":[{"href":"https:\/\/antiquariat-steinbach.com\/rarebooks\/wp-json\/wp\/v2\/media?parent=25647"}],"wp:term":[{"taxonomy":"product_brand","embeddable":true,"href":"https:\/\/antiquariat-steinbach.com\/rarebooks\/wp-json\/wp\/v2\/product_brand?post=25647"},{"taxonomy":"product_cat","embeddable":true,"href":"https:\/\/antiquariat-steinbach.com\/rarebooks\/wp-json\/wp\/v2\/product_cat?post=25647"},{"taxonomy":"product_tag","embeddable":true,"href":"https:\/\/antiquariat-steinbach.com\/rarebooks\/wp-json\/wp\/v2\/product_tag?post=25647"}],"curies":[{"name":"wp","href":"https:\/\/api.w.org\/{rel}","templated":true}]}}