{"id":25634,"date":"2026-03-12T00:18:13","date_gmt":"2026-03-11T23:18:13","guid":{"rendered":"https:\/\/antiquariat-steinbach.com\/rarebooks\/produkt\/neudert-otto-burgen-und-staedte-in-niederdonau\/"},"modified":"2026-03-12T00:18:14","modified_gmt":"2026-03-11T23:18:14","slug":"neudert-otto-burgen-und-staedte-in-niederdonau","status":"publish","type":"product","link":"https:\/\/antiquariat-steinbach.com\/rarebooks\/produkt\/neudert-otto-burgen-und-staedte-in-niederdonau\/","title":{"rendered":"Neudert, Otto. &#8211;  Burgen und St\u00e4dte in Niederdonau."},"content":{"rendered":"<p>St. P\u00f6lten, St. P\u00f6ltner Verlagasanstalt, 1944.<\/p>\n<p>35,5 : 41 cm. 2 Blatt, 9 (statt 12) signierte und bezeichnete Original-Radierungen von Otto Neudert. Original Papp-Mappe mit Titelschildchen.<\/p>\n<p>320,00 EUR<\/p>\n","protected":false},"excerpt":{"rendered":"<p>Die Original-Radierungen mit Ansichten von Melk, Eggenburg, Waidhofen, Br\u00fcnn, Iglau, Rosenburg, D\u00fcrnstein, Theben und Stockzahn. Otto Neudert (1906-1975) \u00f6sterreichischer Maler, Radierer, Illustratorund Graphiker. Mit einf\u00fchrenden Text von Heinrich Neumayer. &#8211; Die Redierungen in gratigen Abz\u00fcgen auf festem Karton. &#8211; Mappe im unteren Teil etwas wasserrandig, die Radierungen tadellos.<\/p>\n","protected":false},"featured_media":25728,"template":"","meta":[],"product_brand":[],"product_cat":[83,71,561,914],"product_tag":[],"class_list":{"0":"post-25634","1":"product","2":"type-product","3":"status-publish","4":"has-post-thumbnail","6":"product_cat-ansichten","7":"product_cat-austriaca","8":"product_cat-graphik-ansichten","9":"product_cat-zvab","11":"first","12":"instock","13":"purchasable","14":"product-type-simple"},"_links":{"self":[{"href":"https:\/\/antiquariat-steinbach.com\/rarebooks\/wp-json\/wp\/v2\/product\/25634","targetHints":{"allow":["GET"]}}],"collection":[{"href":"https:\/\/antiquariat-steinbach.com\/rarebooks\/wp-json\/wp\/v2\/product"}],"about":[{"href":"https:\/\/antiquariat-steinbach.com\/rarebooks\/wp-json\/wp\/v2\/types\/product"}],"version-history":[{"count":1,"href":"https:\/\/antiquariat-steinbach.com\/rarebooks\/wp-json\/wp\/v2\/product\/25634\/revisions"}],"predecessor-version":[{"id":25727,"href":"https:\/\/antiquariat-steinbach.com\/rarebooks\/wp-json\/wp\/v2\/product\/25634\/revisions\/25727"}],"wp:featuredmedia":[{"embeddable":true,"href":"https:\/\/antiquariat-steinbach.com\/rarebooks\/wp-json\/wp\/v2\/media\/25728"}],"wp:attachment":[{"href":"https:\/\/antiquariat-steinbach.com\/rarebooks\/wp-json\/wp\/v2\/media?parent=25634"}],"wp:term":[{"taxonomy":"product_brand","embeddable":true,"href":"https:\/\/antiquariat-steinbach.com\/rarebooks\/wp-json\/wp\/v2\/product_brand?post=25634"},{"taxonomy":"product_cat","embeddable":true,"href":"https:\/\/antiquariat-steinbach.com\/rarebooks\/wp-json\/wp\/v2\/product_cat?post=25634"},{"taxonomy":"product_tag","embeddable":true,"href":"https:\/\/antiquariat-steinbach.com\/rarebooks\/wp-json\/wp\/v2\/product_tag?post=25634"}],"curies":[{"name":"wp","href":"https:\/\/api.w.org\/{rel}","templated":true}]}}