{"id":25631,"date":"2026-03-12T00:14:04","date_gmt":"2026-03-11T23:14:04","guid":{"rendered":"https:\/\/antiquariat-steinbach.com\/rarebooks\/produkt\/krischen-ein-festtag-am-hofe-des-minos\/"},"modified":"2026-03-12T00:14:04","modified_gmt":"2026-03-11T23:14:04","slug":"krischen-ein-festtag-am-hofe-des-minos","status":"publish","type":"product","link":"https:\/\/antiquariat-steinbach.com\/rarebooks\/produkt\/krischen-ein-festtag-am-hofe-des-minos\/","title":{"rendered":"Krischen &#8211;   Ein Festtag am Hofe des Minos."},"content":{"rendered":"<p>Berlin, Schoetz  Parrhysius, 1921.<\/p>\n<p>39,5 : 30,5 cm. 6 Blatt, 50 Original-Lithographien von Fritz Krischen. Illustrierte Original-Pergament-Mappe.<\/p>\n<p>380,00 EUR<\/p>\n","protected":false},"excerpt":{"rendered":"<p>Eines von 250 Exemplaren der einmaligen Auflage, auf handgesch\u00f6pftem B\u00fctten,  dieses ohne Nummer. Dargestellt und illustriert ist ein Festtag am K\u00f6nigspalast des antiken Kreta. &#8211; Mappe teils fleckig, Stege mit kleinen Einrissen, innen gutes Exemplar.<\/p>\n","protected":false},"featured_media":25708,"template":"","meta":[],"product_brand":[],"product_cat":[29,151,457,43,46,914],"product_tag":[],"class_list":{"0":"post-25631","1":"product","2":"type-product","3":"status-publish","4":"has-post-thumbnail","6":"product_cat-20-jahrhundert","7":"product_cat-antike","8":"product_cat-griechenland","9":"product_cat-illustrierte-buecher","10":"product_cat-pressendrucke","11":"product_cat-zvab","13":"first","14":"instock","15":"purchasable","16":"product-type-simple"},"_links":{"self":[{"href":"https:\/\/antiquariat-steinbach.com\/rarebooks\/wp-json\/wp\/v2\/product\/25631","targetHints":{"allow":["GET"]}}],"collection":[{"href":"https:\/\/antiquariat-steinbach.com\/rarebooks\/wp-json\/wp\/v2\/product"}],"about":[{"href":"https:\/\/antiquariat-steinbach.com\/rarebooks\/wp-json\/wp\/v2\/types\/product"}],"version-history":[{"count":1,"href":"https:\/\/antiquariat-steinbach.com\/rarebooks\/wp-json\/wp\/v2\/product\/25631\/revisions"}],"predecessor-version":[{"id":25707,"href":"https:\/\/antiquariat-steinbach.com\/rarebooks\/wp-json\/wp\/v2\/product\/25631\/revisions\/25707"}],"wp:featuredmedia":[{"embeddable":true,"href":"https:\/\/antiquariat-steinbach.com\/rarebooks\/wp-json\/wp\/v2\/media\/25708"}],"wp:attachment":[{"href":"https:\/\/antiquariat-steinbach.com\/rarebooks\/wp-json\/wp\/v2\/media?parent=25631"}],"wp:term":[{"taxonomy":"product_brand","embeddable":true,"href":"https:\/\/antiquariat-steinbach.com\/rarebooks\/wp-json\/wp\/v2\/product_brand?post=25631"},{"taxonomy":"product_cat","embeddable":true,"href":"https:\/\/antiquariat-steinbach.com\/rarebooks\/wp-json\/wp\/v2\/product_cat?post=25631"},{"taxonomy":"product_tag","embeddable":true,"href":"https:\/\/antiquariat-steinbach.com\/rarebooks\/wp-json\/wp\/v2\/product_tag?post=25631"}],"curies":[{"name":"wp","href":"https:\/\/api.w.org\/{rel}","templated":true}]}}