{"id":25612,"date":"2026-03-12T00:04:41","date_gmt":"2026-03-11T23:04:41","guid":{"rendered":"https:\/\/antiquariat-steinbach.com\/rarebooks\/produkt\/die-reichsdrucke-eine-sammlung-von-kupferstichen-radierungen-holzschnitten-gemaelden-aquarellen-und-pastellen-in-nachbildungen-der-reichsdruckerei-zu-berlin\/"},"modified":"2026-03-12T00:04:42","modified_gmt":"2026-03-11T23:04:42","slug":"die-reichsdrucke-eine-sammlung-von-kupferstichen-radierungen-holzschnitten-gemaelden-aquarellen-und-pastellen-in-nachbildungen-der-reichsdruckerei-zu-berlin","status":"publish","type":"product","link":"https:\/\/antiquariat-steinbach.com\/rarebooks\/produkt\/die-reichsdrucke-eine-sammlung-von-kupferstichen-radierungen-holzschnitten-gemaelden-aquarellen-und-pastellen-in-nachbildungen-der-reichsdruckerei-zu-berlin\/","title":{"rendered":"DIE REICHSDRUCKE. Eine Sammlung von Kupferstichen, Radierungen, Holzschnitten, Gem\u00e4lden, Aquarellen und Pastellen in Nachbildungen der Reichsdruckerei zu Berlin."},"content":{"rendered":"<p>Berlin, Reichsdruckerei, 1928.<\/p>\n<p>20,5 : 14,5 cm. 4 Blatt,, 479 Seiten, 1 Blatt, mit \u00fcber 1000 Abbildungen in Lichtdruck. Original Halb-Pergaminband mit goldgepr\u00e4gtem R\u00fcckentitel.<\/p>\n<p>60,00 EUR<\/p>\n","protected":false},"excerpt":{"rendered":"<p>Katalog der sog. &#8218;Reichsdrucke&#8216; (vorz\u00fcgliche Nachbildungen bedeutender Kunstwerke in Originalgr\u00f6ssen) mit &#8218;winzigen aber scharfen Abbildungen des (damaligen) Bestandes. Das Gesamtverzeichnis der Lichtdruck-Faksimiles aus der Reichsdruckerei enth\u00e4lt Werke deutscher, niederl\u00e4ndischer, italienischer, franz\u00f6sischer, englischere und spanischer Meister, sowie eine Portr\u00e4tabteilung. Der Anhang enth\u00e4lt ein alphabetisches K\u00fcnstlernamensverzeichnis.<\/p>\n","protected":false},"featured_media":25674,"template":"","meta":[],"product_brand":[],"product_cat":[74,153,30,101,914],"product_tag":[],"class_list":{"0":"post-25612","1":"product","2":"type-product","3":"status-publish","4":"has-post-thumbnail","6":"product_cat-deutschland","7":"product_cat-graphik","8":"product_cat-malerei","9":"product_cat-werkverzeichnis","10":"product_cat-zvab","12":"first","13":"instock","14":"purchasable","15":"product-type-simple"},"_links":{"self":[{"href":"https:\/\/antiquariat-steinbach.com\/rarebooks\/wp-json\/wp\/v2\/product\/25612","targetHints":{"allow":["GET"]}}],"collection":[{"href":"https:\/\/antiquariat-steinbach.com\/rarebooks\/wp-json\/wp\/v2\/product"}],"about":[{"href":"https:\/\/antiquariat-steinbach.com\/rarebooks\/wp-json\/wp\/v2\/types\/product"}],"version-history":[{"count":1,"href":"https:\/\/antiquariat-steinbach.com\/rarebooks\/wp-json\/wp\/v2\/product\/25612\/revisions"}],"predecessor-version":[{"id":27675,"href":"https:\/\/antiquariat-steinbach.com\/rarebooks\/wp-json\/wp\/v2\/product\/25612\/revisions\/27675"}],"wp:featuredmedia":[{"embeddable":true,"href":"https:\/\/antiquariat-steinbach.com\/rarebooks\/wp-json\/wp\/v2\/media\/25674"}],"wp:attachment":[{"href":"https:\/\/antiquariat-steinbach.com\/rarebooks\/wp-json\/wp\/v2\/media?parent=25612"}],"wp:term":[{"taxonomy":"product_brand","embeddable":true,"href":"https:\/\/antiquariat-steinbach.com\/rarebooks\/wp-json\/wp\/v2\/product_brand?post=25612"},{"taxonomy":"product_cat","embeddable":true,"href":"https:\/\/antiquariat-steinbach.com\/rarebooks\/wp-json\/wp\/v2\/product_cat?post=25612"},{"taxonomy":"product_tag","embeddable":true,"href":"https:\/\/antiquariat-steinbach.com\/rarebooks\/wp-json\/wp\/v2\/product_tag?post=25612"}],"curies":[{"name":"wp","href":"https:\/\/api.w.org\/{rel}","templated":true}]}}