{"id":25572,"date":"2026-03-12T00:20:09","date_gmt":"2026-03-11T23:20:09","guid":{"rendered":"https:\/\/antiquariat-steinbach.com\/rarebooks\/produkt\/quijote-khevenhueller-metsch-karl-don-quijote-wind-wogen-wirken\/"},"modified":"2026-03-12T00:20:11","modified_gmt":"2026-03-11T23:20:11","slug":"quijote-khevenhueller-metsch-karl-don-quijote-wind-wogen-wirken","status":"publish","type":"product","link":"https:\/\/antiquariat-steinbach.com\/rarebooks\/produkt\/quijote-khevenhueller-metsch-karl-don-quijote-wind-wogen-wirken\/","title":{"rendered":"Quijote &#8211;   Khevenh\u00fcller-Metsch, Karl. &#8211;  Don Quijote. Wind &#8211; Wogen &#8211; Wirken."},"content":{"rendered":"<p>Hochosterwitz, Burg Galerie, 1912.<\/p>\n<p>26 : 21 cm. 77 Seiten mit vielen farbigen Tafeln und Abbildungen. Farbig illustrierter Original Karton.<\/p>\n<p>40,00 EUR<\/p>\n","protected":false},"excerpt":{"rendered":"<p>Mit Gem\u00e4lden von Rafael Ramirez M\u00e1ro &#8218;Don Quijote Zyklus&#8216;, Gedanken zu Windr\u00e4dern, Windm\u00fchlen, Realit\u00e4ten und Ohnmacht. Energie aus dem Wind, unsere Zukunft (Windpark Cortijo dee Guerra in Puerto Real, Spanien), Tauernwindkraft etc. K\u00fcnstlerische Beitrag zur Debatte um die Windkraft.<\/p>\n","protected":false},"featured_media":25574,"template":"","meta":[],"product_brand":[],"product_cat":[71,176,371,77,914],"product_tag":[],"class_list":{"0":"post-25572","1":"product","2":"type-product","3":"status-publish","4":"has-post-thumbnail","6":"product_cat-austriaca","7":"product_cat-first-edition","8":"product_cat-quichote","9":"product_cat-technik","10":"product_cat-zvab","12":"first","13":"instock","14":"purchasable","15":"product-type-simple"},"_links":{"self":[{"href":"https:\/\/antiquariat-steinbach.com\/rarebooks\/wp-json\/wp\/v2\/product\/25572","targetHints":{"allow":["GET"]}}],"collection":[{"href":"https:\/\/antiquariat-steinbach.com\/rarebooks\/wp-json\/wp\/v2\/product"}],"about":[{"href":"https:\/\/antiquariat-steinbach.com\/rarebooks\/wp-json\/wp\/v2\/types\/product"}],"version-history":[{"count":1,"href":"https:\/\/antiquariat-steinbach.com\/rarebooks\/wp-json\/wp\/v2\/product\/25572\/revisions"}],"predecessor-version":[{"id":25573,"href":"https:\/\/antiquariat-steinbach.com\/rarebooks\/wp-json\/wp\/v2\/product\/25572\/revisions\/25573"}],"wp:featuredmedia":[{"embeddable":true,"href":"https:\/\/antiquariat-steinbach.com\/rarebooks\/wp-json\/wp\/v2\/media\/25574"}],"wp:attachment":[{"href":"https:\/\/antiquariat-steinbach.com\/rarebooks\/wp-json\/wp\/v2\/media?parent=25572"}],"wp:term":[{"taxonomy":"product_brand","embeddable":true,"href":"https:\/\/antiquariat-steinbach.com\/rarebooks\/wp-json\/wp\/v2\/product_brand?post=25572"},{"taxonomy":"product_cat","embeddable":true,"href":"https:\/\/antiquariat-steinbach.com\/rarebooks\/wp-json\/wp\/v2\/product_cat?post=25572"},{"taxonomy":"product_tag","embeddable":true,"href":"https:\/\/antiquariat-steinbach.com\/rarebooks\/wp-json\/wp\/v2\/product_tag?post=25572"}],"curies":[{"name":"wp","href":"https:\/\/api.w.org\/{rel}","templated":true}]}}