{"id":25556,"date":"2026-03-12T00:06:16","date_gmt":"2026-03-11T23:06:16","guid":{"rendered":"https:\/\/antiquariat-steinbach.com\/rarebooks\/produkt\/exlibris-kuhn-helmut-rose-reinhold-werk-und-wirkung\/"},"modified":"2026-03-12T00:06:17","modified_gmt":"2026-03-11T23:06:17","slug":"exlibris-kuhn-helmut-rose-reinhold-werk-und-wirkung","status":"publish","type":"product","link":"https:\/\/antiquariat-steinbach.com\/rarebooks\/produkt\/exlibris-kuhn-helmut-rose-reinhold-werk-und-wirkung\/","title":{"rendered":"Exlibris &#8211;   Kuhn, Helmut. &#8211;  Rose Reinhold. Werk und Wirkung."},"content":{"rendered":"<p>Wien, \u00d6sterreichische Exlibris-Gesellschaft, 1992<\/p>\n<p>23,5  15 cm. 46 Seiten, 50 Abbildungen auf Tafeln, 6 farbige, montierte Original-Holzstiche von Rose Reinhold. Original Leinenband.<\/p>\n<p>50,00 EUR<\/p>\n","protected":false},"excerpt":{"rendered":"<p>Eines von 300 nummerierten Exemplaren erschienen anl\u00e4\u00dflich des 100. Geburtstages von Rose Reinhold. Mit eigenh\u00e4ndige Widmung des Verfasser. Mit montierte Einladungskarte zur Er\u00f6ffnung der Ausstelung Rose Reinhold 1894 &#8211; 1959. Ebenso eine montierte Neujahrskarte f\u00fcr den Veerfasser H. K\u00fchn. Rose Reinhold (1894 Wien &#8211; Guggin 1959) war Illustrationsmalerin, Graphikerin und Buchillustratorin. Sie erhilet ihre Ausbildung Alber Franz Seligmann, Maximilian Kurzweil, Alfred Cossmann und dem Holzschneider Hofbauer. Sie hatte Ausstellungen in den USA und Europa.<\/p>\n","protected":false},"featured_media":25557,"template":"","meta":[],"product_brand":[],"product_cat":[71,947,176,317,40,914],"product_tag":[],"class_list":{"0":"post-25556","1":"product","2":"type-product","3":"status-publish","4":"has-post-thumbnail","6":"product_cat-austriaca","7":"product_cat-exlibirs","8":"product_cat-first-edition","9":"product_cat-kuenstlergraphik","10":"product_cat-kuenstlermonographien","11":"product_cat-zvab","13":"first","14":"instock","15":"purchasable","16":"product-type-simple"},"_links":{"self":[{"href":"https:\/\/antiquariat-steinbach.com\/rarebooks\/wp-json\/wp\/v2\/product\/25556","targetHints":{"allow":["GET"]}}],"collection":[{"href":"https:\/\/antiquariat-steinbach.com\/rarebooks\/wp-json\/wp\/v2\/product"}],"about":[{"href":"https:\/\/antiquariat-steinbach.com\/rarebooks\/wp-json\/wp\/v2\/types\/product"}],"version-history":[{"count":1,"href":"https:\/\/antiquariat-steinbach.com\/rarebooks\/wp-json\/wp\/v2\/product\/25556\/revisions"}],"predecessor-version":[{"id":27691,"href":"https:\/\/antiquariat-steinbach.com\/rarebooks\/wp-json\/wp\/v2\/product\/25556\/revisions\/27691"}],"wp:featuredmedia":[{"embeddable":true,"href":"https:\/\/antiquariat-steinbach.com\/rarebooks\/wp-json\/wp\/v2\/media\/25557"}],"wp:attachment":[{"href":"https:\/\/antiquariat-steinbach.com\/rarebooks\/wp-json\/wp\/v2\/media?parent=25556"}],"wp:term":[{"taxonomy":"product_brand","embeddable":true,"href":"https:\/\/antiquariat-steinbach.com\/rarebooks\/wp-json\/wp\/v2\/product_brand?post=25556"},{"taxonomy":"product_cat","embeddable":true,"href":"https:\/\/antiquariat-steinbach.com\/rarebooks\/wp-json\/wp\/v2\/product_cat?post=25556"},{"taxonomy":"product_tag","embeddable":true,"href":"https:\/\/antiquariat-steinbach.com\/rarebooks\/wp-json\/wp\/v2\/product_tag?post=25556"}],"curies":[{"name":"wp","href":"https:\/\/api.w.org\/{rel}","templated":true}]}}