{"id":2553,"date":"2026-03-12T00:00:49","date_gmt":"2026-03-11T23:00:49","guid":{"rendered":"http:\/\/antiquariat-steinbach.com\/rarebooks\/produkt\/faschings-organ-des-techn-club-innsbruck-februar-1903\/"},"modified":"2026-03-12T00:00:50","modified_gmt":"2026-03-11T23:00:50","slug":"austriaca-tirol-faschings-organ-des-techn-club-innsbruck-februar-1903","status":"publish","type":"product","link":"https:\/\/antiquariat-steinbach.com\/rarebooks\/produkt\/austriaca-tirol-faschings-organ-des-techn-club-innsbruck-februar-1903\/","title":{"rendered":"Austriaca &#8211; Tirol &#8211;   Faschings Organ des Techn. Club Innsbruck, Februar 1903."},"content":{"rendered":"<p>Innsbruck, Selbstverlag, 1903.<\/p>\n<p>34 : 27,5 cm. 34 Seiten mit vielen Illustrationen. Farbig illustrierter Original-Umschlag.<\/p>\n<p>160,00 EUR<\/p>\n","protected":false},"excerpt":{"rendered":"<p>Witzig illustrierte, karikierende Faschingszeitung, die Innsbruck uafs Korn nimmt. &#8218;St\u00e4dtische Aufschlagsstation jeder moderne Comfort, Centralheizung, Watercloset etc.etc.&#8216;, &#8218; Auf dem k\u00fcrzesten Wege elektrisch von Innsbruck nach M\u00fcnchen&#8216;, &#8218;Die Jakobsleiter oder Krlchen&#8217;s Traum vom Leerlauf auf dem Patscher Wiesele&#8216;, &#8218;Ableitung des Bierquantums dei Ber\u00fccksichtigung des N\u00fcchternheitszustandes&#8216;. &#8211; Mit schwachem Mittelbug, Umschlag mit 3 winzigen Einrissen. &#8211; Selten.<\/p>\n","protected":false},"featured_media":14484,"template":"","meta":[],"product_brand":[],"product_cat":[71,123,205,914],"product_tag":[],"class_list":{"0":"post-2553","1":"product","2":"type-product","3":"status-publish","4":"has-post-thumbnail","6":"product_cat-austriaca","7":"product_cat-karikatur","8":"product_cat-tirolensia","9":"product_cat-zvab","11":"first","12":"instock","13":"purchasable","14":"product-type-simple"},"_links":{"self":[{"href":"https:\/\/antiquariat-steinbach.com\/rarebooks\/wp-json\/wp\/v2\/product\/2553","targetHints":{"allow":["GET"]}}],"collection":[{"href":"https:\/\/antiquariat-steinbach.com\/rarebooks\/wp-json\/wp\/v2\/product"}],"about":[{"href":"https:\/\/antiquariat-steinbach.com\/rarebooks\/wp-json\/wp\/v2\/types\/product"}],"version-history":[{"count":3,"href":"https:\/\/antiquariat-steinbach.com\/rarebooks\/wp-json\/wp\/v2\/product\/2553\/revisions"}],"predecessor-version":[{"id":19313,"href":"https:\/\/antiquariat-steinbach.com\/rarebooks\/wp-json\/wp\/v2\/product\/2553\/revisions\/19313"}],"wp:featuredmedia":[{"embeddable":true,"href":"https:\/\/antiquariat-steinbach.com\/rarebooks\/wp-json\/wp\/v2\/media\/14484"}],"wp:attachment":[{"href":"https:\/\/antiquariat-steinbach.com\/rarebooks\/wp-json\/wp\/v2\/media?parent=2553"}],"wp:term":[{"taxonomy":"product_brand","embeddable":true,"href":"https:\/\/antiquariat-steinbach.com\/rarebooks\/wp-json\/wp\/v2\/product_brand?post=2553"},{"taxonomy":"product_cat","embeddable":true,"href":"https:\/\/antiquariat-steinbach.com\/rarebooks\/wp-json\/wp\/v2\/product_cat?post=2553"},{"taxonomy":"product_tag","embeddable":true,"href":"https:\/\/antiquariat-steinbach.com\/rarebooks\/wp-json\/wp\/v2\/product_tag?post=2553"}],"curies":[{"name":"wp","href":"https:\/\/api.w.org\/{rel}","templated":true}]}}