{"id":25480,"date":"2026-03-12T00:18:32","date_gmt":"2026-03-11T23:18:32","guid":{"rendered":"https:\/\/antiquariat-steinbach.com\/rarebooks\/produkt\/ott-maja-malerei-1989-1992\/"},"modified":"2026-03-12T00:18:32","modified_gmt":"2026-03-11T23:18:32","slug":"ott-maja-malerei-1989-1992","status":"publish","type":"product","link":"https:\/\/antiquariat-steinbach.com\/rarebooks\/produkt\/ott-maja-malerei-1989-1992\/","title":{"rendered":"Ott, Maja. &#8211;  Malerei 1989-1992."},"content":{"rendered":"<p>M\u00fcnchen, Galerie Helmut Leger, 1993.<\/p>\n<p>30 : 21,5 cm. Mit vielen farbigen Tafeln. Farbig illustrierter Original-Karton.<\/p>\n<p>20,00 EUR<\/p>\n","protected":false},"excerpt":{"rendered":"<p>Die 1960 in Bad Reichenhall geborene K\u00fcnstlerin Maja Ott studierte 1985 Malerei an der Akademie der Bildenden K\u00fcnste M\u00fcnchen. Abschluss mit Diplom als Meistersch\u00fclerin 1990. Seit diesem Jahr ist sie Mitglied im BBK und NMKG M\u00fcnchen. Die K\u00fcnstlerin lebt und arbeitet in Moosach bei Grafing und w\u00e4hrend der Sommermonate in Bohusl\u00e4n, Schweden. &#8211; Im Jahr 2010 entdeckte Maja Ott \u2013 bis dahin auf abstrakte, farbgewaltige und expressive \u00d6l- und Acrylbilder im Gro\u00dfformat spezialisiert \u2013 das Hinterglasbild f\u00fcr sich. Gedanklich eigentlich besetzt durch die Volkskunst mit ihren Votiv- und Heiligenbildern, wurde es vor ziemlich genau 100 Jahren von den K\u00fcnstlern der Blauen Reiter um Wassily Kandinsky neu entdeckt. Auf ihrer Suche nach unverbrauchten Anregungen gelang es Maja Ott, einen gemeinsamen Nenner f\u00fcr Avantgarde- und Hinterglasmalerei zu finden. Diese Technik mit ihrer grunds\u00e4tzlich anderen Arbeitsweise als das Leinwandbild ist auf k\u00fcnstlerischem Niveau ohne die Grundlage sicherer malerischer Erfahrung zum Scheitern verurteilt. Diese Technik setzt nicht nur eine seitenverkehrte Anlage voraus, sondern auch einen umgekehrten Malvorgang, der mit den Vordergrunddetails beginnt und erst im letzten Arbeitsgang den Hintergrund anlegt. Anstelle der fr\u00fcheren abstrakten Formen erscheinen nun auf ihren Arbeiten Gebilde, die entschiedener, wenngleich nicht immer auf den ersten Blick nat\u00fcrlichen Strukturen zuzuordnen sind: Da findet sich vor allem Pflanzliches, wie Bl\u00e4tter, Zweige, Ranken und Wurzeln, aber auch Wassertiere wie Seeanemonen und Plankton, die sich, organische Strukturen allesamt, in Maja Otts Hinterglas-Universum wiederfinden. Mit einem scheinbar unersch\u00f6pflichen Reservoir an Ideen und phantastischen, imagin\u00e4ren Landschaften l\u00e4sst sie uns eintauchen in ihre pr\u00e4chtigen organischen Formen und wunderbaren Unterwasser- und Pflanzenwelten.<\/p>\n","protected":false},"featured_media":25518,"template":"","meta":[],"product_brand":[],"product_cat":[74,30,914],"product_tag":[],"class_list":{"0":"post-25480","1":"product","2":"type-product","3":"status-publish","4":"has-post-thumbnail","6":"product_cat-deutschland","7":"product_cat-malerei","8":"product_cat-zvab","10":"first","11":"instock","12":"purchasable","13":"product-type-simple"},"_links":{"self":[{"href":"https:\/\/antiquariat-steinbach.com\/rarebooks\/wp-json\/wp\/v2\/product\/25480","targetHints":{"allow":["GET"]}}],"collection":[{"href":"https:\/\/antiquariat-steinbach.com\/rarebooks\/wp-json\/wp\/v2\/product"}],"about":[{"href":"https:\/\/antiquariat-steinbach.com\/rarebooks\/wp-json\/wp\/v2\/types\/product"}],"version-history":[{"count":1,"href":"https:\/\/antiquariat-steinbach.com\/rarebooks\/wp-json\/wp\/v2\/product\/25480\/revisions"}],"predecessor-version":[{"id":25517,"href":"https:\/\/antiquariat-steinbach.com\/rarebooks\/wp-json\/wp\/v2\/product\/25480\/revisions\/25517"}],"wp:featuredmedia":[{"embeddable":true,"href":"https:\/\/antiquariat-steinbach.com\/rarebooks\/wp-json\/wp\/v2\/media\/25518"}],"wp:attachment":[{"href":"https:\/\/antiquariat-steinbach.com\/rarebooks\/wp-json\/wp\/v2\/media?parent=25480"}],"wp:term":[{"taxonomy":"product_brand","embeddable":true,"href":"https:\/\/antiquariat-steinbach.com\/rarebooks\/wp-json\/wp\/v2\/product_brand?post=25480"},{"taxonomy":"product_cat","embeddable":true,"href":"https:\/\/antiquariat-steinbach.com\/rarebooks\/wp-json\/wp\/v2\/product_cat?post=25480"},{"taxonomy":"product_tag","embeddable":true,"href":"https:\/\/antiquariat-steinbach.com\/rarebooks\/wp-json\/wp\/v2\/product_tag?post=25480"}],"curies":[{"name":"wp","href":"https:\/\/api.w.org\/{rel}","templated":true}]}}