{"id":25473,"date":"2026-03-12T00:12:12","date_gmt":"2026-03-11T23:12:12","guid":{"rendered":"https:\/\/antiquariat-steinbach.com\/rarebooks\/produkt\/joachimsthal-schwabe-anna-gedichte\/"},"modified":"2026-03-12T00:12:13","modified_gmt":"2026-03-11T23:12:13","slug":"joachimsthal-schwabe-anna-gedichte","status":"publish","type":"product","link":"https:\/\/antiquariat-steinbach.com\/rarebooks\/produkt\/joachimsthal-schwabe-anna-gedichte\/","title":{"rendered":"Joachimsthal-Schwabe, Anna. &#8211;  Gedichte."},"content":{"rendered":"<p>Berlin &#8211; Amsterdam, Philo Verlag, 1937.<\/p>\n<p>18,5 : 12 cm. 79 Seiten Original Pappband.<\/p>\n<p>60,00 EUR<\/p>\n","protected":false},"excerpt":{"rendered":"<p>Anna Joachimsthal-Schwabe (geboren als Anna Minna Schwabe 8. Juli 1892 in Varel; gestorben 2. Februar 1937 in Berlin) war eine deutsche Lyrikerin. Sie pr\u00e4gte seit Beginn der 1920er Jahre die j\u00fcdische Literaturszene in Dresden. &#8211; Philo-B\u00fccherei Nr. 7\/8. Auf dem fliegenden Vorsatz Exlbris &#8218;Aus der Wanderb\u00fcchrei des preussischen Landesverbandes j\u00fcdischer Gemeinden. &#8211; Titel gestempelt.<\/p>\n","protected":false},"featured_media":25504,"template":"","meta":[],"product_brand":[],"product_cat":[74,68,32,914],"product_tag":[],"class_list":{"0":"post-25473","1":"product","2":"type-product","3":"status-publish","4":"has-post-thumbnail","6":"product_cat-deutschland","7":"product_cat-judaica","8":"product_cat-literatur","9":"product_cat-zvab","11":"first","12":"instock","13":"purchasable","14":"product-type-simple"},"_links":{"self":[{"href":"https:\/\/antiquariat-steinbach.com\/rarebooks\/wp-json\/wp\/v2\/product\/25473","targetHints":{"allow":["GET"]}}],"collection":[{"href":"https:\/\/antiquariat-steinbach.com\/rarebooks\/wp-json\/wp\/v2\/product"}],"about":[{"href":"https:\/\/antiquariat-steinbach.com\/rarebooks\/wp-json\/wp\/v2\/types\/product"}],"version-history":[{"count":1,"href":"https:\/\/antiquariat-steinbach.com\/rarebooks\/wp-json\/wp\/v2\/product\/25473\/revisions"}],"predecessor-version":[{"id":25503,"href":"https:\/\/antiquariat-steinbach.com\/rarebooks\/wp-json\/wp\/v2\/product\/25473\/revisions\/25503"}],"wp:featuredmedia":[{"embeddable":true,"href":"https:\/\/antiquariat-steinbach.com\/rarebooks\/wp-json\/wp\/v2\/media\/25504"}],"wp:attachment":[{"href":"https:\/\/antiquariat-steinbach.com\/rarebooks\/wp-json\/wp\/v2\/media?parent=25473"}],"wp:term":[{"taxonomy":"product_brand","embeddable":true,"href":"https:\/\/antiquariat-steinbach.com\/rarebooks\/wp-json\/wp\/v2\/product_brand?post=25473"},{"taxonomy":"product_cat","embeddable":true,"href":"https:\/\/antiquariat-steinbach.com\/rarebooks\/wp-json\/wp\/v2\/product_cat?post=25473"},{"taxonomy":"product_tag","embeddable":true,"href":"https:\/\/antiquariat-steinbach.com\/rarebooks\/wp-json\/wp\/v2\/product_tag?post=25473"}],"curies":[{"name":"wp","href":"https:\/\/api.w.org\/{rel}","templated":true}]}}