{"id":25457,"date":"2026-03-12T00:12:47","date_gmt":"2026-03-11T23:12:47","guid":{"rendered":"https:\/\/antiquariat-steinbach.com\/rarebooks\/produkt\/koch-alexander-herausgeber-innen-dekoration-mein-heim-mein-stolz\/"},"modified":"2026-03-12T00:12:48","modified_gmt":"2026-03-11T23:12:48","slug":"koch-alexander-herausgeber-innen-dekoration-mein-heim-mein-stolz","status":"publish","type":"product","link":"https:\/\/antiquariat-steinbach.com\/rarebooks\/produkt\/koch-alexander-herausgeber-innen-dekoration-mein-heim-mein-stolz\/","title":{"rendered":"Koch, Alexander (Herausgeber) &#8211;  Innen-Dekoration. Mein-Heim &#8211; Mein-Stolz."},"content":{"rendered":"<p>Darmstadt, Koch, 1904 &#8211; 1911.<\/p>\n<p>52 Hefte der Reihe in 7 B\u00e4nden. 32 : 24 cm. \u00c4u\u00dferste reichhaltig illustrierte, teilsweise mit montierten farbigen Tafeln. Private Halbleinenb\u00e4nde.<\/p>\n<p>520,00 EUR<\/p>\n","protected":false},"excerpt":{"rendered":"<p>Reichhaltig illustgrierte Kunstzeitschrift f\u00fcr den gesamten Innen-Ausbau mit Beitr\u00e4gen aller zu der Zeit wichtigen Architekten und K\u00fcnstler. -Vorhanden XV.Jg. Heft Okt und Nov. -XVI Jg. Heft Juli, Sept. &#8211; XVII Jg. Heft Februar, M\u00e4rz, November. &#8211; XVIII Jg. Januar, M\u00e4rz bis Dezember (Seiten233\/234 gekelbt). &#8211; XIX Jg. Hefte Februar, April, Juli, Septemb er, Oktober (8 Seiten mit Einrissen). &#8211; XX Jg. Hefte Februar, M\u00e4rz &#8211; September, November. &#8211; XXI Jg. Hefte Januar, M\u00e4rz, Mai &#8211; August, November, Dezember. &#8211; XXII Jg. komplett Hanuar bis Dezember.<\/p>\n","protected":false},"featured_media":0,"template":"","meta":[],"product_brand":[],"product_cat":[48,233,178,252,52,914],"product_tag":[],"class_list":{"0":"post-25457","1":"product","2":"type-product","3":"status-publish","5":"product_cat-architektur","6":"product_cat-innenarchitektur","7":"product_cat-kunstgewerbe","8":"product_cat-kunstzeitschriften","9":"product_cat-zeitschriften","10":"product_cat-zvab","12":"first","13":"instock","14":"purchasable","15":"product-type-simple"},"_links":{"self":[{"href":"https:\/\/antiquariat-steinbach.com\/rarebooks\/wp-json\/wp\/v2\/product\/25457","targetHints":{"allow":["GET"]}}],"collection":[{"href":"https:\/\/antiquariat-steinbach.com\/rarebooks\/wp-json\/wp\/v2\/product"}],"about":[{"href":"https:\/\/antiquariat-steinbach.com\/rarebooks\/wp-json\/wp\/v2\/types\/product"}],"version-history":[{"count":1,"href":"https:\/\/antiquariat-steinbach.com\/rarebooks\/wp-json\/wp\/v2\/product\/25457\/revisions"}],"predecessor-version":[{"id":27812,"href":"https:\/\/antiquariat-steinbach.com\/rarebooks\/wp-json\/wp\/v2\/product\/25457\/revisions\/27812"}],"wp:attachment":[{"href":"https:\/\/antiquariat-steinbach.com\/rarebooks\/wp-json\/wp\/v2\/media?parent=25457"}],"wp:term":[{"taxonomy":"product_brand","embeddable":true,"href":"https:\/\/antiquariat-steinbach.com\/rarebooks\/wp-json\/wp\/v2\/product_brand?post=25457"},{"taxonomy":"product_cat","embeddable":true,"href":"https:\/\/antiquariat-steinbach.com\/rarebooks\/wp-json\/wp\/v2\/product_cat?post=25457"},{"taxonomy":"product_tag","embeddable":true,"href":"https:\/\/antiquariat-steinbach.com\/rarebooks\/wp-json\/wp\/v2\/product_tag?post=25457"}],"curies":[{"name":"wp","href":"https:\/\/api.w.org\/{rel}","templated":true}]}}