{"id":25435,"date":"2026-03-12T00:06:26","date_gmt":"2026-03-11T23:06:26","guid":{"rendered":"https:\/\/antiquariat-steinbach.com\/rarebooks\/produkt\/fashion-colette-colette-toi-text-de-mme-colette-dessins-de-jean-dupas\/"},"modified":"2026-03-12T00:06:27","modified_gmt":"2026-03-11T23:06:27","slug":"fashion-colette-colette-toi-text-de-mme-colette-dessins-de-jean-dupas","status":"publish","type":"product","link":"https:\/\/antiquariat-steinbach.com\/rarebooks\/produkt\/fashion-colette-colette-toi-text-de-mme-colette-dessins-de-jean-dupas\/","title":{"rendered":"Fashion &#8211; Colette &#8211;   Colette. &#8211;  Toi. Text de Mme. Colette. Dessins de Jean Dupas."},"content":{"rendered":"<p>Paris, Draeger, 1927.<\/p>\n<p>27,5 : 22 cm. 8 leaves with the text of Colette, 6 plates by Jean Dupas, 1 mounted plate. Original cloth, original black wrappers  illustrated in silver and red bound in.<\/p>\n<p>2500,00 EUR<\/p>\n","protected":false},"excerpt":{"rendered":"<p>Excellent copy of the album Toi founded by Maison Les Fourrures Max and illustrated by Jean Dupas for the poems of Colette. One of the most beautiful catalogues created in  art-d\u00e9co.&#8220;Ce bel \u00e9tui noir, onr\u00e9 de fleurs rouges et argent, contient de superbes planches en camaieu gris et noir. La provocation des nus f\u00e9minins que Jean Dupas a drap\u00e9 des fourrures de la novelle collection est att\u00e9nu\u00e9 par leur hi\u00e9ratisme de statue&#8220; (in &#8218;Arts et M\u00e9tiers Graphiques&#8216; No.1, 1927 &#8211; Biblioth\u00e8que Exposition Forney 1988. No.18). Jean Dupas (Bordeaux 1882 &#8211; 1964), Grand Prix de Rome of painting in 1910, lead this album to the summit of publicity. &#8211; Some text-pages verso with mist of stains, otherwise a superb copy of this mark stone of art deco.<\/p>\n","protected":false},"featured_media":25436,"template":"","meta":[],"product_brand":[],"product_cat":[160,55,143,121,914],"product_tag":[],"class_list":{"0":"post-25435","1":"product","2":"type-product","3":"status-publish","4":"has-post-thumbnail","6":"product_cat-art-deco","7":"product_cat-fashion","8":"product_cat-francais","9":"product_cat-mode","10":"product_cat-zvab","12":"first","13":"instock","14":"purchasable","15":"product-type-simple"},"_links":{"self":[{"href":"https:\/\/antiquariat-steinbach.com\/rarebooks\/wp-json\/wp\/v2\/product\/25435","targetHints":{"allow":["GET"]}}],"collection":[{"href":"https:\/\/antiquariat-steinbach.com\/rarebooks\/wp-json\/wp\/v2\/product"}],"about":[{"href":"https:\/\/antiquariat-steinbach.com\/rarebooks\/wp-json\/wp\/v2\/types\/product"}],"version-history":[{"count":1,"href":"https:\/\/antiquariat-steinbach.com\/rarebooks\/wp-json\/wp\/v2\/product\/25435\/revisions"}],"predecessor-version":[{"id":27696,"href":"https:\/\/antiquariat-steinbach.com\/rarebooks\/wp-json\/wp\/v2\/product\/25435\/revisions\/27696"}],"wp:featuredmedia":[{"embeddable":true,"href":"https:\/\/antiquariat-steinbach.com\/rarebooks\/wp-json\/wp\/v2\/media\/25436"}],"wp:attachment":[{"href":"https:\/\/antiquariat-steinbach.com\/rarebooks\/wp-json\/wp\/v2\/media?parent=25435"}],"wp:term":[{"taxonomy":"product_brand","embeddable":true,"href":"https:\/\/antiquariat-steinbach.com\/rarebooks\/wp-json\/wp\/v2\/product_brand?post=25435"},{"taxonomy":"product_cat","embeddable":true,"href":"https:\/\/antiquariat-steinbach.com\/rarebooks\/wp-json\/wp\/v2\/product_cat?post=25435"},{"taxonomy":"product_tag","embeddable":true,"href":"https:\/\/antiquariat-steinbach.com\/rarebooks\/wp-json\/wp\/v2\/product_tag?post=25435"}],"curies":[{"name":"wp","href":"https:\/\/api.w.org\/{rel}","templated":true}]}}