{"id":25312,"date":"2026-03-12T00:08:43","date_gmt":"2026-03-11T23:08:43","guid":{"rendered":"https:\/\/antiquariat-steinbach.com\/rarebooks\/produkt\/wien-haeusser-strassen-und-gassen-plan-vom-iii-bezirk-landstrasse-umfassend-die-vorstaedte-weisgaerber-erdberg-und-landstrasse-mit-den-alten-grundbuchs-den-neuen-orientierungs-nummer-und-den\/"},"modified":"2026-03-12T00:08:44","modified_gmt":"2026-03-11T23:08:44","slug":"haeusser-strassen-und-gassen-plan-vom-iii-bezirk-landstrasse-umfassend-die-vorstaedte-weisgaerber-erdberg-und-landstrasse-mit-den-alten-grundbuchs-den-neuen-orientierungs-nummer-und-den-neuen-ga","status":"publish","type":"product","link":"https:\/\/antiquariat-steinbach.com\/rarebooks\/produkt\/haeusser-strassen-und-gassen-plan-vom-iii-bezirk-landstrasse-umfassend-die-vorstaedte-weisgaerber-erdberg-und-landstrasse-mit-den-alten-grundbuchs-den-neuen-orientierungs-nummer-und-den-neuen-ga\/","title":{"rendered":"H\u00e4usser, Strassen- und Gassen-Plan vom III. Bezirk Landstrasse umfassend die Vorst\u00e4dte Weisg\u00e4rber, Erdberg und Landstrasse, mit den alten Grundbuchs, den neuen Orientierungs-Nummer und den neuen Gassenbennenungen."},"content":{"rendered":"<p>Wien,  1862.<\/p>\n<p>99 : 122 cm. Farbige Lithogrpahie Mehrfach gefaltet.<\/p>\n<p>250,00 EUR<\/p>\n","protected":false},"excerpt":{"rendered":"<p>Detaillierter Plan des 3. Wiener Gemeindebezirks. Begrenzt vom Stad-Park und dem 4. Bezirk, sowie von der Donau.<\/p>\n","protected":false},"featured_media":25314,"template":"","meta":[],"product_brand":[],"product_cat":[120,1005,90,914],"product_tag":[],"class_list":{"0":"post-25312","1":"product","2":"type-product","3":"status-publish","4":"has-post-thumbnail","6":"product_cat-landkarten","7":"product_cat-stadtplaene","8":"product_cat-viennensia","9":"product_cat-zvab","11":"first","12":"instock","13":"purchasable","14":"product-type-simple"},"_links":{"self":[{"href":"https:\/\/antiquariat-steinbach.com\/rarebooks\/wp-json\/wp\/v2\/product\/25312","targetHints":{"allow":["GET"]}}],"collection":[{"href":"https:\/\/antiquariat-steinbach.com\/rarebooks\/wp-json\/wp\/v2\/product"}],"about":[{"href":"https:\/\/antiquariat-steinbach.com\/rarebooks\/wp-json\/wp\/v2\/types\/product"}],"version-history":[{"count":3,"href":"https:\/\/antiquariat-steinbach.com\/rarebooks\/wp-json\/wp\/v2\/product\/25312\/revisions"}],"predecessor-version":[{"id":27748,"href":"https:\/\/antiquariat-steinbach.com\/rarebooks\/wp-json\/wp\/v2\/product\/25312\/revisions\/27748"}],"wp:featuredmedia":[{"embeddable":true,"href":"https:\/\/antiquariat-steinbach.com\/rarebooks\/wp-json\/wp\/v2\/media\/25314"}],"wp:attachment":[{"href":"https:\/\/antiquariat-steinbach.com\/rarebooks\/wp-json\/wp\/v2\/media?parent=25312"}],"wp:term":[{"taxonomy":"product_brand","embeddable":true,"href":"https:\/\/antiquariat-steinbach.com\/rarebooks\/wp-json\/wp\/v2\/product_brand?post=25312"},{"taxonomy":"product_cat","embeddable":true,"href":"https:\/\/antiquariat-steinbach.com\/rarebooks\/wp-json\/wp\/v2\/product_cat?post=25312"},{"taxonomy":"product_tag","embeddable":true,"href":"https:\/\/antiquariat-steinbach.com\/rarebooks\/wp-json\/wp\/v2\/product_tag?post=25312"}],"curies":[{"name":"wp","href":"https:\/\/api.w.org\/{rel}","templated":true}]}}