{"id":25255,"date":"2026-03-12T00:16:56","date_gmt":"2026-03-11T23:16:56","guid":{"rendered":"https:\/\/antiquariat-steinbach.com\/rarebooks\/produkt\/muenchen-betriebs-und-verwaltungsgebaeude-des-kgl-hofbraeuhauses-muenchen-an-der-inneren-wiener-strasse\/"},"modified":"2026-03-12T00:16:57","modified_gmt":"2026-03-11T23:16:57","slug":"muenchen-betriebs-und-verwaltungsgebaeude-des-kgl-hofbraeuhauses-muenchen-an-der-inneren-wiener-strasse","status":"publish","type":"product","link":"https:\/\/antiquariat-steinbach.com\/rarebooks\/produkt\/muenchen-betriebs-und-verwaltungsgebaeude-des-kgl-hofbraeuhauses-muenchen-an-der-inneren-wiener-strasse\/","title":{"rendered":"M\u00fcnchen &#8211;   Betriebs- und Verwaltungsgeb\u00e4ude des Kgl. Hofbr\u00e4uhauses &#8211; M\u00fcnchen, an der inneren Wiener Strasse."},"content":{"rendered":"<p>Stuttgart, Eckstein &#038; St\u00e4hle, um 1890,<\/p>\n<p>29,5 : 42 cm (Darstellung) &#8211; 50 : 64 cm Get\u00f6nte Lithographie<\/p>\n<p>180,00 EUR<\/p>\n","protected":false},"excerpt":{"rendered":"<p>Vogelschau-Ansicht des Brauereigeb\u00e4udes des 1896 in Betrieb genommen wurde, im Hintergrund Ansicht der Stadt M\u00fcnchen. Mit zwei kleinen Detailansichten aus den Innenh\u00f6fen der Anlage. Die innere Wiener Strasse belebt mit Fu\u00dfg\u00e4ngern und Pferedefuhrwerken.<\/p>\n","protected":false},"featured_media":25257,"template":"","meta":[],"product_brand":[],"product_cat":[83,432,273,748,914],"product_tag":[],"class_list":{"0":"post-25255","1":"product","2":"type-product","3":"status-publish","4":"has-post-thumbnail","6":"product_cat-ansichten","7":"product_cat-ansichten-bayern","8":"product_cat-bier","9":"product_cat-muenchen-stadtplaene","10":"product_cat-zvab","12":"first","13":"instock","14":"purchasable","15":"product-type-simple"},"_links":{"self":[{"href":"https:\/\/antiquariat-steinbach.com\/rarebooks\/wp-json\/wp\/v2\/product\/25255","targetHints":{"allow":["GET"]}}],"collection":[{"href":"https:\/\/antiquariat-steinbach.com\/rarebooks\/wp-json\/wp\/v2\/product"}],"about":[{"href":"https:\/\/antiquariat-steinbach.com\/rarebooks\/wp-json\/wp\/v2\/types\/product"}],"version-history":[{"count":1,"href":"https:\/\/antiquariat-steinbach.com\/rarebooks\/wp-json\/wp\/v2\/product\/25255\/revisions"}],"predecessor-version":[{"id":25256,"href":"https:\/\/antiquariat-steinbach.com\/rarebooks\/wp-json\/wp\/v2\/product\/25255\/revisions\/25256"}],"wp:featuredmedia":[{"embeddable":true,"href":"https:\/\/antiquariat-steinbach.com\/rarebooks\/wp-json\/wp\/v2\/media\/25257"}],"wp:attachment":[{"href":"https:\/\/antiquariat-steinbach.com\/rarebooks\/wp-json\/wp\/v2\/media?parent=25255"}],"wp:term":[{"taxonomy":"product_brand","embeddable":true,"href":"https:\/\/antiquariat-steinbach.com\/rarebooks\/wp-json\/wp\/v2\/product_brand?post=25255"},{"taxonomy":"product_cat","embeddable":true,"href":"https:\/\/antiquariat-steinbach.com\/rarebooks\/wp-json\/wp\/v2\/product_cat?post=25255"},{"taxonomy":"product_tag","embeddable":true,"href":"https:\/\/antiquariat-steinbach.com\/rarebooks\/wp-json\/wp\/v2\/product_tag?post=25255"}],"curies":[{"name":"wp","href":"https:\/\/api.w.org\/{rel}","templated":true}]}}