{"id":25230,"date":"2026-03-12T00:12:18","date_gmt":"2026-03-11T23:12:18","guid":{"rendered":"https:\/\/antiquariat-steinbach.com\/rarebooks\/produkt\/jungnickel-ludwig-heinrich-1881-1965-aus-der-reitschule-2\/"},"modified":"2026-03-12T00:12:20","modified_gmt":"2026-03-11T23:12:20","slug":"jungnickel-ludwig-heinrich-1881-1965-aus-der-reitschule-2","status":"publish","type":"product","link":"https:\/\/antiquariat-steinbach.com\/rarebooks\/produkt\/jungnickel-ludwig-heinrich-1881-1965-aus-der-reitschule-2\/","title":{"rendered":"Jungnickel, Ludwig Heinrich (1881-1965): &#8211;  Aus der Reitschule."},"content":{"rendered":"<p>Wien, (1922).<\/p>\n<p>44,5 : 55,5 cm. Original-Farblithographie. Mit Bleistift signiert und zus\u00e4tzlich im Stein signiert.<\/p>\n<p>150,00 EUR<\/p>\n","protected":false},"excerpt":{"rendered":"<p>Ludwig Heinrich Jungnickel (1881 Wunsiedel &#8211; 1965 Wien) deutsch-\u00f6sterreichischer Maler und Illustrator, wurde vor allem durch seine Tierbilder bekannt. 1908 stellte er seine ersten Farbholzschnitte auf der Kunstschau in Wien aus, dem folgte 1908 eine Serie von Tierdarstellung aus dem Tiergarten Sch\u00f6nbrunn. Diese brachten ihm internationle Anerkennung ein. Er war auch Mitarbeiter der Wiener Werkst\u00e4tte. &#8211; Zeigt zwei reitende Araber. Rechts unten in Bleistift signiert. Auf B\u00fctten. &#8211; \u00c4usserste R\u00e4nder minimla gebr\u00e4unt, Darstellung saueber.<\/p>\n","protected":false},"featured_media":25232,"template":"","meta":[],"product_brand":[],"product_cat":[153,660,586,316,914],"product_tag":[],"class_list":{"0":"post-25230","1":"product","2":"type-product","3":"status-publish","4":"has-post-thumbnail","6":"product_cat-graphik","7":"product_cat-jungnickel","8":"product_cat-orient","9":"product_cat-pferde","10":"product_cat-zvab","12":"first","13":"instock","14":"purchasable","15":"product-type-simple"},"_links":{"self":[{"href":"https:\/\/antiquariat-steinbach.com\/rarebooks\/wp-json\/wp\/v2\/product\/25230","targetHints":{"allow":["GET"]}}],"collection":[{"href":"https:\/\/antiquariat-steinbach.com\/rarebooks\/wp-json\/wp\/v2\/product"}],"about":[{"href":"https:\/\/antiquariat-steinbach.com\/rarebooks\/wp-json\/wp\/v2\/types\/product"}],"version-history":[{"count":1,"href":"https:\/\/antiquariat-steinbach.com\/rarebooks\/wp-json\/wp\/v2\/product\/25230\/revisions"}],"predecessor-version":[{"id":25231,"href":"https:\/\/antiquariat-steinbach.com\/rarebooks\/wp-json\/wp\/v2\/product\/25230\/revisions\/25231"}],"wp:featuredmedia":[{"embeddable":true,"href":"https:\/\/antiquariat-steinbach.com\/rarebooks\/wp-json\/wp\/v2\/media\/25232"}],"wp:attachment":[{"href":"https:\/\/antiquariat-steinbach.com\/rarebooks\/wp-json\/wp\/v2\/media?parent=25230"}],"wp:term":[{"taxonomy":"product_brand","embeddable":true,"href":"https:\/\/antiquariat-steinbach.com\/rarebooks\/wp-json\/wp\/v2\/product_brand?post=25230"},{"taxonomy":"product_cat","embeddable":true,"href":"https:\/\/antiquariat-steinbach.com\/rarebooks\/wp-json\/wp\/v2\/product_cat?post=25230"},{"taxonomy":"product_tag","embeddable":true,"href":"https:\/\/antiquariat-steinbach.com\/rarebooks\/wp-json\/wp\/v2\/product_tag?post=25230"}],"curies":[{"name":"wp","href":"https:\/\/api.w.org\/{rel}","templated":true}]}}