{"id":2523,"date":"2026-03-12T00:06:22","date_gmt":"2026-03-11T23:06:22","guid":{"rendered":"http:\/\/antiquariat-steinbach.com\/rarebooks\/produkt\/parzival\/"},"modified":"2026-03-12T00:06:22","modified_gmt":"2026-03-11T23:06:22","slug":"falch-ernst-parzival","status":"publish","type":"product","link":"https:\/\/antiquariat-steinbach.com\/rarebooks\/produkt\/falch-ernst-parzival\/","title":{"rendered":"Falch, Ernst: &#8211;  Parzival."},"content":{"rendered":"<p>M\u00fcnchen, Phoebus o.J.<\/p>\n<p>16 : 12,5 cm. 102 Seiten, 1 Blatt mit 12 Farbtafeln von A. Spie\u00df und F.v. Piloty. Illustrierter Original-Pappband.<\/p>\n<p>20,00 EUR<\/p>\n","protected":false},"excerpt":{"rendered":"<p>Die Farbtafeln nach den Wandgem\u00e4lden in Schlo\u00df Neuschwanstein. &#8211; Forellen-B\u00fccher Band 20. &#8211; Etwas stockfleckig.<\/p>\n","protected":false},"featured_media":22540,"template":"","meta":[],"product_brand":[],"product_cat":[60,914],"product_tag":[],"class_list":{"0":"post-2523","1":"product","2":"type-product","3":"status-publish","4":"has-post-thumbnail","6":"product_cat-kinderbuecher","7":"product_cat-zvab","9":"first","10":"instock","11":"purchasable","12":"product-type-simple"},"_links":{"self":[{"href":"https:\/\/antiquariat-steinbach.com\/rarebooks\/wp-json\/wp\/v2\/product\/2523","targetHints":{"allow":["GET"]}}],"collection":[{"href":"https:\/\/antiquariat-steinbach.com\/rarebooks\/wp-json\/wp\/v2\/product"}],"about":[{"href":"https:\/\/antiquariat-steinbach.com\/rarebooks\/wp-json\/wp\/v2\/types\/product"}],"version-history":[{"count":3,"href":"https:\/\/antiquariat-steinbach.com\/rarebooks\/wp-json\/wp\/v2\/product\/2523\/revisions"}],"predecessor-version":[{"id":19299,"href":"https:\/\/antiquariat-steinbach.com\/rarebooks\/wp-json\/wp\/v2\/product\/2523\/revisions\/19299"}],"wp:featuredmedia":[{"embeddable":true,"href":"https:\/\/antiquariat-steinbach.com\/rarebooks\/wp-json\/wp\/v2\/media\/22540"}],"wp:attachment":[{"href":"https:\/\/antiquariat-steinbach.com\/rarebooks\/wp-json\/wp\/v2\/media?parent=2523"}],"wp:term":[{"taxonomy":"product_brand","embeddable":true,"href":"https:\/\/antiquariat-steinbach.com\/rarebooks\/wp-json\/wp\/v2\/product_brand?post=2523"},{"taxonomy":"product_cat","embeddable":true,"href":"https:\/\/antiquariat-steinbach.com\/rarebooks\/wp-json\/wp\/v2\/product_cat?post=2523"},{"taxonomy":"product_tag","embeddable":true,"href":"https:\/\/antiquariat-steinbach.com\/rarebooks\/wp-json\/wp\/v2\/product_tag?post=2523"}],"curies":[{"name":"wp","href":"https:\/\/api.w.org\/{rel}","templated":true}]}}