{"id":25228,"date":"2026-03-12T00:12:16","date_gmt":"2026-03-11T23:12:16","guid":{"rendered":"https:\/\/antiquariat-steinbach.com\/rarebooks\/produkt\/jugend-hirth-g-editor-jugend\/"},"modified":"2026-03-12T00:12:18","modified_gmt":"2026-03-11T23:12:18","slug":"jugend-hirth-g-editor-jugend","status":"publish","type":"product","link":"https:\/\/antiquariat-steinbach.com\/rarebooks\/produkt\/jugend-hirth-g-editor-jugend\/","title":{"rendered":"Jugend &#8211;   Hirth, G. editor &#8211;  Jugend."},"content":{"rendered":"<p>Munich and Leipzig, Hirth&#8217;s Kunstverlag, 1898<\/p>\n<p>3. year, 52 issues in two volumes. 30,5 : 23,5 cm. With many mostly coloured plates and illustrations. Illustrated original clth, edges decorated in colours. ( original coloured wrapperd bound in9.<\/p>\n<p>320,00 EUR<\/p>\n","protected":false},"excerpt":{"rendered":"<p>The third  year of the famous journal, here in the very rare original editors binding, with striking gilt illusstrations on the boards. The journal gave the name for an entire arts movement &#8218;Jugendstil&#8216; the German equivalent to Art Nouveau. Jugend (German: &#8222;Youth&#8220;) (1896\u20131940) was an influential German arts magazine. Founded in Munich by Georg Hirth who edited it until his death in 1916, the weekly was originally intended to showcase German Arts and Crafts, but became famous for showcasing the German version of Art Nouveau instead. It was also famed for its &#8222;shockingly brilliant covers and radical editorial tone&#8220; and for its avant-garde influence on German arts and culture for decades, ultimately launching the eponymous Jugendstil (&#8222;Youth Style&#8220;) movement in Munich, Weimar and Germany&#8217;s Darmstadt Artists&#8216; Colony.  Ber\u00fchmte Zeitschrift, die mit ihrem Titel sp\u00e4ter den Namen f\u00fcr eine ganze Stilbewegung gab. &#8222;Diese literarische Produktionszeitschrift mit kritischer Haltung bietet zahllose literarische Kurzbeitr\u00e4ge verschiedenster, meist bewegter Art, von Gedicht und Kurzerz\u00e4hlung bis zu Satire und Witz, belebt durch unz\u00e4hlige z.Tl. farbige Kunstbl\u00e4tter, Textillustrationen, Karikaturen und durch Buchschmuck jeder Art, Technik und Qualit\u00e4t&#8230;erlangte ihre gro\u00dfe Bedeutung und Wirksamkeit durch das Prinzip, alles Lebensvolle, Jugendliche in seiner ganzen Vielfalt und Freiheit und sinnlichen Frische zu vertreten&#8230;Ihrer Anlage gem\u00e4\u00df war sie ein Sprungbrett f\u00fcr viele junge K\u00fcnstler und Literaten&#8220; (Schlawe). &#8211; dges in colours in &#8218;Jugendstil, also the endpapers. &#8211; &#8218; The heavy book-block of volume 1 minimal loosened, bindings a bit dusty.<\/p>\n","protected":false},"featured_media":25229,"template":"","meta":[],"product_brand":[],"product_cat":[29,43,1006,49,52,914],"product_tag":[],"class_list":{"0":"post-25228","1":"product","2":"type-product","3":"status-publish","4":"has-post-thumbnail","6":"product_cat-20-jahrhundert","7":"product_cat-illustrierte-buecher","8":"product_cat-jugend","9":"product_cat-jugendstil","10":"product_cat-zeitschriften","11":"product_cat-zvab","13":"first","14":"instock","15":"purchasable","16":"product-type-simple"},"_links":{"self":[{"href":"https:\/\/antiquariat-steinbach.com\/rarebooks\/wp-json\/wp\/v2\/product\/25228","targetHints":{"allow":["GET"]}}],"collection":[{"href":"https:\/\/antiquariat-steinbach.com\/rarebooks\/wp-json\/wp\/v2\/product"}],"about":[{"href":"https:\/\/antiquariat-steinbach.com\/rarebooks\/wp-json\/wp\/v2\/types\/product"}],"version-history":[{"count":1,"href":"https:\/\/antiquariat-steinbach.com\/rarebooks\/wp-json\/wp\/v2\/product\/25228\/revisions"}],"predecessor-version":[{"id":27799,"href":"https:\/\/antiquariat-steinbach.com\/rarebooks\/wp-json\/wp\/v2\/product\/25228\/revisions\/27799"}],"wp:featuredmedia":[{"embeddable":true,"href":"https:\/\/antiquariat-steinbach.com\/rarebooks\/wp-json\/wp\/v2\/media\/25229"}],"wp:attachment":[{"href":"https:\/\/antiquariat-steinbach.com\/rarebooks\/wp-json\/wp\/v2\/media?parent=25228"}],"wp:term":[{"taxonomy":"product_brand","embeddable":true,"href":"https:\/\/antiquariat-steinbach.com\/rarebooks\/wp-json\/wp\/v2\/product_brand?post=25228"},{"taxonomy":"product_cat","embeddable":true,"href":"https:\/\/antiquariat-steinbach.com\/rarebooks\/wp-json\/wp\/v2\/product_cat?post=25228"},{"taxonomy":"product_tag","embeddable":true,"href":"https:\/\/antiquariat-steinbach.com\/rarebooks\/wp-json\/wp\/v2\/product_tag?post=25228"}],"curies":[{"name":"wp","href":"https:\/\/api.w.org\/{rel}","templated":true}]}}