{"id":25219,"date":"2026-03-12T00:10:12","date_gmt":"2026-03-11T23:10:12","guid":{"rendered":"https:\/\/antiquariat-steinbach.com\/rarebooks\/produkt\/hevesi-ludwig-der-zug-um-den-mund\/"},"modified":"2026-03-12T00:10:14","modified_gmt":"2026-03-11T23:10:14","slug":"hevesi-ludwig-der-zug-um-den-mund","status":"publish","type":"product","link":"https:\/\/antiquariat-steinbach.com\/rarebooks\/produkt\/hevesi-ludwig-der-zug-um-den-mund\/","title":{"rendered":"Hevesi, Ludwig. &#8211;  Der Zug um den Mund."},"content":{"rendered":"<p>Stuttgart, Bonz, 1907.<\/p>\n<p>16,5 : 12 cm. 3 Blatt, 208 Seiten. Original Leinenband mit Titel in Gold auf dem Vorderdeckel.<\/p>\n<p>60,00 EUR<\/p>\n","protected":false},"excerpt":{"rendered":"<p>Erste Ausgabe. &#8211; Sammlung von kurzen Humoresken wie &#8218;Wie werde ich Schriftsteller&#8216;, &#8218;Rudolf von Alt&#8216;, &#8218;Das Wort, das t\u00f6tet&#8216; etc. &#8211; Ludwig Hevesi (Pseudonym), urspr\u00fcnglich bis 1872: Ludwig Hirsch bzw. Lajos L\u00f6vy (* 20. Dezember 1843 in Heves, Ungarn; \u2020 27. Februar 1910 in Wien) war ein ungarisch-\u00f6sterreichischer Schriftsteller, Journalist und der bedeutendste Kunstkritiker seiner Zeit. &#8211; Einband gering angestaubt.<\/p>\n","protected":false},"featured_media":25220,"template":"","meta":[],"product_brand":[],"product_cat":[71,69,32,914],"product_tag":[],"class_list":{"0":"post-25219","1":"product","2":"type-product","3":"status-publish","4":"has-post-thumbnail","6":"product_cat-austriaca","7":"product_cat-kunstgeschichte","8":"product_cat-literatur","9":"product_cat-zvab","11":"first","12":"instock","13":"purchasable","14":"product-type-simple"},"_links":{"self":[{"href":"https:\/\/antiquariat-steinbach.com\/rarebooks\/wp-json\/wp\/v2\/product\/25219","targetHints":{"allow":["GET"]}}],"collection":[{"href":"https:\/\/antiquariat-steinbach.com\/rarebooks\/wp-json\/wp\/v2\/product"}],"about":[{"href":"https:\/\/antiquariat-steinbach.com\/rarebooks\/wp-json\/wp\/v2\/types\/product"}],"version-history":[{"count":1,"href":"https:\/\/antiquariat-steinbach.com\/rarebooks\/wp-json\/wp\/v2\/product\/25219\/revisions"}],"predecessor-version":[{"id":27759,"href":"https:\/\/antiquariat-steinbach.com\/rarebooks\/wp-json\/wp\/v2\/product\/25219\/revisions\/27759"}],"wp:featuredmedia":[{"embeddable":true,"href":"https:\/\/antiquariat-steinbach.com\/rarebooks\/wp-json\/wp\/v2\/media\/25220"}],"wp:attachment":[{"href":"https:\/\/antiquariat-steinbach.com\/rarebooks\/wp-json\/wp\/v2\/media?parent=25219"}],"wp:term":[{"taxonomy":"product_brand","embeddable":true,"href":"https:\/\/antiquariat-steinbach.com\/rarebooks\/wp-json\/wp\/v2\/product_brand?post=25219"},{"taxonomy":"product_cat","embeddable":true,"href":"https:\/\/antiquariat-steinbach.com\/rarebooks\/wp-json\/wp\/v2\/product_cat?post=25219"},{"taxonomy":"product_tag","embeddable":true,"href":"https:\/\/antiquariat-steinbach.com\/rarebooks\/wp-json\/wp\/v2\/product_tag?post=25219"}],"curies":[{"name":"wp","href":"https:\/\/api.w.org\/{rel}","templated":true}]}}