{"id":25184,"date":"2026-03-12T00:06:01","date_gmt":"2026-03-11T23:06:01","guid":{"rendered":"https:\/\/antiquariat-steinbach.com\/rarebooks\/produkt\/entwuerfe-fuer-bauernmoebel\/"},"modified":"2026-03-12T00:06:03","modified_gmt":"2026-03-11T23:06:03","slug":"entwuerfe-fuer-bauernmoebel","status":"publish","type":"product","link":"https:\/\/antiquariat-steinbach.com\/rarebooks\/produkt\/entwuerfe-fuer-bauernmoebel\/","title":{"rendered":"Entw\u00fcrfe f\u00fcr Bauernm\u00f6bel."},"content":{"rendered":"<p>Garmisch, um 1950<\/p>\n<p>23 : 29,5 cm Farbige Aquarelle auf Rauhfaserpapiert. Auf festem Karton montiert in Halbleinen gebunden.<\/p>\n<p>95,00 EUR<\/p>\n","protected":false},"excerpt":{"rendered":"<p>Detailliert ausgef\u00fchrte Aquarelle f\u00fcr einen Bauernschranks, Schreibtisch, Tisch und St\u00fchle.<\/p>\n","protected":false},"featured_media":25185,"template":"","meta":[],"product_brand":[],"product_cat":[116,259,232,914],"product_tag":[],"class_list":{"0":"post-25184","1":"product","2":"type-product","3":"status-publish","4":"has-post-thumbnail","6":"product_cat-bavarica","7":"product_cat-handwerk","8":"product_cat-moebel","9":"product_cat-zvab","11":"first","12":"instock","13":"purchasable","14":"product-type-simple"},"_links":{"self":[{"href":"https:\/\/antiquariat-steinbach.com\/rarebooks\/wp-json\/wp\/v2\/product\/25184","targetHints":{"allow":["GET"]}}],"collection":[{"href":"https:\/\/antiquariat-steinbach.com\/rarebooks\/wp-json\/wp\/v2\/product"}],"about":[{"href":"https:\/\/antiquariat-steinbach.com\/rarebooks\/wp-json\/wp\/v2\/types\/product"}],"version-history":[{"count":2,"href":"https:\/\/antiquariat-steinbach.com\/rarebooks\/wp-json\/wp\/v2\/product\/25184\/revisions"}],"predecessor-version":[{"id":28725,"href":"https:\/\/antiquariat-steinbach.com\/rarebooks\/wp-json\/wp\/v2\/product\/25184\/revisions\/28725"}],"wp:featuredmedia":[{"embeddable":true,"href":"https:\/\/antiquariat-steinbach.com\/rarebooks\/wp-json\/wp\/v2\/media\/25185"}],"wp:attachment":[{"href":"https:\/\/antiquariat-steinbach.com\/rarebooks\/wp-json\/wp\/v2\/media?parent=25184"}],"wp:term":[{"taxonomy":"product_brand","embeddable":true,"href":"https:\/\/antiquariat-steinbach.com\/rarebooks\/wp-json\/wp\/v2\/product_brand?post=25184"},{"taxonomy":"product_cat","embeddable":true,"href":"https:\/\/antiquariat-steinbach.com\/rarebooks\/wp-json\/wp\/v2\/product_cat?post=25184"},{"taxonomy":"product_tag","embeddable":true,"href":"https:\/\/antiquariat-steinbach.com\/rarebooks\/wp-json\/wp\/v2\/product_tag?post=25184"}],"curies":[{"name":"wp","href":"https:\/\/api.w.org\/{rel}","templated":true}]}}