{"id":25176,"date":"2026-03-12T00:28:48","date_gmt":"2026-03-11T23:28:48","guid":{"rendered":"https:\/\/antiquariat-steinbach.com\/rarebooks\/produkt\/zwei-bauernhaeuser-zwischen-baeumen-an-einem-wald\/"},"modified":"2026-03-12T00:28:51","modified_gmt":"2026-03-11T23:28:51","slug":"zwei-bauernhaeuser-zwischen-baeumen-an-einem-wald","status":"publish","type":"product","link":"https:\/\/antiquariat-steinbach.com\/rarebooks\/produkt\/zwei-bauernhaeuser-zwischen-baeumen-an-einem-wald\/","title":{"rendered":"Zwei Bauernh\u00e4user zwischen B\u00e4umen an einem Wald."},"content":{"rendered":"<p>S\u00fcddeutsche ober Schweiz um 1820.<\/p>\n<p>15,8 : 21,7 cm. Guache \u00fcber altkolorierter Lithographie. Unter Glas in vergoldetem Rahmen.<\/p>\n<p>750,00 EUR<\/p>\n","protected":false},"excerpt":{"rendered":"<p>\u00c4u\u00dferst reizvoll, qualitativ hochstehende Darstellung in pr\u00e4ziser Ausf\u00fchrung. Auserordentlich Farbfrisch und tadellos erhalten.<\/p>\n","protected":false},"featured_media":25178,"template":"","meta":[],"product_brand":[],"product_cat":[83,317,76,914],"product_tag":[],"class_list":{"0":"post-25176","1":"product","2":"type-product","3":"status-publish","4":"has-post-thumbnail","6":"product_cat-ansichten","7":"product_cat-kuenstlergraphik","8":"product_cat-schweiz","9":"product_cat-zvab","11":"first","12":"instock","13":"purchasable","14":"product-type-simple"},"_links":{"self":[{"href":"https:\/\/antiquariat-steinbach.com\/rarebooks\/wp-json\/wp\/v2\/product\/25176","targetHints":{"allow":["GET"]}}],"collection":[{"href":"https:\/\/antiquariat-steinbach.com\/rarebooks\/wp-json\/wp\/v2\/product"}],"about":[{"href":"https:\/\/antiquariat-steinbach.com\/rarebooks\/wp-json\/wp\/v2\/types\/product"}],"version-history":[{"count":1,"href":"https:\/\/antiquariat-steinbach.com\/rarebooks\/wp-json\/wp\/v2\/product\/25176\/revisions"}],"predecessor-version":[{"id":25177,"href":"https:\/\/antiquariat-steinbach.com\/rarebooks\/wp-json\/wp\/v2\/product\/25176\/revisions\/25177"}],"wp:featuredmedia":[{"embeddable":true,"href":"https:\/\/antiquariat-steinbach.com\/rarebooks\/wp-json\/wp\/v2\/media\/25178"}],"wp:attachment":[{"href":"https:\/\/antiquariat-steinbach.com\/rarebooks\/wp-json\/wp\/v2\/media?parent=25176"}],"wp:term":[{"taxonomy":"product_brand","embeddable":true,"href":"https:\/\/antiquariat-steinbach.com\/rarebooks\/wp-json\/wp\/v2\/product_brand?post=25176"},{"taxonomy":"product_cat","embeddable":true,"href":"https:\/\/antiquariat-steinbach.com\/rarebooks\/wp-json\/wp\/v2\/product_cat?post=25176"},{"taxonomy":"product_tag","embeddable":true,"href":"https:\/\/antiquariat-steinbach.com\/rarebooks\/wp-json\/wp\/v2\/product_tag?post=25176"}],"curies":[{"name":"wp","href":"https:\/\/api.w.org\/{rel}","templated":true}]}}