{"id":25174,"date":"2026-03-12T00:28:45","date_gmt":"2026-03-11T23:28:45","guid":{"rendered":"https:\/\/antiquariat-steinbach.com\/rarebooks\/produkt\/zille-heinrich-huren-gespraeche-gehoert-geschrieben-und-gezeichnet-von-heinrich-zille-unter-dem-pseudonym-w-pfeifer\/"},"modified":"2026-03-12T00:28:46","modified_gmt":"2026-03-11T23:28:46","slug":"zille-heinrich-huren-gespraeche-gehoert-geschrieben-und-gezeichnet-von-heinrich-zille-unter-dem-pseudonym-w-pfeifer","status":"publish","type":"product","link":"https:\/\/antiquariat-steinbach.com\/rarebooks\/produkt\/zille-heinrich-huren-gespraeche-gehoert-geschrieben-und-gezeichnet-von-heinrich-zille-unter-dem-pseudonym-w-pfeifer\/","title":{"rendered":"Zille, Heinrich. &#8211;  Huren-Gespr\u00e4che geh\u00f6rt, geschrieben und gezeichnet von Heinrich Zille unter dem Pseudonym W.Pfeifer."},"content":{"rendered":"<p>Hannover, Fackeltr\u00e4ger Verlag,  1989.<\/p>\n<p>2 B\u00e4nde- 38 : 28 cm. 36 Seiten mit Abbildungen, 42 Blatt Faksimile von Text und Zeichnungen der Originalausgabe. Illustrierter Original Karton in illustriertem Original-Schuber.<\/p>\n<p>70,00 EUR<\/p>\n","protected":false},"excerpt":{"rendered":"<p>Tadelloses Exemplar im Schuber. Zur Orig.-Ausgabe vgl. Hayn-Gotendorf IX.640. * Eins von 1000 handschr. numer. Exemplaren. &#8211; &#8222;Diese Hurengespr\u00e4che sind wohl das ersch\u00fctterndste Dokument der entsetzlichen Verwahrlosung unseres Zeitalters, f\u00f6rmlich zum Aufschreien, aber der Schrei bleibt einem in der Kehle stecken. Das sind keine verkl\u00e4renden Phantasien, das ist buchstabengetreu abgeschriebene Wirklichkeit&#8220; (Ed. Fuchs, Geschichte d. erotischen Kunst, 1924).<\/p>\n","protected":false},"featured_media":0,"template":"","meta":[],"product_brand":[],"product_cat":[152,261,911,910,914],"product_tag":[],"class_list":{"0":"post-25174","1":"product","2":"type-product","3":"status-publish","5":"product_cat-erotica","6":"product_cat-faksimile","7":"product_cat-heinrich","8":"product_cat-zille","9":"product_cat-zvab","11":"first","12":"instock","13":"purchasable","14":"product-type-simple"},"_links":{"self":[{"href":"https:\/\/antiquariat-steinbach.com\/rarebooks\/wp-json\/wp\/v2\/product\/25174","targetHints":{"allow":["GET"]}}],"collection":[{"href":"https:\/\/antiquariat-steinbach.com\/rarebooks\/wp-json\/wp\/v2\/product"}],"about":[{"href":"https:\/\/antiquariat-steinbach.com\/rarebooks\/wp-json\/wp\/v2\/types\/product"}],"version-history":[{"count":1,"href":"https:\/\/antiquariat-steinbach.com\/rarebooks\/wp-json\/wp\/v2\/product\/25174\/revisions"}],"predecessor-version":[{"id":25175,"href":"https:\/\/antiquariat-steinbach.com\/rarebooks\/wp-json\/wp\/v2\/product\/25174\/revisions\/25175"}],"wp:attachment":[{"href":"https:\/\/antiquariat-steinbach.com\/rarebooks\/wp-json\/wp\/v2\/media?parent=25174"}],"wp:term":[{"taxonomy":"product_brand","embeddable":true,"href":"https:\/\/antiquariat-steinbach.com\/rarebooks\/wp-json\/wp\/v2\/product_brand?post=25174"},{"taxonomy":"product_cat","embeddable":true,"href":"https:\/\/antiquariat-steinbach.com\/rarebooks\/wp-json\/wp\/v2\/product_cat?post=25174"},{"taxonomy":"product_tag","embeddable":true,"href":"https:\/\/antiquariat-steinbach.com\/rarebooks\/wp-json\/wp\/v2\/product_tag?post=25174"}],"curies":[{"name":"wp","href":"https:\/\/api.w.org\/{rel}","templated":true}]}}