{"id":25155,"date":"2026-03-12T00:26:58","date_gmt":"2026-03-11T23:26:58","guid":{"rendered":"https:\/\/antiquariat-steinbach.com\/rarebooks\/produkt\/wolff-andreas-ein-buchhaendler-um-1860-in-st-petersburg-ueber-meinen-grossvater\/"},"modified":"2026-03-12T00:27:00","modified_gmt":"2026-03-11T23:27:00","slug":"wolff-andreas-ein-buchhaendler-um-1860-in-st-petersburg-ueber-meinen-grossvater","status":"publish","type":"product","link":"https:\/\/antiquariat-steinbach.com\/rarebooks\/produkt\/wolff-andreas-ein-buchhaendler-um-1860-in-st-petersburg-ueber-meinen-grossvater\/","title":{"rendered":"Wolff, Andreas. &#8211;  Ein Buchh\u00e4ndler um 1860 in St. Petersburg. \u00dcber meinen Gro\u00dfvater."},"content":{"rendered":"<p>Berlin, Friedenauer Presse, 1967.<\/p>\n<p>25 : 17 cm. 12 Seiten. Original Karton.<\/p>\n<p>18,00 EUR<\/p>\n","protected":false},"excerpt":{"rendered":"<p>Privatdruck f\u00fcr die Freunde der Wolff&#8217;s B\u00fccherei, in 200 Exemplaren erschienen.<\/p>\n","protected":false},"featured_media":25157,"template":"","meta":[],"product_brand":[],"product_cat":[99,831,914],"product_tag":[],"class_list":{"0":"post-25155","1":"product","2":"type-product","3":"status-publish","4":"has-post-thumbnail","6":"product_cat-buchwesen","7":"product_cat-verlagswesen","8":"product_cat-zvab","10":"first","11":"instock","12":"purchasable","13":"product-type-simple"},"_links":{"self":[{"href":"https:\/\/antiquariat-steinbach.com\/rarebooks\/wp-json\/wp\/v2\/product\/25155","targetHints":{"allow":["GET"]}}],"collection":[{"href":"https:\/\/antiquariat-steinbach.com\/rarebooks\/wp-json\/wp\/v2\/product"}],"about":[{"href":"https:\/\/antiquariat-steinbach.com\/rarebooks\/wp-json\/wp\/v2\/types\/product"}],"version-history":[{"count":1,"href":"https:\/\/antiquariat-steinbach.com\/rarebooks\/wp-json\/wp\/v2\/product\/25155\/revisions"}],"predecessor-version":[{"id":25156,"href":"https:\/\/antiquariat-steinbach.com\/rarebooks\/wp-json\/wp\/v2\/product\/25155\/revisions\/25156"}],"wp:featuredmedia":[{"embeddable":true,"href":"https:\/\/antiquariat-steinbach.com\/rarebooks\/wp-json\/wp\/v2\/media\/25157"}],"wp:attachment":[{"href":"https:\/\/antiquariat-steinbach.com\/rarebooks\/wp-json\/wp\/v2\/media?parent=25155"}],"wp:term":[{"taxonomy":"product_brand","embeddable":true,"href":"https:\/\/antiquariat-steinbach.com\/rarebooks\/wp-json\/wp\/v2\/product_brand?post=25155"},{"taxonomy":"product_cat","embeddable":true,"href":"https:\/\/antiquariat-steinbach.com\/rarebooks\/wp-json\/wp\/v2\/product_cat?post=25155"},{"taxonomy":"product_tag","embeddable":true,"href":"https:\/\/antiquariat-steinbach.com\/rarebooks\/wp-json\/wp\/v2\/product_tag?post=25155"}],"curies":[{"name":"wp","href":"https:\/\/api.w.org\/{rel}","templated":true}]}}