{"id":25145,"date":"2026-03-12T00:26:47","date_gmt":"2026-03-11T23:26:47","guid":{"rendered":"https:\/\/antiquariat-steinbach.com\/rarebooks\/produkt\/wiener-werkstaette-weissenberg-maria-buntpapier\/"},"modified":"2026-03-12T00:26:47","modified_gmt":"2026-03-11T23:26:47","slug":"wiener-werkstaette-weissenberg-maria-buntpapier","status":"publish","type":"product","link":"https:\/\/antiquariat-steinbach.com\/rarebooks\/produkt\/wiener-werkstaette-weissenberg-maria-buntpapier\/","title":{"rendered":"Wiener Werkst\u00e4tte &#8211;   Wei\u00dfenberg, Maria. &#8211;  Buntpapier."},"content":{"rendered":"<p>Wien, Wiener Werkst\u00e4tte, 1921.<\/p>\n<p>49 : 47 cm. Modeldruck auf Papier.<\/p>\n<p>380,00 EUR<\/p>\n","protected":false},"excerpt":{"rendered":"<p>Sehr sch\u00f6ner Entwurf f\u00fcr ein Buntpapier f\u00fcr die Wiener Werkst\u00e4tte. &#8211; Selten in so perfektem Zustand zu finden. Unter Passe-Partout. Weissenberg Marie; Gebrauchsgrafikerin und Keramikerin (1900 &#8211; Wien 1967). Ausbildungen: M. W. besuchte 1914 bis 1916 die Graphische Lehr- und Versuchsanstalt und studierte ab 1916 an der Kunstgewerbeschule bei K. Moser, Cizek, Larisch, Stark u. a. Laufbahn: F\u00fcr die Wiener Werkst\u00e4tte fertigte sie Keramiken und Gebrauchsgrafiken. Ab 1938 wurde sie verfolgt. Mitglsch.: Mitglied des \u00d6sterreichischen Werkbundes und um 1920 auch bei den K\u00fcnstlerwerkst\u00e4tten der Wiener Werkst\u00e4tte. L.: Heller 2008, Schweiger 1990<\/p>\n","protected":false},"featured_media":25147,"template":"","meta":[],"product_brand":[],"product_cat":[93,221,257,914],"product_tag":[],"class_list":{"0":"post-25145","1":"product","2":"type-product","3":"status-publish","4":"has-post-thumbnail","6":"product_cat-design","7":"product_cat-frauen","8":"product_cat-wiener-werkstaette","9":"product_cat-zvab","11":"first","12":"instock","13":"purchasable","14":"product-type-simple"},"_links":{"self":[{"href":"https:\/\/antiquariat-steinbach.com\/rarebooks\/wp-json\/wp\/v2\/product\/25145","targetHints":{"allow":["GET"]}}],"collection":[{"href":"https:\/\/antiquariat-steinbach.com\/rarebooks\/wp-json\/wp\/v2\/product"}],"about":[{"href":"https:\/\/antiquariat-steinbach.com\/rarebooks\/wp-json\/wp\/v2\/types\/product"}],"version-history":[{"count":1,"href":"https:\/\/antiquariat-steinbach.com\/rarebooks\/wp-json\/wp\/v2\/product\/25145\/revisions"}],"predecessor-version":[{"id":25146,"href":"https:\/\/antiquariat-steinbach.com\/rarebooks\/wp-json\/wp\/v2\/product\/25145\/revisions\/25146"}],"wp:featuredmedia":[{"embeddable":true,"href":"https:\/\/antiquariat-steinbach.com\/rarebooks\/wp-json\/wp\/v2\/media\/25147"}],"wp:attachment":[{"href":"https:\/\/antiquariat-steinbach.com\/rarebooks\/wp-json\/wp\/v2\/media?parent=25145"}],"wp:term":[{"taxonomy":"product_brand","embeddable":true,"href":"https:\/\/antiquariat-steinbach.com\/rarebooks\/wp-json\/wp\/v2\/product_brand?post=25145"},{"taxonomy":"product_cat","embeddable":true,"href":"https:\/\/antiquariat-steinbach.com\/rarebooks\/wp-json\/wp\/v2\/product_cat?post=25145"},{"taxonomy":"product_tag","embeddable":true,"href":"https:\/\/antiquariat-steinbach.com\/rarebooks\/wp-json\/wp\/v2\/product_tag?post=25145"}],"curies":[{"name":"wp","href":"https:\/\/api.w.org\/{rel}","templated":true}]}}