{"id":25061,"date":"2026-03-12T00:24:52","date_gmt":"2026-03-11T23:24:52","guid":{"rendered":"https:\/\/antiquariat-steinbach.com\/rarebooks\/produkt\/tunisia-garrigues-j-collection-of-11-photographs-from-tunisia-by-an-unknown-photographer\/"},"modified":"2026-03-12T00:24:53","modified_gmt":"2026-03-11T23:24:53","slug":"tunisia-garrigues-j-collection-of-11-photographs-from-tunisia-by-an-unknown-photographer","status":"publish","type":"product","link":"https:\/\/antiquariat-steinbach.com\/rarebooks\/produkt\/tunisia-garrigues-j-collection-of-11-photographs-from-tunisia-by-an-unknown-photographer\/","title":{"rendered":"Tunisia &#8211;   Garrigues, J. &#8211;  Collection of 11 photographs from Tunisia by an unknown photographer."},"content":{"rendered":"<p>Tunis, Garrigues, ca. 1880<\/p>\n<p>21 : 26 cm. 11 Albumin-prints all pasted on thick cardboard.<\/p>\n<p>600,00 EUR<\/p>\n","protected":false},"excerpt":{"rendered":"<p>11 Albumen prints by Garrigues,  Photographe actif \u00e0 Tunis de 1860 jusque dans les ann\u00e9es 1890. &#8211; Studios \u00e0 Tunis au 9 avenue de France et au 2 rue de B\u00f4ne. &#8211; Succursale \u00e0 Vichy. &#8211; Photographe de S. A. Le Bey de Tunis. The following photographs are present: Tunis et fort Sidi ben Hassen &#8211; Acien port de Carthago &#8211; Cisterne de la Mala pre Tunis April 1897 &#8211; Bedouin riche Tunis 1897 &#8211; Carthago Cathedrale Chap. S. Louis &#8211; Carthago Cisternen 97 &#8211; Carthago Roman theatre &#8211; Campement &#8211; Grosse n\u00e9gresse &#8211; Jeane fille juive &#8211; Stalle des psych\u00e9s (Dar- el &#8211; Bey). &#8211; Some  photographs with identification on the reverse side, cardboards with a few stains, images are fine.<\/p>\n","protected":false},"featured_media":0,"template":"","meta":[],"product_brand":[],"product_cat":[64,83,106,914],"product_tag":[],"class_list":{"0":"post-25061","1":"product","2":"type-product","3":"status-publish","5":"product_cat-afrika","6":"product_cat-ansichten","7":"product_cat-photographie","8":"product_cat-zvab","10":"first","11":"instock","12":"purchasable","13":"product-type-simple"},"_links":{"self":[{"href":"https:\/\/antiquariat-steinbach.com\/rarebooks\/wp-json\/wp\/v2\/product\/25061","targetHints":{"allow":["GET"]}}],"collection":[{"href":"https:\/\/antiquariat-steinbach.com\/rarebooks\/wp-json\/wp\/v2\/product"}],"about":[{"href":"https:\/\/antiquariat-steinbach.com\/rarebooks\/wp-json\/wp\/v2\/types\/product"}],"version-history":[{"count":1,"href":"https:\/\/antiquariat-steinbach.com\/rarebooks\/wp-json\/wp\/v2\/product\/25061\/revisions"}],"predecessor-version":[{"id":25062,"href":"https:\/\/antiquariat-steinbach.com\/rarebooks\/wp-json\/wp\/v2\/product\/25061\/revisions\/25062"}],"wp:attachment":[{"href":"https:\/\/antiquariat-steinbach.com\/rarebooks\/wp-json\/wp\/v2\/media?parent=25061"}],"wp:term":[{"taxonomy":"product_brand","embeddable":true,"href":"https:\/\/antiquariat-steinbach.com\/rarebooks\/wp-json\/wp\/v2\/product_brand?post=25061"},{"taxonomy":"product_cat","embeddable":true,"href":"https:\/\/antiquariat-steinbach.com\/rarebooks\/wp-json\/wp\/v2\/product_cat?post=25061"},{"taxonomy":"product_tag","embeddable":true,"href":"https:\/\/antiquariat-steinbach.com\/rarebooks\/wp-json\/wp\/v2\/product_tag?post=25061"}],"curies":[{"name":"wp","href":"https:\/\/api.w.org\/{rel}","templated":true}]}}