{"id":2505,"date":"2026-03-12T00:06:20","date_gmt":"2026-03-11T23:06:20","guid":{"rendered":"http:\/\/antiquariat-steinbach.com\/rarebooks\/produkt\/literatur-und-kunst-1910-1923\/"},"modified":"2026-03-12T00:06:21","modified_gmt":"2026-03-11T23:06:21","slug":"expressionismus-literatur-und-kunst-1910-1923","status":"publish","type":"product","link":"https:\/\/antiquariat-steinbach.com\/rarebooks\/produkt\/expressionismus-literatur-und-kunst-1910-1923\/","title":{"rendered":"Expressionismus: &#8211;  Literatur und Kunst 1910 &#8211; 1923."},"content":{"rendered":"<p>Stuttgart, 1960.<\/p>\n<p>2. Aufl. 21 : 13 cm. 352 Seiten mit vielen Illustrationen. Original-Karton mit Umschlagillustration von HAP Grieshaber.<\/p>\n<p>25,00 EUR<\/p>\n","protected":false},"excerpt":{"rendered":"<p>Der bisher umfassendste und best dokumentierte Katalog \u00fcber den literarischen und k\u00fcnstlerischen Expressionismus. Mit detaillierten Angaben \u00fcber hunderte von B\u00fcchern, Anthologien und Zeitschriften. Herangezogen wurden aber auch Briefe und weitere schriftliche Dokumente von Dichtern und K\u00fcnstlern. Sonderausstellung des Schiller-Nationalmuseums Katalog 7.<\/p>\n","protected":false},"featured_media":17889,"template":"","meta":[],"product_brand":[],"product_cat":[29,223,914],"product_tag":[],"class_list":{"0":"post-2505","1":"product","2":"type-product","3":"status-publish","4":"has-post-thumbnail","6":"product_cat-20-jahrhundert","7":"product_cat-expressionismus","8":"product_cat-zvab","10":"first","11":"instock","12":"purchasable","13":"product-type-simple"},"_links":{"self":[{"href":"https:\/\/antiquariat-steinbach.com\/rarebooks\/wp-json\/wp\/v2\/product\/2505","targetHints":{"allow":["GET"]}}],"collection":[{"href":"https:\/\/antiquariat-steinbach.com\/rarebooks\/wp-json\/wp\/v2\/product"}],"about":[{"href":"https:\/\/antiquariat-steinbach.com\/rarebooks\/wp-json\/wp\/v2\/types\/product"}],"version-history":[{"count":3,"href":"https:\/\/antiquariat-steinbach.com\/rarebooks\/wp-json\/wp\/v2\/product\/2505\/revisions"}],"predecessor-version":[{"id":19290,"href":"https:\/\/antiquariat-steinbach.com\/rarebooks\/wp-json\/wp\/v2\/product\/2505\/revisions\/19290"}],"wp:featuredmedia":[{"embeddable":true,"href":"https:\/\/antiquariat-steinbach.com\/rarebooks\/wp-json\/wp\/v2\/media\/17889"}],"wp:attachment":[{"href":"https:\/\/antiquariat-steinbach.com\/rarebooks\/wp-json\/wp\/v2\/media?parent=2505"}],"wp:term":[{"taxonomy":"product_brand","embeddable":true,"href":"https:\/\/antiquariat-steinbach.com\/rarebooks\/wp-json\/wp\/v2\/product_brand?post=2505"},{"taxonomy":"product_cat","embeddable":true,"href":"https:\/\/antiquariat-steinbach.com\/rarebooks\/wp-json\/wp\/v2\/product_cat?post=2505"},{"taxonomy":"product_tag","embeddable":true,"href":"https:\/\/antiquariat-steinbach.com\/rarebooks\/wp-json\/wp\/v2\/product_tag?post=2505"}],"curies":[{"name":"wp","href":"https:\/\/api.w.org\/{rel}","templated":true}]}}