{"id":2503,"date":"2026-03-12T00:06:20","date_gmt":"2026-03-11T23:06:20","guid":{"rendered":"http:\/\/antiquariat-steinbach.com\/rarebooks\/produkt\/europaeischer-expressionismus-ausstellungskatalog-muenchen-haus-der-kunst-paris-musee-national-dart-moderne\/"},"modified":"2026-03-12T00:06:21","modified_gmt":"2026-03-11T23:06:21","slug":"expressionismus-leymarie-jean-paul-vogt-l-j-f-wojsembeek-europaeischer-expressionismus-ausstellungskatalog-muenchen-haus-der-kunst-paris-musee-national-dart-moderne","status":"publish","type":"product","link":"https:\/\/antiquariat-steinbach.com\/rarebooks\/produkt\/expressionismus-leymarie-jean-paul-vogt-l-j-f-wojsembeek-europaeischer-expressionismus-ausstellungskatalog-muenchen-haus-der-kunst-paris-musee-national-dart-moderne\/","title":{"rendered":"Expressionismus &#8211;   Leymarie, Jean, Paul Vogt, L.J.F. wojsembeek. &#8211;  Europ\u00e4ischer Expressionismus. Ausstellungskatalog M\u00fcnchen, Haus der Kunst, Paris Muse\u00e9 National d&#8217;Art moderne."},"content":{"rendered":"<p>Munich, Haus der Kunst, 1970.<\/p>\n<p>21 : 16,5 cm. One mounted coloured plate as frontispiece, 72 pages, 12 leaves advertising, ca. 100 (1 coloured) plates with illustrations. Coloured illustrated boardswith Edvard Munch&#8217;s &#8218;Schrei&#8216; on front board.<\/p>\n<p>35,00 EUR<\/p>\n","protected":false},"excerpt":{"rendered":"<p>The impressive catalogue shows works by Ensor, Gauguin , Munch, Barlch, Beckmann, Dix, Feiniger, Heckel, Kandinsky, Klee, Kirchner, Kokoschka, Nolde, Pechstein, Roualt, Schiele; Chagall, Delaunay, Derain,. Dufy, Kupka, Leger, Matisse, Miro, Modigliano, Picasso, Van Dongen a.a.<\/p>\n","protected":false},"featured_media":17888,"template":"","meta":[],"product_brand":[],"product_cat":[29,223,309,914],"product_tag":[],"class_list":{"0":"post-2503","1":"product","2":"type-product","3":"status-publish","4":"has-post-thumbnail","6":"product_cat-20-jahrhundert","7":"product_cat-expressionismus","8":"product_cat-kataloge-kunst","9":"product_cat-zvab","11":"first","12":"instock","13":"purchasable","14":"product-type-simple"},"_links":{"self":[{"href":"https:\/\/antiquariat-steinbach.com\/rarebooks\/wp-json\/wp\/v2\/product\/2503","targetHints":{"allow":["GET"]}}],"collection":[{"href":"https:\/\/antiquariat-steinbach.com\/rarebooks\/wp-json\/wp\/v2\/product"}],"about":[{"href":"https:\/\/antiquariat-steinbach.com\/rarebooks\/wp-json\/wp\/v2\/types\/product"}],"version-history":[{"count":3,"href":"https:\/\/antiquariat-steinbach.com\/rarebooks\/wp-json\/wp\/v2\/product\/2503\/revisions"}],"predecessor-version":[{"id":19289,"href":"https:\/\/antiquariat-steinbach.com\/rarebooks\/wp-json\/wp\/v2\/product\/2503\/revisions\/19289"}],"wp:featuredmedia":[{"embeddable":true,"href":"https:\/\/antiquariat-steinbach.com\/rarebooks\/wp-json\/wp\/v2\/media\/17888"}],"wp:attachment":[{"href":"https:\/\/antiquariat-steinbach.com\/rarebooks\/wp-json\/wp\/v2\/media?parent=2503"}],"wp:term":[{"taxonomy":"product_brand","embeddable":true,"href":"https:\/\/antiquariat-steinbach.com\/rarebooks\/wp-json\/wp\/v2\/product_brand?post=2503"},{"taxonomy":"product_cat","embeddable":true,"href":"https:\/\/antiquariat-steinbach.com\/rarebooks\/wp-json\/wp\/v2\/product_cat?post=2503"},{"taxonomy":"product_tag","embeddable":true,"href":"https:\/\/antiquariat-steinbach.com\/rarebooks\/wp-json\/wp\/v2\/product_tag?post=2503"}],"curies":[{"name":"wp","href":"https:\/\/api.w.org\/{rel}","templated":true}]}}