{"id":25014,"date":"2026-03-12T00:24:10","date_gmt":"2026-03-11T23:24:10","guid":{"rendered":"https:\/\/antiquariat-steinbach.com\/rarebooks\/produkt\/stickerei-ebhardt-franz-musterbuch-der-patentierten-stickmuster-zum-aufplaetten-auf-stoff\/"},"modified":"2026-03-12T00:24:11","modified_gmt":"2026-03-11T23:24:11","slug":"stickerei-ebhardt-franz-musterbuch-der-patentierten-stickmuster-zum-aufplaetten-auf-stoff","status":"publish","type":"product","link":"https:\/\/antiquariat-steinbach.com\/rarebooks\/produkt\/stickerei-ebhardt-franz-musterbuch-der-patentierten-stickmuster-zum-aufplaetten-auf-stoff\/","title":{"rendered":"Stickerei &#8211;   Ebhardt, Franz. &#8211;  Musterbuch der patentierten Stickmuster zum Aufpl\u00e4tten auf Stoff."},"content":{"rendered":"<p>Berlin, Ebhardt, ca. 1880.<\/p>\n<p>22 : 14 cm. 20 Seiten mit 55 Illustrationen, 1 Blatt. Original Umschlag.<\/p>\n<p>45,00 EUR<\/p>\n","protected":false},"excerpt":{"rendered":"<p>Enth\u00e4lt japanische Motive, Schmetterlinge, V\u00f6gel, Tischl\u00e4ufer etc. &#8211; Etwas stockfleckig.<\/p>\n","protected":false},"featured_media":25016,"template":"","meta":[],"product_brand":[],"product_cat":[157,51,914],"product_tag":[],"class_list":{"0":"post-25014","1":"product","2":"type-product","3":"status-publish","4":"has-post-thumbnail","6":"product_cat-handarbeit","7":"product_cat-textil","8":"product_cat-zvab","10":"first","11":"instock","12":"purchasable","13":"product-type-simple"},"_links":{"self":[{"href":"https:\/\/antiquariat-steinbach.com\/rarebooks\/wp-json\/wp\/v2\/product\/25014","targetHints":{"allow":["GET"]}}],"collection":[{"href":"https:\/\/antiquariat-steinbach.com\/rarebooks\/wp-json\/wp\/v2\/product"}],"about":[{"href":"https:\/\/antiquariat-steinbach.com\/rarebooks\/wp-json\/wp\/v2\/types\/product"}],"version-history":[{"count":1,"href":"https:\/\/antiquariat-steinbach.com\/rarebooks\/wp-json\/wp\/v2\/product\/25014\/revisions"}],"predecessor-version":[{"id":25015,"href":"https:\/\/antiquariat-steinbach.com\/rarebooks\/wp-json\/wp\/v2\/product\/25014\/revisions\/25015"}],"wp:featuredmedia":[{"embeddable":true,"href":"https:\/\/antiquariat-steinbach.com\/rarebooks\/wp-json\/wp\/v2\/media\/25016"}],"wp:attachment":[{"href":"https:\/\/antiquariat-steinbach.com\/rarebooks\/wp-json\/wp\/v2\/media?parent=25014"}],"wp:term":[{"taxonomy":"product_brand","embeddable":true,"href":"https:\/\/antiquariat-steinbach.com\/rarebooks\/wp-json\/wp\/v2\/product_brand?post=25014"},{"taxonomy":"product_cat","embeddable":true,"href":"https:\/\/antiquariat-steinbach.com\/rarebooks\/wp-json\/wp\/v2\/product_cat?post=25014"},{"taxonomy":"product_tag","embeddable":true,"href":"https:\/\/antiquariat-steinbach.com\/rarebooks\/wp-json\/wp\/v2\/product_tag?post=25014"}],"curies":[{"name":"wp","href":"https:\/\/api.w.org\/{rel}","templated":true}]}}