{"id":2501,"date":"2026-03-12T00:06:20","date_gmt":"2026-03-11T23:06:20","guid":{"rendered":"http:\/\/antiquariat-steinbach.com\/rarebooks\/produkt\/sammlung-guenther-franke-gemaelde-zeichnungen-drukcgraphik\/"},"modified":"2026-03-12T00:06:20","modified_gmt":"2026-03-11T23:06:20","slug":"expressionismus-franke-guenther-sammlung-guenther-franke-gemaelde-zeichnungen-drukcgraphik","status":"publish","type":"product","link":"https:\/\/antiquariat-steinbach.com\/rarebooks\/produkt\/expressionismus-franke-guenther-sammlung-guenther-franke-gemaelde-zeichnungen-drukcgraphik\/","title":{"rendered":"Expressionismus &#8211;   Franke, G\u00fcnther. &#8211;  Sammlung G\u00fcnther Franke. Gem\u00e4lde &#8211; Zeichnungen &#8211; Drukcgraphik."},"content":{"rendered":"<p>M\u00fcnchen, St\u00e4dtische Galerie, 1960.<\/p>\n<p>29 : 21,5 cm. With many, partly coloured plates and illustratins. Original wrappers.<\/p>\n<p>15,00 EUR<\/p>\n","protected":false},"excerpt":{"rendered":"<p>A significant document of German Expressionismus. With works by Beckmann, Klee, Kirchner, Heckel, Hofer and others. At the end some artist&#8217;s letter s to G\u00fcnther Franke.<\/p>\n","protected":false},"featured_media":22778,"template":"","meta":[],"product_brand":[],"product_cat":[29,501,223,499,500,40,914],"product_tag":[],"class_list":{"0":"post-2501","1":"product","2":"type-product","3":"status-publish","4":"has-post-thumbnail","6":"product_cat-20-jahrhundert","7":"product_cat-alfred","8":"product_cat-expressionismus","9":"product_cat-klee","10":"product_cat-kubin","11":"product_cat-kuenstlermonographien","12":"product_cat-zvab","14":"first","15":"instock","16":"purchasable","17":"product-type-simple"},"_links":{"self":[{"href":"https:\/\/antiquariat-steinbach.com\/rarebooks\/wp-json\/wp\/v2\/product\/2501","targetHints":{"allow":["GET"]}}],"collection":[{"href":"https:\/\/antiquariat-steinbach.com\/rarebooks\/wp-json\/wp\/v2\/product"}],"about":[{"href":"https:\/\/antiquariat-steinbach.com\/rarebooks\/wp-json\/wp\/v2\/types\/product"}],"version-history":[{"count":3,"href":"https:\/\/antiquariat-steinbach.com\/rarebooks\/wp-json\/wp\/v2\/product\/2501\/revisions"}],"predecessor-version":[{"id":19288,"href":"https:\/\/antiquariat-steinbach.com\/rarebooks\/wp-json\/wp\/v2\/product\/2501\/revisions\/19288"}],"wp:featuredmedia":[{"embeddable":true,"href":"https:\/\/antiquariat-steinbach.com\/rarebooks\/wp-json\/wp\/v2\/media\/22778"}],"wp:attachment":[{"href":"https:\/\/antiquariat-steinbach.com\/rarebooks\/wp-json\/wp\/v2\/media?parent=2501"}],"wp:term":[{"taxonomy":"product_brand","embeddable":true,"href":"https:\/\/antiquariat-steinbach.com\/rarebooks\/wp-json\/wp\/v2\/product_brand?post=2501"},{"taxonomy":"product_cat","embeddable":true,"href":"https:\/\/antiquariat-steinbach.com\/rarebooks\/wp-json\/wp\/v2\/product_cat?post=2501"},{"taxonomy":"product_tag","embeddable":true,"href":"https:\/\/antiquariat-steinbach.com\/rarebooks\/wp-json\/wp\/v2\/product_tag?post=2501"}],"curies":[{"name":"wp","href":"https:\/\/api.w.org\/{rel}","templated":true}]}}