{"id":25002,"date":"2026-03-12T00:22:56","date_gmt":"2026-03-11T23:22:56","guid":{"rendered":"https:\/\/antiquariat-steinbach.com\/rarebooks\/produkt\/sophia-tausend-rezepte-fuer-haus-und-kueche-gesundheits-und-koerperpflege-nebst-einem-anhang-hauswirtschaftliche-winke\/"},"modified":"2026-03-12T00:22:56","modified_gmt":"2026-03-11T23:22:56","slug":"sophia-tausend-rezepte-fuer-haus-und-kueche-gesundheits-und-koerperpflege-nebst-einem-anhang-hauswirtschaftliche-winke","status":"publish","type":"product","link":"https:\/\/antiquariat-steinbach.com\/rarebooks\/produkt\/sophia-tausend-rezepte-fuer-haus-und-kueche-gesundheits-und-koerperpflege-nebst-einem-anhang-hauswirtschaftliche-winke\/","title":{"rendered":"Sophia. Tausend Rezepte f\u00fcr Haus und K\u00fcche, Gesundheits- und K\u00f6rperpflege nebst einem Anhang Hauswirtschaftliche Winke."},"content":{"rendered":"<p>Berlin, Bruckmann, 1909.<\/p>\n<p>4. verbesserte und vermehrte Auflage. 2. Abdruck 16 : 11,5 cm. 4 Blatt, 350 Seiten, 1 Tafel, 5 Blatt Anzeigen. Original Pappband.<\/p>\n<p>20,00 EUR<\/p>\n","protected":false},"excerpt":{"rendered":"<p>Berlin, Bruckmann, 1909. 4. verbesserte und vermehrte Auflage. 2. Abdruck 16 : 11,5 cm. 4 Blatt, 350 Seiten, 1 Tafel,&hellip;<\/p>\n","protected":false},"featured_media":25004,"template":"","meta":[],"product_brand":[],"product_cat":[58,937,112,935,914],"product_tag":[],"class_list":{"0":"post-25002","1":"product","2":"type-product","3":"status-publish","4":"has-post-thumbnail","6":"product_cat-gastronomie","7":"product_cat-hauswirtschaft","8":"product_cat-kochbuecher","9":"product_cat-kosmetik","10":"product_cat-zvab","12":"first","13":"instock","14":"purchasable","15":"product-type-simple"},"_links":{"self":[{"href":"https:\/\/antiquariat-steinbach.com\/rarebooks\/wp-json\/wp\/v2\/product\/25002","targetHints":{"allow":["GET"]}}],"collection":[{"href":"https:\/\/antiquariat-steinbach.com\/rarebooks\/wp-json\/wp\/v2\/product"}],"about":[{"href":"https:\/\/antiquariat-steinbach.com\/rarebooks\/wp-json\/wp\/v2\/types\/product"}],"version-history":[{"count":1,"href":"https:\/\/antiquariat-steinbach.com\/rarebooks\/wp-json\/wp\/v2\/product\/25002\/revisions"}],"predecessor-version":[{"id":25003,"href":"https:\/\/antiquariat-steinbach.com\/rarebooks\/wp-json\/wp\/v2\/product\/25002\/revisions\/25003"}],"wp:featuredmedia":[{"embeddable":true,"href":"https:\/\/antiquariat-steinbach.com\/rarebooks\/wp-json\/wp\/v2\/media\/25004"}],"wp:attachment":[{"href":"https:\/\/antiquariat-steinbach.com\/rarebooks\/wp-json\/wp\/v2\/media?parent=25002"}],"wp:term":[{"taxonomy":"product_brand","embeddable":true,"href":"https:\/\/antiquariat-steinbach.com\/rarebooks\/wp-json\/wp\/v2\/product_brand?post=25002"},{"taxonomy":"product_cat","embeddable":true,"href":"https:\/\/antiquariat-steinbach.com\/rarebooks\/wp-json\/wp\/v2\/product_cat?post=25002"},{"taxonomy":"product_tag","embeddable":true,"href":"https:\/\/antiquariat-steinbach.com\/rarebooks\/wp-json\/wp\/v2\/product_tag?post=25002"}],"curies":[{"name":"wp","href":"https:\/\/api.w.org\/{rel}","templated":true}]}}