{"id":2497,"date":"2026-03-12T00:06:18","date_gmt":"2026-03-11T23:06:18","guid":{"rendered":"http:\/\/antiquariat-steinbach.com\/rarebooks\/produkt\/skulpturen-und-maerchen\/"},"modified":"2026-03-12T00:06:19","modified_gmt":"2026-03-11T23:06:19","slug":"exoten-skulpturen-und-maerchen","status":"publish","type":"product","link":"https:\/\/antiquariat-steinbach.com\/rarebooks\/produkt\/exoten-skulpturen-und-maerchen\/","title":{"rendered":"Exoten: &#8211;  Skulpturen und M\u00e4rchen."},"content":{"rendered":"<p>Z\u00fcrich und M\u00fcnchen, Rentsch (1920).<\/p>\n<p>26 : 20,5 cm. 77 Seiten, 1 Blatt mit 53 Abbildungen auf Tafeln. Farbig illustrierter Original-Halbleinenband.<\/p>\n<p>45,00 EUR<\/p>\n","protected":false},"excerpt":{"rendered":"<p>Enth\u00e4lt Indianer-, S\u00fcdsee-, Indische- und Afrikanische M\u00e4rchen. Die abgebildeten Skulpturen ausgesucht von Rene Beeh.<\/p>\n","protected":false},"featured_media":0,"template":"","meta":[],"product_brand":[],"product_cat":[178,137,914],"product_tag":[],"class_list":{"0":"post-2497","1":"product","2":"type-product","3":"status-publish","5":"product_cat-kunstgewerbe","6":"product_cat-maerchen","7":"product_cat-zvab","9":"first","10":"instock","11":"purchasable","12":"product-type-simple"},"_links":{"self":[{"href":"https:\/\/antiquariat-steinbach.com\/rarebooks\/wp-json\/wp\/v2\/product\/2497","targetHints":{"allow":["GET"]}}],"collection":[{"href":"https:\/\/antiquariat-steinbach.com\/rarebooks\/wp-json\/wp\/v2\/product"}],"about":[{"href":"https:\/\/antiquariat-steinbach.com\/rarebooks\/wp-json\/wp\/v2\/types\/product"}],"version-history":[{"count":3,"href":"https:\/\/antiquariat-steinbach.com\/rarebooks\/wp-json\/wp\/v2\/product\/2497\/revisions"}],"predecessor-version":[{"id":19282,"href":"https:\/\/antiquariat-steinbach.com\/rarebooks\/wp-json\/wp\/v2\/product\/2497\/revisions\/19282"}],"wp:attachment":[{"href":"https:\/\/antiquariat-steinbach.com\/rarebooks\/wp-json\/wp\/v2\/media?parent=2497"}],"wp:term":[{"taxonomy":"product_brand","embeddable":true,"href":"https:\/\/antiquariat-steinbach.com\/rarebooks\/wp-json\/wp\/v2\/product_brand?post=2497"},{"taxonomy":"product_cat","embeddable":true,"href":"https:\/\/antiquariat-steinbach.com\/rarebooks\/wp-json\/wp\/v2\/product_cat?post=2497"},{"taxonomy":"product_tag","embeddable":true,"href":"https:\/\/antiquariat-steinbach.com\/rarebooks\/wp-json\/wp\/v2\/product_tag?post=2497"}],"curies":[{"name":"wp","href":"https:\/\/api.w.org\/{rel}","templated":true}]}}