{"id":2495,"date":"2026-03-12T00:06:18","date_gmt":"2026-03-11T23:06:18","guid":{"rendered":"http:\/\/antiquariat-steinbach.com\/rarebooks\/produkt\/der-bibliothek-des-boersenvereins-der-deutschen-buchhaendler\/"},"modified":"2026-03-12T00:06:19","modified_gmt":"2026-03-11T23:06:19","slug":"ex-libris-sammlung-aus-der-der-bibliothek-des-boersenvereins-der-deutschen-buchhaendler","status":"publish","type":"product","link":"https:\/\/antiquariat-steinbach.com\/rarebooks\/produkt\/ex-libris-sammlung-aus-der-der-bibliothek-des-boersenvereins-der-deutschen-buchhaendler\/","title":{"rendered":"Ex-Libris-Sammlung, Aus der: &#8211;  der Bibliothek des B\u00f6rsenvereins der Deutschen Buchh\u00e4ndler."},"content":{"rendered":"<p>Leipzig, Verlag des B\u00f6rsenvereins 1897.<\/p>\n<p>31 : 23,5 cm. 6 Blatt mit 65 teils farbigen Abbildungen auf 50 Tafeln. Original-Halbleinenmappe, Bindeband.<\/p>\n<p>150,00 EUR<\/p>\n","protected":false},"excerpt":{"rendered":"<p>Der Schwerpunkt liegt auf B\u00fccherzeichen des 16. Jahrhunderts. &#8211; Einband gering fleckig.<\/p>\n","protected":false},"featured_media":0,"template":"","meta":[],"product_brand":[],"product_cat":[99,227,914],"product_tag":[],"class_list":{"0":"post-2495","1":"product","2":"type-product","3":"status-publish","5":"product_cat-buchwesen","6":"product_cat-exlibris","7":"product_cat-zvab","9":"first","10":"instock","11":"purchasable","12":"product-type-simple"},"_links":{"self":[{"href":"https:\/\/antiquariat-steinbach.com\/rarebooks\/wp-json\/wp\/v2\/product\/2495","targetHints":{"allow":["GET"]}}],"collection":[{"href":"https:\/\/antiquariat-steinbach.com\/rarebooks\/wp-json\/wp\/v2\/product"}],"about":[{"href":"https:\/\/antiquariat-steinbach.com\/rarebooks\/wp-json\/wp\/v2\/types\/product"}],"version-history":[{"count":3,"href":"https:\/\/antiquariat-steinbach.com\/rarebooks\/wp-json\/wp\/v2\/product\/2495\/revisions"}],"predecessor-version":[{"id":19281,"href":"https:\/\/antiquariat-steinbach.com\/rarebooks\/wp-json\/wp\/v2\/product\/2495\/revisions\/19281"}],"wp:attachment":[{"href":"https:\/\/antiquariat-steinbach.com\/rarebooks\/wp-json\/wp\/v2\/media?parent=2495"}],"wp:term":[{"taxonomy":"product_brand","embeddable":true,"href":"https:\/\/antiquariat-steinbach.com\/rarebooks\/wp-json\/wp\/v2\/product_brand?post=2495"},{"taxonomy":"product_cat","embeddable":true,"href":"https:\/\/antiquariat-steinbach.com\/rarebooks\/wp-json\/wp\/v2\/product_cat?post=2495"},{"taxonomy":"product_tag","embeddable":true,"href":"https:\/\/antiquariat-steinbach.com\/rarebooks\/wp-json\/wp\/v2\/product_tag?post=2495"}],"curies":[{"name":"wp","href":"https:\/\/api.w.org\/{rel}","templated":true}]}}