{"id":24937,"date":"2026-03-12T00:22:12","date_gmt":"2026-03-11T23:22:12","guid":{"rendered":"https:\/\/antiquariat-steinbach.com\/rarebooks\/produkt\/schlotter-cervantes-saavedra-miguel-de-don-quijote\/"},"modified":"2026-03-12T00:22:13","modified_gmt":"2026-03-11T23:22:13","slug":"schlotter-cervantes-saavedra-miguel-de-don-quijote","status":"publish","type":"product","link":"https:\/\/antiquariat-steinbach.com\/rarebooks\/produkt\/schlotter-cervantes-saavedra-miguel-de-don-quijote\/","title":{"rendered":"Schlotter &#8211;   Cervantes Saavedra, Miguel de: &#8211;  Don Quijote."},"content":{"rendered":"<p>(Ludwigsburg, S\u00fcddeutsche Verlagsanstalt 1983).<\/p>\n<p>4 B\u00e4nde. 34 : 35 cm. Mit 1 lose beiliegenden signierten Original-Radierung, sowie 160 Farb-Radierungen und 186 sw Vignetten (in Reprod.) von Eberhard Schlotter. Original-Halbpergamentb\u00e4nde, R\u00fcckentitel in Gold, in Original-Leinenschuber.<\/p>\n<p>720,00 EUR<\/p>\n","protected":false},"excerpt":{"rendered":"<p>Grandiose graphische Folge von Eberhard Schlotter. Die lose beiliegende, signierte Original-Radierung &#8218;Pinien in der Zentralmancha&#8216; wurde ausschlie\u00dflich f\u00fcr diese Edition geschaffen. Der beigedruckte Text ist ein Faksimile der Tieckschen Quartausgabe. &#8211; Eines von ca. 460 numerieten und im Druckvermerk vom K\u00fcnstler signierten Exemplaren. Die Auflage betrug 2000 Exemplare, der \u00fcber die 460 Exemplare hinausgehende Teil der Auflage, soll vom K\u00fcnstler vernichtet worden sein. &#8211; H\u00f6hepunkt im bisherigen graphischen Schaffen des Illustrators Schlotter. &#8211; Rafael Art Gallery (Altea); Bibliophile Drucke; erste Publikation. &#8211; Neuwertiges Exemplar.<\/p>\n","protected":false},"featured_media":0,"template":"","meta":[],"product_brand":[],"product_cat":[29,43,371,914],"product_tag":[],"class_list":{"0":"post-24937","1":"product","2":"type-product","3":"status-publish","5":"product_cat-20-jahrhundert","6":"product_cat-illustrierte-buecher","7":"product_cat-quichote","8":"product_cat-zvab","10":"first","11":"instock","12":"purchasable","13":"product-type-simple"},"_links":{"self":[{"href":"https:\/\/antiquariat-steinbach.com\/rarebooks\/wp-json\/wp\/v2\/product\/24937","targetHints":{"allow":["GET"]}}],"collection":[{"href":"https:\/\/antiquariat-steinbach.com\/rarebooks\/wp-json\/wp\/v2\/product"}],"about":[{"href":"https:\/\/antiquariat-steinbach.com\/rarebooks\/wp-json\/wp\/v2\/types\/product"}],"version-history":[{"count":1,"href":"https:\/\/antiquariat-steinbach.com\/rarebooks\/wp-json\/wp\/v2\/product\/24937\/revisions"}],"predecessor-version":[{"id":24938,"href":"https:\/\/antiquariat-steinbach.com\/rarebooks\/wp-json\/wp\/v2\/product\/24937\/revisions\/24938"}],"wp:attachment":[{"href":"https:\/\/antiquariat-steinbach.com\/rarebooks\/wp-json\/wp\/v2\/media?parent=24937"}],"wp:term":[{"taxonomy":"product_brand","embeddable":true,"href":"https:\/\/antiquariat-steinbach.com\/rarebooks\/wp-json\/wp\/v2\/product_brand?post=24937"},{"taxonomy":"product_cat","embeddable":true,"href":"https:\/\/antiquariat-steinbach.com\/rarebooks\/wp-json\/wp\/v2\/product_cat?post=24937"},{"taxonomy":"product_tag","embeddable":true,"href":"https:\/\/antiquariat-steinbach.com\/rarebooks\/wp-json\/wp\/v2\/product_tag?post=24937"}],"curies":[{"name":"wp","href":"https:\/\/api.w.org\/{rel}","templated":true}]}}