{"id":24902,"date":"2026-03-12T00:20:44","date_gmt":"2026-03-11T23:20:44","guid":{"rendered":"https:\/\/antiquariat-steinbach.com\/rarebooks\/produkt\/sachs-angeli-edward-van-voolen-editors-jewish-identity-in-contemporary-architecture-juedische-identitaet-in-der-zeitgenoessischen-architektur\/"},"modified":"2026-03-12T00:20:45","modified_gmt":"2026-03-11T23:20:45","slug":"sachs-angeli-edward-van-voolen-editors-jewish-identity-in-contemporary-architecture-juedische-identitaet-in-der-zeitgenoessischen-architektur","status":"publish","type":"product","link":"https:\/\/antiquariat-steinbach.com\/rarebooks\/produkt\/sachs-angeli-edward-van-voolen-editors-jewish-identity-in-contemporary-architecture-juedische-identitaet-in-der-zeitgenoessischen-architektur\/","title":{"rendered":"Sachs, Angeli, Edward van Voolen (editors). &#8211;  Jewish Identity in Contemporary Architecture. &#8211; J\u00fcdische Identit\u00e4t in der zeitgen\u00f6ssischen Architektur."},"content":{"rendered":"<p>Munich, London, New York, Prestel, 2004.<\/p>\n<p>30 : 23,5 cm. 175 pages with many coloured plates and illustrations. Coloured illustrated original boards.<\/p>\n<p>60,00 EUR<\/p>\n","protected":false},"excerpt":{"rendered":"<p>Shows works by the following architects: Raslph Appelbaum, Mario Botta, Will Bruder, Frank O. Gehry, Daniel Libeskind, Al Mansfield and others.<\/p>\n","protected":false},"featured_media":24904,"template":"","meta":[],"product_brand":[],"product_cat":[29,48,68,914],"product_tag":[],"class_list":{"0":"post-24902","1":"product","2":"type-product","3":"status-publish","4":"has-post-thumbnail","6":"product_cat-20-jahrhundert","7":"product_cat-architektur","8":"product_cat-judaica","9":"product_cat-zvab","11":"first","12":"instock","13":"purchasable","14":"product-type-simple"},"_links":{"self":[{"href":"https:\/\/antiquariat-steinbach.com\/rarebooks\/wp-json\/wp\/v2\/product\/24902","targetHints":{"allow":["GET"]}}],"collection":[{"href":"https:\/\/antiquariat-steinbach.com\/rarebooks\/wp-json\/wp\/v2\/product"}],"about":[{"href":"https:\/\/antiquariat-steinbach.com\/rarebooks\/wp-json\/wp\/v2\/types\/product"}],"version-history":[{"count":1,"href":"https:\/\/antiquariat-steinbach.com\/rarebooks\/wp-json\/wp\/v2\/product\/24902\/revisions"}],"predecessor-version":[{"id":24903,"href":"https:\/\/antiquariat-steinbach.com\/rarebooks\/wp-json\/wp\/v2\/product\/24902\/revisions\/24903"}],"wp:featuredmedia":[{"embeddable":true,"href":"https:\/\/antiquariat-steinbach.com\/rarebooks\/wp-json\/wp\/v2\/media\/24904"}],"wp:attachment":[{"href":"https:\/\/antiquariat-steinbach.com\/rarebooks\/wp-json\/wp\/v2\/media?parent=24902"}],"wp:term":[{"taxonomy":"product_brand","embeddable":true,"href":"https:\/\/antiquariat-steinbach.com\/rarebooks\/wp-json\/wp\/v2\/product_brand?post=24902"},{"taxonomy":"product_cat","embeddable":true,"href":"https:\/\/antiquariat-steinbach.com\/rarebooks\/wp-json\/wp\/v2\/product_cat?post=24902"},{"taxonomy":"product_tag","embeddable":true,"href":"https:\/\/antiquariat-steinbach.com\/rarebooks\/wp-json\/wp\/v2\/product_tag?post=24902"}],"curies":[{"name":"wp","href":"https:\/\/api.w.org\/{rel}","templated":true}]}}