{"id":24859,"date":"2026-03-12T00:20:13","date_gmt":"2026-03-11T23:20:13","guid":{"rendered":"https:\/\/antiquariat-steinbach.com\/rarebooks\/produkt\/rainer-arnulf-und-dietgard-grimmer-nicht-kuenstler-ii-salzburg\/"},"modified":"2026-03-12T00:20:14","modified_gmt":"2026-03-11T23:20:14","slug":"rainer-arnulf-und-dietgard-grimmer-nicht-kuenstler-ii-salzburg","status":"publish","type":"product","link":"https:\/\/antiquariat-steinbach.com\/rarebooks\/produkt\/rainer-arnulf-und-dietgard-grimmer-nicht-kuenstler-ii-salzburg\/","title":{"rendered":"Rainer, Arnulf und Dietgard Grimmer. &#8211;  Nicht K\u00fcnstler II (Salzburg)."},"content":{"rendered":"<p>Salzburg,  Kulturabteilung, 2003.<\/p>\n<p>21,5 : 30 cm. 34 Blatt mit vielen, meist farbigen Tafeln und Abbildungen. Original Karton.<\/p>\n<p>60,00 EUR<\/p>\n","protected":false},"excerpt":{"rendered":"<p>Erschienen anl\u00e4\u00dflich einer Ausstellung im Traklhaus in Salzburg f\u00fcr Menschen mit besonderem F\u00f6rderbedarf, im Jahr der Behinderten ein ganz besonderer Beitrag zur gesellschaftlichen und insbesondere kulturellen Integration. Die Arbeiten wurden von Arnulf Rainer ausgew\u00e4hlt. Mit kurzen Biographien der ausstellenden K\u00fcnslter.<\/p>\n","protected":false},"featured_media":24861,"template":"","meta":[],"product_brand":[],"product_cat":[29,59,105,30,196,914],"product_tag":[],"class_list":{"0":"post-24859","1":"product","2":"type-product","3":"status-publish","4":"has-post-thumbnail","6":"product_cat-20-jahrhundert","7":"product_cat-kulturgeschichte","8":"product_cat-kunst","9":"product_cat-malerei","10":"product_cat-psychologie","11":"product_cat-zvab","13":"first","14":"instock","15":"purchasable","16":"product-type-simple"},"_links":{"self":[{"href":"https:\/\/antiquariat-steinbach.com\/rarebooks\/wp-json\/wp\/v2\/product\/24859","targetHints":{"allow":["GET"]}}],"collection":[{"href":"https:\/\/antiquariat-steinbach.com\/rarebooks\/wp-json\/wp\/v2\/product"}],"about":[{"href":"https:\/\/antiquariat-steinbach.com\/rarebooks\/wp-json\/wp\/v2\/types\/product"}],"version-history":[{"count":1,"href":"https:\/\/antiquariat-steinbach.com\/rarebooks\/wp-json\/wp\/v2\/product\/24859\/revisions"}],"predecessor-version":[{"id":24860,"href":"https:\/\/antiquariat-steinbach.com\/rarebooks\/wp-json\/wp\/v2\/product\/24859\/revisions\/24860"}],"wp:featuredmedia":[{"embeddable":true,"href":"https:\/\/antiquariat-steinbach.com\/rarebooks\/wp-json\/wp\/v2\/media\/24861"}],"wp:attachment":[{"href":"https:\/\/antiquariat-steinbach.com\/rarebooks\/wp-json\/wp\/v2\/media?parent=24859"}],"wp:term":[{"taxonomy":"product_brand","embeddable":true,"href":"https:\/\/antiquariat-steinbach.com\/rarebooks\/wp-json\/wp\/v2\/product_brand?post=24859"},{"taxonomy":"product_cat","embeddable":true,"href":"https:\/\/antiquariat-steinbach.com\/rarebooks\/wp-json\/wp\/v2\/product_cat?post=24859"},{"taxonomy":"product_tag","embeddable":true,"href":"https:\/\/antiquariat-steinbach.com\/rarebooks\/wp-json\/wp\/v2\/product_tag?post=24859"}],"curies":[{"name":"wp","href":"https:\/\/api.w.org\/{rel}","templated":true}]}}