{"id":24834,"date":"2026-03-12T00:20:11","date_gmt":"2026-03-11T23:20:11","guid":{"rendered":"https:\/\/antiquariat-steinbach.com\/rarebooks\/produkt\/racine-j-ouevres-completes-precedees-dun-essai-sur-sa-vie-et-ses-ouvrages-par-louis-racine\/"},"modified":"2026-03-12T00:20:12","modified_gmt":"2026-03-11T23:20:12","slug":"racine-j-ouevres-completes-precedees-dun-essai-sur-sa-vie-et-ses-ouvrages-par-louis-racine","status":"publish","type":"product","link":"https:\/\/antiquariat-steinbach.com\/rarebooks\/produkt\/racine-j-ouevres-completes-precedees-dun-essai-sur-sa-vie-et-ses-ouvrages-par-louis-racine\/","title":{"rendered":"Racine, J. &#8211;  Ouevres completes. Pr\u00e9c\u00e9d\u00e9es d&#8217;un essai sur sa vie et ses ouvrages par Louis Racine."},"content":{"rendered":"<p>Paris, Granier, 1853<\/p>\n<p>28 : 19 cm. Engraved frontispiece, Title, 656 pages, 13 engraved plates.  Contemporary hafl calf, spine richly gilt, edges gilt.<\/p>\n<p>120,00 EUR<\/p>\n","protected":false},"excerpt":{"rendered":"<p>Complete edition, nicely bound.<\/p>\n","protected":false},"featured_media":24836,"template":"","meta":[],"product_brand":[],"product_cat":[96,43,32,914],"product_tag":[],"class_list":{"0":"post-24834","1":"product","2":"type-product","3":"status-publish","4":"has-post-thumbnail","6":"product_cat-frankreich","7":"product_cat-illustrierte-buecher","8":"product_cat-literatur","9":"product_cat-zvab","11":"first","12":"instock","13":"purchasable","14":"product-type-simple"},"_links":{"self":[{"href":"https:\/\/antiquariat-steinbach.com\/rarebooks\/wp-json\/wp\/v2\/product\/24834","targetHints":{"allow":["GET"]}}],"collection":[{"href":"https:\/\/antiquariat-steinbach.com\/rarebooks\/wp-json\/wp\/v2\/product"}],"about":[{"href":"https:\/\/antiquariat-steinbach.com\/rarebooks\/wp-json\/wp\/v2\/types\/product"}],"version-history":[{"count":1,"href":"https:\/\/antiquariat-steinbach.com\/rarebooks\/wp-json\/wp\/v2\/product\/24834\/revisions"}],"predecessor-version":[{"id":24835,"href":"https:\/\/antiquariat-steinbach.com\/rarebooks\/wp-json\/wp\/v2\/product\/24834\/revisions\/24835"}],"wp:featuredmedia":[{"embeddable":true,"href":"https:\/\/antiquariat-steinbach.com\/rarebooks\/wp-json\/wp\/v2\/media\/24836"}],"wp:attachment":[{"href":"https:\/\/antiquariat-steinbach.com\/rarebooks\/wp-json\/wp\/v2\/media?parent=24834"}],"wp:term":[{"taxonomy":"product_brand","embeddable":true,"href":"https:\/\/antiquariat-steinbach.com\/rarebooks\/wp-json\/wp\/v2\/product_brand?post=24834"},{"taxonomy":"product_cat","embeddable":true,"href":"https:\/\/antiquariat-steinbach.com\/rarebooks\/wp-json\/wp\/v2\/product_cat?post=24834"},{"taxonomy":"product_tag","embeddable":true,"href":"https:\/\/antiquariat-steinbach.com\/rarebooks\/wp-json\/wp\/v2\/product_tag?post=24834"}],"curies":[{"name":"wp","href":"https:\/\/api.w.org\/{rel}","templated":true}]}}