{"id":24823,"date":"2026-03-12T00:20:09","date_gmt":"2026-03-11T23:20:09","guid":{"rendered":"https:\/\/antiquariat-steinbach.com\/rarebooks\/produkt\/quijote-mueller-hans-alexander-ein-paket-aus-salzburg-oder-hans-alexander-muellers-rueckkehr-nach-leipzig\/"},"modified":"2026-03-12T00:20:11","modified_gmt":"2026-03-11T23:20:11","slug":"quijote-mueller-hans-alexander-ein-paket-aus-salzburg-oder-hans-alexander-muellers-rueckkehr-nach-leipzig","status":"publish","type":"product","link":"https:\/\/antiquariat-steinbach.com\/rarebooks\/produkt\/quijote-mueller-hans-alexander-ein-paket-aus-salzburg-oder-hans-alexander-muellers-rueckkehr-nach-leipzig\/","title":{"rendered":"Quijote &#8211;   M\u00fcller, Hans Alexander. &#8211;  Ein Paket aus Salzburg oder Hans Alexander M\u00fcllers R\u00fcckkehr nach Leipzig."},"content":{"rendered":"<p>Leipzig, Bibliophilen Abend, 2004.<\/p>\n<p>45 : 33 cm. Two original woodcuts by Hans Alexander M\u00fcller, 1 leaf. Original boards.<\/p>\n<p>350,00 EUR<\/p>\n","protected":false},"excerpt":{"rendered":"<p>The two woodcuts by Hans Alexander M\u00fcller with the title: &#8218;Don Quijote erblickt das Meer&#8216; and &#8218;Don quijote stirbt&#8216; (&#8218;Don Quijote catch sight of the sea&#8216; and &#8218; Don Quijote dies&#8216;). &#8211; One of only 10 specimen copies.<\/p>\n","protected":false},"featured_media":24825,"template":"","meta":[],"product_brand":[],"product_cat":[317,371,148,914],"product_tag":[],"class_list":{"0":"post-24823","1":"product","2":"type-product","3":"status-publish","4":"has-post-thumbnail","6":"product_cat-kuenstlergraphik","7":"product_cat-quichote","8":"product_cat-spanien","9":"product_cat-zvab","11":"first","12":"instock","13":"purchasable","14":"product-type-simple"},"_links":{"self":[{"href":"https:\/\/antiquariat-steinbach.com\/rarebooks\/wp-json\/wp\/v2\/product\/24823","targetHints":{"allow":["GET"]}}],"collection":[{"href":"https:\/\/antiquariat-steinbach.com\/rarebooks\/wp-json\/wp\/v2\/product"}],"about":[{"href":"https:\/\/antiquariat-steinbach.com\/rarebooks\/wp-json\/wp\/v2\/types\/product"}],"version-history":[{"count":1,"href":"https:\/\/antiquariat-steinbach.com\/rarebooks\/wp-json\/wp\/v2\/product\/24823\/revisions"}],"predecessor-version":[{"id":24824,"href":"https:\/\/antiquariat-steinbach.com\/rarebooks\/wp-json\/wp\/v2\/product\/24823\/revisions\/24824"}],"wp:featuredmedia":[{"embeddable":true,"href":"https:\/\/antiquariat-steinbach.com\/rarebooks\/wp-json\/wp\/v2\/media\/24825"}],"wp:attachment":[{"href":"https:\/\/antiquariat-steinbach.com\/rarebooks\/wp-json\/wp\/v2\/media?parent=24823"}],"wp:term":[{"taxonomy":"product_brand","embeddable":true,"href":"https:\/\/antiquariat-steinbach.com\/rarebooks\/wp-json\/wp\/v2\/product_brand?post=24823"},{"taxonomy":"product_cat","embeddable":true,"href":"https:\/\/antiquariat-steinbach.com\/rarebooks\/wp-json\/wp\/v2\/product_cat?post=24823"},{"taxonomy":"product_tag","embeddable":true,"href":"https:\/\/antiquariat-steinbach.com\/rarebooks\/wp-json\/wp\/v2\/product_tag?post=24823"}],"curies":[{"name":"wp","href":"https:\/\/api.w.org\/{rel}","templated":true}]}}