{"id":24795,"date":"2026-03-12T00:18:56","date_gmt":"2026-03-11T23:18:56","guid":{"rendered":"https:\/\/antiquariat-steinbach.com\/rarebooks\/produkt\/poelnitz-goetz-freiherr-von-der-asiento-kaiser-karls-v-vom-28-mai-1552\/"},"modified":"2026-03-12T00:18:56","modified_gmt":"2026-03-11T23:18:56","slug":"poelnitz-goetz-freiherr-von-der-asiento-kaiser-karls-v-vom-28-mai-1552","status":"publish","type":"product","link":"https:\/\/antiquariat-steinbach.com\/rarebooks\/produkt\/poelnitz-goetz-freiherr-von-der-asiento-kaiser-karls-v-vom-28-mai-1552\/","title":{"rendered":"P\u00f6lnitz, G\u00f6tz Freiherr von. &#8211;  Der Asiento Kaiser Karls V. vom 28. Mai 1552."},"content":{"rendered":"<p>Freiburg &#8211; M\u00fcnchen, Alber, 1952.<\/p>\n<p>22,5 : 15 cm. Seiten 213 &#8211; 233. Original Broschur.<\/p>\n<p>15,00 EUR<\/p>\n","protected":false},"excerpt":{"rendered":"<p>Mit mehrzeiliger, eigenh\u00e4ndiger Widmung des Verfasser auf dem vorderen Umschlag. &#8211; Sondedrdruck aus historisches Jahrbuch, 74. Jahrgang.<\/p>\n","protected":false},"featured_media":24797,"template":"","meta":[],"product_brand":[],"product_cat":[74,97,914],"product_tag":[],"class_list":{"0":"post-24795","1":"product","2":"type-product","3":"status-publish","4":"has-post-thumbnail","6":"product_cat-deutschland","7":"product_cat-geschichte","8":"product_cat-zvab","10":"first","11":"instock","12":"purchasable","13":"product-type-simple"},"_links":{"self":[{"href":"https:\/\/antiquariat-steinbach.com\/rarebooks\/wp-json\/wp\/v2\/product\/24795","targetHints":{"allow":["GET"]}}],"collection":[{"href":"https:\/\/antiquariat-steinbach.com\/rarebooks\/wp-json\/wp\/v2\/product"}],"about":[{"href":"https:\/\/antiquariat-steinbach.com\/rarebooks\/wp-json\/wp\/v2\/types\/product"}],"version-history":[{"count":1,"href":"https:\/\/antiquariat-steinbach.com\/rarebooks\/wp-json\/wp\/v2\/product\/24795\/revisions"}],"predecessor-version":[{"id":24796,"href":"https:\/\/antiquariat-steinbach.com\/rarebooks\/wp-json\/wp\/v2\/product\/24795\/revisions\/24796"}],"wp:featuredmedia":[{"embeddable":true,"href":"https:\/\/antiquariat-steinbach.com\/rarebooks\/wp-json\/wp\/v2\/media\/24797"}],"wp:attachment":[{"href":"https:\/\/antiquariat-steinbach.com\/rarebooks\/wp-json\/wp\/v2\/media?parent=24795"}],"wp:term":[{"taxonomy":"product_brand","embeddable":true,"href":"https:\/\/antiquariat-steinbach.com\/rarebooks\/wp-json\/wp\/v2\/product_brand?post=24795"},{"taxonomy":"product_cat","embeddable":true,"href":"https:\/\/antiquariat-steinbach.com\/rarebooks\/wp-json\/wp\/v2\/product_cat?post=24795"},{"taxonomy":"product_tag","embeddable":true,"href":"https:\/\/antiquariat-steinbach.com\/rarebooks\/wp-json\/wp\/v2\/product_tag?post=24795"}],"curies":[{"name":"wp","href":"https:\/\/api.w.org\/{rel}","templated":true}]}}