{"id":2479,"date":"2026-03-12T00:06:16","date_gmt":"2026-03-11T23:06:16","guid":{"rendered":"http:\/\/antiquariat-steinbach.com\/rarebooks\/produkt\/jahrbuch-fuer-exlibris-und-gebrauchsgraphik\/"},"modified":"2026-03-12T00:06:18","modified_gmt":"2026-03-11T23:06:18","slug":"exlibris-oesterreichisches-jahrbuch-fuer-exlibris-und-gebrauchsgraphik","status":"publish","type":"product","link":"https:\/\/antiquariat-steinbach.com\/rarebooks\/produkt\/exlibris-oesterreichisches-jahrbuch-fuer-exlibris-und-gebrauchsgraphik\/","title":{"rendered":"Exlibris &#8211;   \u00d6sterreichisches: &#8211;  Jahrbuch f\u00fcr Exlibris und Gebrauchsgraphik."},"content":{"rendered":"<p>Wien, Selbstverlag der \u00f6sterreichischen Exlibris-Gesellschaft, 1933.<\/p>\n<p>Band 28. 32 : 24,5 cm. Titel, 31 Seiten mit vielen, teils montierten, teils farbigen Exlibris, davon mehrere in Originalgraphik. Illustrierter Original-Karton.<\/p>\n<p>100,00 EUR<\/p>\n","protected":false},"excerpt":{"rendered":"<p>Gibt einen guten \u00dcberblick \u00fcber die Exlibriskunst in \u00d6sterreich. Unter den graphischen Arbeiten eine Original-Radierung von Oskar Laske.<\/p>\n","protected":false},"featured_media":14469,"template":"","meta":[],"product_brand":[],"product_cat":[29,71,227,43,914],"product_tag":[],"class_list":{"0":"post-2479","1":"product","2":"type-product","3":"status-publish","4":"has-post-thumbnail","6":"product_cat-20-jahrhundert","7":"product_cat-austriaca","8":"product_cat-exlibris","9":"product_cat-illustrierte-buecher","10":"product_cat-zvab","12":"first","13":"instock","14":"purchasable","15":"product-type-simple"},"_links":{"self":[{"href":"https:\/\/antiquariat-steinbach.com\/rarebooks\/wp-json\/wp\/v2\/product\/2479","targetHints":{"allow":["GET"]}}],"collection":[{"href":"https:\/\/antiquariat-steinbach.com\/rarebooks\/wp-json\/wp\/v2\/product"}],"about":[{"href":"https:\/\/antiquariat-steinbach.com\/rarebooks\/wp-json\/wp\/v2\/types\/product"}],"version-history":[{"count":4,"href":"https:\/\/antiquariat-steinbach.com\/rarebooks\/wp-json\/wp\/v2\/product\/2479\/revisions"}],"predecessor-version":[{"id":19275,"href":"https:\/\/antiquariat-steinbach.com\/rarebooks\/wp-json\/wp\/v2\/product\/2479\/revisions\/19275"}],"wp:featuredmedia":[{"embeddable":true,"href":"https:\/\/antiquariat-steinbach.com\/rarebooks\/wp-json\/wp\/v2\/media\/14469"}],"wp:attachment":[{"href":"https:\/\/antiquariat-steinbach.com\/rarebooks\/wp-json\/wp\/v2\/media?parent=2479"}],"wp:term":[{"taxonomy":"product_brand","embeddable":true,"href":"https:\/\/antiquariat-steinbach.com\/rarebooks\/wp-json\/wp\/v2\/product_brand?post=2479"},{"taxonomy":"product_cat","embeddable":true,"href":"https:\/\/antiquariat-steinbach.com\/rarebooks\/wp-json\/wp\/v2\/product_cat?post=2479"},{"taxonomy":"product_tag","embeddable":true,"href":"https:\/\/antiquariat-steinbach.com\/rarebooks\/wp-json\/wp\/v2\/product_tag?post=2479"}],"curies":[{"name":"wp","href":"https:\/\/api.w.org\/{rel}","templated":true}]}}